{"id":99,"date":"2017-07-25T15:01:46","date_gmt":"2017-07-25T13:01:46","guid":{"rendered":"https:\/\/www.institut-systeme.de\/html?page_id=99"},"modified":"2019-07-25T12:16:02","modified_gmt":"2019-07-25T10:16:02","slug":"hypnotherapie-weiterbildung-m-e-g","status":"publish","type":"page","link":"https:\/\/www.institut-systeme.de\/html\/weiterbildung-meg-dgfs\/hypnotherapie-weiterbildung-m-e-g\/","title":{"rendered":"Hypnotherapie-Weiterbildung M.E.G."},"content":{"rendered":"<p>Das <strong>Bonner Milton Erickson Institut<\/strong> ist ein Weiterbildungsinstitut der <strong>Milton Erickson Gesellschaft<\/strong> (<a href=\"http:\/\/www.meg-hypnose.de\">www.meg-hypnose.de)<\/a> f\u00fcr den K\u00f6ln-Bonner Raum und Umgebung.<\/p>\n<p>Die M.E.G. organisiert j\u00e4hrlich im Fr\u00fchjahr die M.E.G. Jahrestagung in Bad Kissingen.<\/p>\n<p>Die M.E.G. bietet <strong>4 kontextspezifische Weiterbildungsg\u00e4nge<\/strong> f\u00fcr bestimmte Zielgruppen an, \u00a0je nach Grundberuf und Berufst\u00e4tigkeit.<br \/>\nHier in der Bonner Regionalstelle bieten wir diese 4 Curricula an.<\/p>\n<p><strong>Anne M. Lang<\/strong> ist Ausbilderin und Lehrsupervisorin der M.E.G. f\u00fcr alle 4 Curricula.<br \/>\nAls wissenschaftliche Fachgesellschaft vergibt die <strong>M.E.G. Zertifikate zu den Weiterbildungen.<\/strong><\/p>\n<p>Die M.E.G. unterst\u00fctzt eine <strong>Mailingliste &#8220;Hypnoliste&#8221;<\/strong> zum Fachaustausch. Sie erhalten dazu Zugang \u00fcber die M.E.G. Homepage und dort \u00fcber den Button &#8220;Fachaustausch&#8221;. Dann k\u00f6nnen Sie\u00a0 am kollegialen Austausch zur Fallbesprechung aktiv oder passiv teilnehmen.<\/p>\n","protected":false},"excerpt":{"rendered":"<p><a class=\"ninja_pages_read_more\"  href=\"https:\/\/www.institut-systeme.de\/html\/weiterbildung-meg-dgfs\/hypnotherapie-weiterbildung-m-e-g\/\"><\/a><\/p>\n","protected":false},"author":1,"featured_media":0,"parent":9,"menu_order":1,"comment_status":"closed","ping_status":"closed","template":"","meta":{"footnotes":""},"class_list":["post-99","page","type-page","status-publish","hentry"],"aioseo_notices":[],"_links":{"self":[{"href":"https:\/\/www.institut-systeme.de\/html\/wp-json\/wp\/v2\/pages\/99","targetHints":{"allow":["GET"]}}],"collection":[{"href":"https:\/\/www.institut-systeme.de\/html\/wp-json\/wp\/v2\/pages"}],"about":[{"href":"https:\/\/www.institut-systeme.de\/html\/wp-json\/wp\/v2\/types\/page"}],"author":[{"embeddable":true,"href":"https:\/\/www.institut-systeme.de\/html\/wp-json\/wp\/v2\/users\/1"}],"replies":[{"embeddable":true,"href":"https:\/\/www.institut-systeme.de\/html\/wp-json\/wp\/v2\/comments?post=99"}],"version-history":[{"count":7,"href":"https:\/\/www.institut-systeme.de\/html\/wp-json\/wp\/v2\/pages\/99\/revisions"}],"predecessor-version":[{"id":1671,"href":"https:\/\/www.institut-systeme.de\/html\/wp-json\/wp\/v2\/pages\/99\/revisions\/1671"}],"up":[{"embeddable":true,"href":"https:\/\/www.institut-systeme.de\/html\/wp-json\/wp\/v2\/pages\/9"}],"wp:attachment":[{"href":"https:\/\/www.institut-systeme.de\/html\/wp-json\/wp\/v2\/media?parent=99"}],"curies":[{"name":"wp","href":"https:\/\/api.w.org\/{rel}","templated":true}]}}