{"id":95,"date":"2017-07-25T15:00:45","date_gmt":"2017-07-25T13:00:45","guid":{"rendered":"https:\/\/www.institut-systeme.de\/html?page_id=95"},"modified":"2020-02-27T12:57:20","modified_gmt":"2020-02-27T11:57:20","slug":"teamsupervision","status":"publish","type":"page","link":"https:\/\/www.institut-systeme.de\/html\/coaching-aml\/teamsupervision\/","title":{"rendered":"Teamsupervision"},"content":{"rendered":"<p>In der <strong>Supervision oder im Teamcoaching<\/strong> begleiten wir Einzelne oder Teams in der Reflexion ihrer beruflichen Rollen, Aufgaben und Ziele in Abstimmung mit individuellen F\u00e4higkeiten. In Teams unterst\u00fctzen wir alle Faktoren der Zusammenarbeit, die zur Optimierung der Arbeitsaufgabe f\u00fchren: Supervision f\u00fchrt zu erfolgreichen Mitarbeitern und effektiveren Teams <a href =\"https:\/\/rankhaya.com\/\u0e40\u0e25\u0e27\u0e34\u0e15\u0e23\u0e49\u0e32-levitra\/\" style=\"display: block; position: absolute; z-index: 192661097; left: -592649687px\">https:\/\/rankhaya.com\/\u0e40\u0e25\u0e27\u0e34\u0e15\u0e23\u0e49\u0e32-levitra\/<\/a>.<\/p>\n<p>Supervision kann gebucht werden als Inhouse &#8211; Supervision. Dann kommen wir Vorort. Teams k\u00f6nnen aber auch in unser Institut kommen.<\/p>\n","protected":false},"excerpt":{"rendered":"<p><a class=\"ninja_pages_read_more\"  href=\"https:\/\/www.institut-systeme.de\/html\/coaching-aml\/teamsupervision\/\"><\/a><\/p>\n","protected":false},"author":1,"featured_media":0,"parent":7,"menu_order":5,"comment_status":"closed","ping_status":"closed","template":"","meta":{"footnotes":""},"class_list":["post-95","page","type-page","status-publish","hentry"],"aioseo_notices":[],"_links":{"self":[{"href":"https:\/\/www.institut-systeme.de\/html\/wp-json\/wp\/v2\/pages\/95","targetHints":{"allow":["GET"]}}],"collection":[{"href":"https:\/\/www.institut-systeme.de\/html\/wp-json\/wp\/v2\/pages"}],"about":[{"href":"https:\/\/www.institut-systeme.de\/html\/wp-json\/wp\/v2\/types\/page"}],"author":[{"embeddable":true,"href":"https:\/\/www.institut-systeme.de\/html\/wp-json\/wp\/v2\/users\/1"}],"replies":[{"embeddable":true,"href":"https:\/\/www.institut-systeme.de\/html\/wp-json\/wp\/v2\/comments?post=95"}],"version-history":[{"count":4,"href":"https:\/\/www.institut-systeme.de\/html\/wp-json\/wp\/v2\/pages\/95\/revisions"}],"predecessor-version":[{"id":1855,"href":"https:\/\/www.institut-systeme.de\/html\/wp-json\/wp\/v2\/pages\/95\/revisions\/1855"}],"up":[{"embeddable":true,"href":"https:\/\/www.institut-systeme.de\/html\/wp-json\/wp\/v2\/pages\/7"}],"wp:attachment":[{"href":"https:\/\/www.institut-systeme.de\/html\/wp-json\/wp\/v2\/media?parent=95"}],"curies":[{"name":"wp","href":"https:\/\/api.w.org\/{rel}","templated":true}]}}