{"id":85,"date":"2017-07-25T14:59:21","date_gmt":"2017-07-25T12:59:21","guid":{"rendered":"https:\/\/www.institut-systeme.de\/html?page_id=85"},"modified":"2019-03-13T16:15:37","modified_gmt":"2019-03-13T15:15:37","slug":"coachingthemen","status":"publish","type":"page","link":"https:\/\/www.institut-systeme.de\/html\/coaching-aml\/coachingthemen\/","title":{"rendered":"Coachingthemen"},"content":{"rendered":"<p>Es gibt fast kein Thema im Umfeld von Berufst\u00e4tigkeit und F\u00fchrung, das nicht schon im Laufe der Zeit den Weg in die AML Institute gefunden hat. Dabei besteht unser Vorgehen nicht darin, die bessere Weisheit zu haben als vielmehr darin, Fragen zu\u00a0 stellen, um Sie in ungewohnte Such- und Entdeckungsprozesse zu schicken, in denen dann die L\u00f6sungen von alleine entstehen.<\/p>\n<p>Psychologisches Handwerkzeug ist also das Kreieren der genau richtigen Fragen\/Frage-Interventionen, um wie von selbst eigene Antworten zu entdecken. Dieser Prozess scheint dann so &#8220;geheimnisvoll&#8221; wie evident. Mit dem Abstand des Coaches, mit seiner Kompetenz einer Prozessf\u00fchrung, die den Klienten abholt und in die Entwicklung begleitet, entsteht beim Klienten auch mehr Kompetenz und Sicherheit. Diese Entwicklung kann die L\u00f6sung einer Situation, aber auch das Erlernen neuen Umgehens in f\u00fcr ihn schwierigen Situationen bedeuten. Die psychologische Kunst dabei ist, thematisch &#8220;Drau\u00dfen&#8221; zu bleiben und dennoch dicht am Klienten und dessen Belangen dran zu sein. Es gilt, die Inhalte klar zu realisieren und daf\u00fcr den Prozess zu gestalten. <strong>Das Bonner Ressourcen Modell mit seinen 3 Dimensionen ist dabei sehr hilfreich.<\/strong><\/p>\n<p>Zu Beginn Ihres Coachings werden Ziel- und Auftragskl\u00e4rung gestaltet. Ihr Zeitplan, Ihre Rahmenbedingungen, die Prozessausrichtung werden besprochen.\u00a0 Sie bleiben der Herr\/Inhaber Ihres Coachings und wir bef\u00e4higen Sie zu dem, was in Ihnen steckt.<\/p>\n<p>&nbsp;<\/p>\n","protected":false},"excerpt":{"rendered":"<p><a class=\"ninja_pages_read_more\"  href=\"https:\/\/www.institut-systeme.de\/html\/coaching-aml\/coachingthemen\/\"><\/a><\/p>\n","protected":false},"author":1,"featured_media":0,"parent":7,"menu_order":3,"comment_status":"closed","ping_status":"closed","template":"","meta":{"footnotes":""},"class_list":["post-85","page","type-page","status-publish","hentry"],"aioseo_notices":[],"_links":{"self":[{"href":"https:\/\/www.institut-systeme.de\/html\/wp-json\/wp\/v2\/pages\/85","targetHints":{"allow":["GET"]}}],"collection":[{"href":"https:\/\/www.institut-systeme.de\/html\/wp-json\/wp\/v2\/pages"}],"about":[{"href":"https:\/\/www.institut-systeme.de\/html\/wp-json\/wp\/v2\/types\/page"}],"author":[{"embeddable":true,"href":"https:\/\/www.institut-systeme.de\/html\/wp-json\/wp\/v2\/users\/1"}],"replies":[{"embeddable":true,"href":"https:\/\/www.institut-systeme.de\/html\/wp-json\/wp\/v2\/comments?post=85"}],"version-history":[{"count":9,"href":"https:\/\/www.institut-systeme.de\/html\/wp-json\/wp\/v2\/pages\/85\/revisions"}],"predecessor-version":[{"id":1530,"href":"https:\/\/www.institut-systeme.de\/html\/wp-json\/wp\/v2\/pages\/85\/revisions\/1530"}],"up":[{"embeddable":true,"href":"https:\/\/www.institut-systeme.de\/html\/wp-json\/wp\/v2\/pages\/7"}],"wp:attachment":[{"href":"https:\/\/www.institut-systeme.de\/html\/wp-json\/wp\/v2\/media?parent=85"}],"curies":[{"name":"wp","href":"https:\/\/api.w.org\/{rel}","templated":true}]}}