{"id":83,"date":"2017-07-25T14:59:02","date_gmt":"2017-07-25T12:59:02","guid":{"rendered":"https:\/\/www.institut-systeme.de\/html?page_id=83"},"modified":"2018-11-21T12:43:23","modified_gmt":"2018-11-21T11:43:23","slug":"gruppencoaching","status":"publish","type":"page","link":"https:\/\/www.institut-systeme.de\/html\/coaching-aml\/coaching-settings\/gruppencoaching\/","title":{"rendered":"Gruppencoaching"},"content":{"rendered":"<p><strong>Gruppencoaching<\/strong><\/p>\n<p>Wir bieten Berufst\u00e4tigen mit gleichen Anforderungen einen Reflexionsraum f\u00fcr ihre Arbeitssituationen. Sie erweitern sich durch die Diskussion und Bearbeitung ihrer eingebrachten Fragen und auch durch die Fragen bzw. Anregungen der Gruppenkollegen.<\/p>\n<p>Gruppenteilnehmer k\u00f6nnen z.B. sein:<\/p>\n<ul>\n<li>F\u00fchrungskr\u00e4fte mit den vielf\u00e4ltigen F\u00fchrungs-Aufgaben<\/li>\n<li>Prozessmanager mit den Aufgaben, den Prozess und die Menschen zusammen zu bringen<\/li>\n<li>Selbst\u00e4ndige aus den verschiedenen Branchen mit ihren spezifischen Herausforderungen<\/li>\n<li>Coaches, die sich f\u00fcr ihre Auftragsthemen coachen &#8211; Coach the Coach<\/li>\n<\/ul>\n","protected":false},"excerpt":{"rendered":"<p><a class=\"ninja_pages_read_more\"  href=\"https:\/\/www.institut-systeme.de\/html\/coaching-aml\/coaching-settings\/gruppencoaching\/\"><\/a><\/p>\n","protected":false},"author":1,"featured_media":0,"parent":77,"menu_order":3,"comment_status":"closed","ping_status":"closed","template":"","meta":{"footnotes":""},"class_list":["post-83","page","type-page","status-publish","hentry"],"aioseo_notices":[],"_links":{"self":[{"href":"https:\/\/www.institut-systeme.de\/html\/wp-json\/wp\/v2\/pages\/83","targetHints":{"allow":["GET"]}}],"collection":[{"href":"https:\/\/www.institut-systeme.de\/html\/wp-json\/wp\/v2\/pages"}],"about":[{"href":"https:\/\/www.institut-systeme.de\/html\/wp-json\/wp\/v2\/types\/page"}],"author":[{"embeddable":true,"href":"https:\/\/www.institut-systeme.de\/html\/wp-json\/wp\/v2\/users\/1"}],"replies":[{"embeddable":true,"href":"https:\/\/www.institut-systeme.de\/html\/wp-json\/wp\/v2\/comments?post=83"}],"version-history":[{"count":7,"href":"https:\/\/www.institut-systeme.de\/html\/wp-json\/wp\/v2\/pages\/83\/revisions"}],"predecessor-version":[{"id":1116,"href":"https:\/\/www.institut-systeme.de\/html\/wp-json\/wp\/v2\/pages\/83\/revisions\/1116"}],"up":[{"embeddable":true,"href":"https:\/\/www.institut-systeme.de\/html\/wp-json\/wp\/v2\/pages\/77"}],"wp:attachment":[{"href":"https:\/\/www.institut-systeme.de\/html\/wp-json\/wp\/v2\/media?parent=83"}],"curies":[{"name":"wp","href":"https:\/\/api.w.org\/{rel}","templated":true}]}}