{"id":81,"date":"2017-07-25T14:58:45","date_gmt":"2017-07-25T12:58:45","guid":{"rendered":"https:\/\/www.institut-systeme.de\/html?page_id=81"},"modified":"2018-11-21T12:42:16","modified_gmt":"2018-11-21T11:42:16","slug":"teamcoaching","status":"publish","type":"page","link":"https:\/\/www.institut-systeme.de\/html\/coaching-aml\/coaching-settings\/teamcoaching\/","title":{"rendered":"Teamcoaching"},"content":{"rendered":"<p><strong>Teamcoaching &#8211; Teamsupervision<br \/>\n<\/strong><\/p>\n<p>Wir bieten f\u00fcr bestehende Teams Coaching bzw. Teamsupervision an.<\/p>\n<ul>\n<li>Dieses Produkt betrifft die Zusammenarbeit im Team und hilft, diese produktiver zu gestalten. So k\u00f6nnen die Ressourcen im Team deutlicher werden. Sie hilft auch, eventuelle Konflikte im Team zu benennen, als nat\u00fcrliche, unterschiedliche Bed\u00fcrfnisse zu sehen und deren Aufl\u00f6sung in Entwicklung zu regeln.<\/li>\n<li>Teamcoaching hei\u00dft in manchen Kontexten auch <strong>Teamsupervision<\/strong>. Die Supervision kann sowohl die Zusammenarbeit als auch die Arbeitsprodukte betreffen bzw. die Fallsupervision im Team z.B. in Kliniken, Praxen, Kanzleien oder Beratungsstellen.<\/li>\n<\/ul>\n","protected":false},"excerpt":{"rendered":"<p><a class=\"ninja_pages_read_more\"  href=\"https:\/\/www.institut-systeme.de\/html\/coaching-aml\/coaching-settings\/teamcoaching\/\"><\/a><\/p>\n","protected":false},"author":1,"featured_media":0,"parent":77,"menu_order":2,"comment_status":"closed","ping_status":"closed","template":"","meta":{"footnotes":""},"class_list":["post-81","page","type-page","status-publish","hentry"],"aioseo_notices":[],"_links":{"self":[{"href":"https:\/\/www.institut-systeme.de\/html\/wp-json\/wp\/v2\/pages\/81","targetHints":{"allow":["GET"]}}],"collection":[{"href":"https:\/\/www.institut-systeme.de\/html\/wp-json\/wp\/v2\/pages"}],"about":[{"href":"https:\/\/www.institut-systeme.de\/html\/wp-json\/wp\/v2\/types\/page"}],"author":[{"embeddable":true,"href":"https:\/\/www.institut-systeme.de\/html\/wp-json\/wp\/v2\/users\/1"}],"replies":[{"embeddable":true,"href":"https:\/\/www.institut-systeme.de\/html\/wp-json\/wp\/v2\/comments?post=81"}],"version-history":[{"count":8,"href":"https:\/\/www.institut-systeme.de\/html\/wp-json\/wp\/v2\/pages\/81\/revisions"}],"predecessor-version":[{"id":1115,"href":"https:\/\/www.institut-systeme.de\/html\/wp-json\/wp\/v2\/pages\/81\/revisions\/1115"}],"up":[{"embeddable":true,"href":"https:\/\/www.institut-systeme.de\/html\/wp-json\/wp\/v2\/pages\/77"}],"wp:attachment":[{"href":"https:\/\/www.institut-systeme.de\/html\/wp-json\/wp\/v2\/media?parent=81"}],"curies":[{"name":"wp","href":"https:\/\/api.w.org\/{rel}","templated":true}]}}