{"id":77,"date":"2017-07-25T14:58:13","date_gmt":"2017-07-25T12:58:13","guid":{"rendered":"https:\/\/www.institut-systeme.de\/html?page_id=77"},"modified":"2018-11-21T12:40:28","modified_gmt":"2018-11-21T11:40:28","slug":"coaching-settings","status":"publish","type":"page","link":"https:\/\/www.institut-systeme.de\/html\/coaching-aml\/coaching-settings\/","title":{"rendered":"Coaching-Settings"},"content":{"rendered":"<p><strong>Coaching-Setting<\/strong><\/p>\n<p>In der Regel findet Coaching im Einzelsetting statt. Wird es vom Coachee selbst privat veranlasst und ist dieser auch der zahlende Auftraggeber, dann ist das einleuchtend.<\/p>\n<p>Wird das Coaching von der Organisation veranlasst, dann ist die Organisation sozusagen mit im Raum u.U. mit einem Stuhl visualisiert. Ihre Perspektive und die spezielle Veranlassung ist zu kl\u00e4ren, da das auch f\u00fcr den Coachee wichtig ist. Es ist aus beider Perspektive wichtig zu wissen, was mit dem Coaching angestrebt wird. Zumindest zu Beginn, im Verlauf und zum Ende sind also die Perspektiven zusammenzutragen.<\/p>\n<p>Einer unserer Auftraggeber ist eine Organisation, die ihren wichtigsten F\u00fchrungskr\u00e4ften z.B. beim medizinischen Check-up ein Coaching empfiehlt. Steht da zu Beginn u.U. eine Belastungssituation am Arbeitsplatz, zeigen sich dadurch viele beruflichen Themen, die nat\u00fcrlich schnell in den Kern der Arbeit f\u00fchren. Diese Organisation bietet dieses Programm ihren F\u00fchrungskr\u00e4ften an, ohne dass ein Bericht an den Arbeitgeber formuliert werden muss. Dies gibt diesem beruflichen Coaching eine Effizienz ohne Vorbehalt.<\/p>\n","protected":false},"excerpt":{"rendered":"<p><a class=\"ninja_pages_read_more\"  href=\"https:\/\/www.institut-systeme.de\/html\/coaching-aml\/coaching-settings\/\"><\/a><\/p>\n","protected":false},"author":1,"featured_media":0,"parent":7,"menu_order":2,"comment_status":"closed","ping_status":"closed","template":"","meta":{"footnotes":""},"class_list":["post-77","page","type-page","status-publish","hentry"],"aioseo_notices":[],"_links":{"self":[{"href":"https:\/\/www.institut-systeme.de\/html\/wp-json\/wp\/v2\/pages\/77","targetHints":{"allow":["GET"]}}],"collection":[{"href":"https:\/\/www.institut-systeme.de\/html\/wp-json\/wp\/v2\/pages"}],"about":[{"href":"https:\/\/www.institut-systeme.de\/html\/wp-json\/wp\/v2\/types\/page"}],"author":[{"embeddable":true,"href":"https:\/\/www.institut-systeme.de\/html\/wp-json\/wp\/v2\/users\/1"}],"replies":[{"embeddable":true,"href":"https:\/\/www.institut-systeme.de\/html\/wp-json\/wp\/v2\/comments?post=77"}],"version-history":[{"count":7,"href":"https:\/\/www.institut-systeme.de\/html\/wp-json\/wp\/v2\/pages\/77\/revisions"}],"predecessor-version":[{"id":1114,"href":"https:\/\/www.institut-systeme.de\/html\/wp-json\/wp\/v2\/pages\/77\/revisions\/1114"}],"up":[{"embeddable":true,"href":"https:\/\/www.institut-systeme.de\/html\/wp-json\/wp\/v2\/pages\/7"}],"wp:attachment":[{"href":"https:\/\/www.institut-systeme.de\/html\/wp-json\/wp\/v2\/media?parent=77"}],"curies":[{"name":"wp","href":"https:\/\/api.w.org\/{rel}","templated":true}]}}