{"id":73,"date":"2017-07-25T14:57:36","date_gmt":"2017-07-25T12:57:36","guid":{"rendered":"https:\/\/www.institut-systeme.de\/html?page_id=73"},"modified":"2018-11-21T12:31:38","modified_gmt":"2018-11-21T11:31:38","slug":"hypno-kommunikation","status":"publish","type":"page","link":"https:\/\/www.institut-systeme.de\/html\/coaching-aml\/psychologische-verfahren\/hypno-kommunikation\/","title":{"rendered":"Hypno-Kommunikation"},"content":{"rendered":"<h3><strong>Hypno-Systemisches Coaching:\u00a0 <\/strong><strong>Ressourcenfokus\/L\u00f6sungsfokus-Beachtung bei hoher Pr\u00e4senz f\u00fcr die Situation. <\/strong><\/h3>\n<p>Klassischer Weise ist \u201eCoaching\u201c seit seiner Etablierung in den 90iger Jahren als Ma\u00dfnahme zur unterst\u00fctzenden Begleitungsreflexion von F\u00fchrungskr\u00e4ften definiert. In diesem Reflexionsraum zur Kompetenzerweiterung werden die verschiedenen psychologischen Ver\u00e4nderungsmodelle eingesetzt. Das Arbeitsinstrument im Coaching ist die Kommunikation und die Prozessf\u00fchrung.\u00a0 Hypno-Kommunikation hei\u00dft auch, die internen Suggestionen und pers\u00f6nlichen Fehlannahmen zu erkennen und aufzul\u00f6sen. Auch das angemessene Vorgehen f\u00fcr ein mentale gute resiliente Ausrichtung geh\u00f6rt hier hin. (Heute wird der Begriff &#8220;Coaching&#8221; auch im privaten Bereich f\u00fcr eine Begleitungsarbeit genutzt. Hier differiert die Qualit\u00e4t der Angebote in Bezug auf Ausbildung und Hintergrund der Anbieter sehr.)<\/p>\n<p><strong>Hier im Institut haben wir eine lange Tradition<\/strong> mit den traditionellen psychologischen Modellen <strong>und einen besonderen Schwerpunkt im systemischen und hypno-systemischen Vorgehen<\/strong>. Wir coachen seit 1995 und bilden seit 2003 Coaches und Berater aus in \u201eHypno-Systemischer Gespr\u00e4chsf\u00fchrung\u201c und \u201eRessourcenorientierter Beratung\u201c.<\/p>\n<p><strong>\u201eDas Bonner Ressourcen Modell\u201c: <\/strong><\/p>\n<p>im Bonner Institut wurde das <strong>\u201eBonner Ressourcen Modell\u201c<\/strong> entwickelt aus den Verfahren der L\u00f6sungsorientierung, des Systemischen Denkens\/Intervenierens und den Ericksonschen Ressourcenstrategien.\u00a0 Als kombiniertes Vorgehen verbindet es die St\u00e4rken dieser 3 Modelle. Das f\u00fchrt gerade in den oftmals komplexen Situationen im Coaching zur verst\u00e4rkten Unterst\u00fctzung.\u00a0 Die genannten Modelle dienen als Meta-Strategien f\u00fcr einen Prozess, der immer wieder in neue Perspektiven erweiternd fokussiert und diese\u00a0 gerade dadurch entstehen l\u00e4sst. Neben <strong>Prozessinstruktionen<\/strong> findet sich gleichfalls unterst\u00fctzend eine <strong>individuelle pers\u00f6nliche Ressourcenarbeit<\/strong>. Sie regt individuelle Entwicklungsschritte in inneren Suchprozessen an und bereichert damit den entstehenden Prozess-Strang. Eingebettet ist diese Arbeit in die notwendige <strong>systemische Sicht der komplexen Zusammenh\u00e4nge und Auftragssituationen. <\/strong><\/p>\n<p><strong>Settings:<\/strong><\/p>\n<p>wir sind in den Coachingpools regionaler Organisationen und Konzerne. Sie k\u00f6nnen uns aber auch direkt selbst anfragen <strong>in Einzelcoaching oder <\/strong><strong>Teamcoaching. <\/strong><strong>Unsere Mehrfachqualifizierung als Coaches-Psychologen-Psychotherapeuten<\/strong> nutzen viele F\u00fchrungskr\u00e4fte auch speziell<\/p>\n<ul>\n<li>zum Erlernen von <strong>Stressmanagement &#8211; <\/strong>dies in Einzel- und Gruppensitzungen z.B. im Stressbew\u00e4ltigungs-Seminar, das wir seit Jahren in Kooperation u.a. mit der Techniker Krankenkasse anbieten.<\/li>\n<li>in <strong><u>spezifischen Problem- u. Konfliktsituationen u. bei Entscheidungsfindungen<\/u><\/strong><\/li>\n<\/ul>\n<p>Auch einige <strong><u>Seminare der Weiterbildungs-S\u00e4ule<\/u><\/strong> des Instituts k\u00f6nnen f\u00fcr F\u00fchrungskr\u00e4fte interessant sein wie z.B. das Seminar: \u201eResilienz, Selbstmanagement und Mentales Training\u201c.<\/p>\n<p><strong><u>Gelegenheit f\u00fcr eine F\u00fchrungskraft<\/u><\/strong><strong>\u00a0<\/strong><\/p>\n<p>Seit 5 Jahren bietet Anne M. Lang im Rahmen unserer Weiterbildung \u201eHypnosystemische Kommunikation\u201c f\u00fcr Coaches und Berater nach M. Erickson das j\u00e4hrliche Seminar \u201eDemocoaching\u201c an. An den beiden Seminartagen erh\u00e4lt eine F\u00fchrungskraft ein kostenfreies Kompaktcoaching\u00a0 in 3\u00a0 Zeiteinheiten (je 2 st\u00fcndig) verteilt \u00fcber beide Seminartage. Sie werden in Anwesenheit der Seminarteilnehmer gecoacht. Diese lernen so kompakt einen Coachingprozess im Machen kennen und reflektieren in den Seminar-Zwischenzeiten die eingesetzte Methodik. Wenn Sie als F\u00fchrungskraft mit Personalverantwortung t\u00e4tig sind und Interesse haben, melden Sie sich gerne dazu an. Eine Voraussetzung f\u00fcr den Sinn des Seminars\u00a0 ist, dass Sie Frau Lang bislang unbekannt sind.<\/p>\n<p>Ebenso profitieren F\u00fchrungskr\u00e4fte auch von\u00a0 <strong><u>spezifischer Einzel- oder Gruppensupervision<\/u><\/strong> in besonderen Situationen wie z.B. schwierige Teamsituationen, Neueinstieg in eine Organisation oder Position, Umstrukturierungen mit Folgen, Umgang mit schwierigen Mitarbeitern, Mobbing, Trainieren spezifischer gew\u00fcnschter Kompetenz usw..<\/p>\n","protected":false},"excerpt":{"rendered":"<p><a class=\"ninja_pages_read_more\"  href=\"https:\/\/www.institut-systeme.de\/html\/coaching-aml\/psychologische-verfahren\/hypno-kommunikation\/\"><\/a><\/p>\n","protected":false},"author":1,"featured_media":0,"parent":69,"menu_order":2,"comment_status":"closed","ping_status":"closed","template":"","meta":{"footnotes":""},"class_list":["post-73","page","type-page","status-publish","hentry"],"aioseo_notices":[],"_links":{"self":[{"href":"https:\/\/www.institut-systeme.de\/html\/wp-json\/wp\/v2\/pages\/73","targetHints":{"allow":["GET"]}}],"collection":[{"href":"https:\/\/www.institut-systeme.de\/html\/wp-json\/wp\/v2\/pages"}],"about":[{"href":"https:\/\/www.institut-systeme.de\/html\/wp-json\/wp\/v2\/types\/page"}],"author":[{"embeddable":true,"href":"https:\/\/www.institut-systeme.de\/html\/wp-json\/wp\/v2\/users\/1"}],"replies":[{"embeddable":true,"href":"https:\/\/www.institut-systeme.de\/html\/wp-json\/wp\/v2\/comments?post=73"}],"version-history":[{"count":9,"href":"https:\/\/www.institut-systeme.de\/html\/wp-json\/wp\/v2\/pages\/73\/revisions"}],"predecessor-version":[{"id":1113,"href":"https:\/\/www.institut-systeme.de\/html\/wp-json\/wp\/v2\/pages\/73\/revisions\/1113"}],"up":[{"embeddable":true,"href":"https:\/\/www.institut-systeme.de\/html\/wp-json\/wp\/v2\/pages\/69"}],"wp:attachment":[{"href":"https:\/\/www.institut-systeme.de\/html\/wp-json\/wp\/v2\/media?parent=73"}],"curies":[{"name":"wp","href":"https:\/\/api.w.org\/{rel}","templated":true}]}}