{"id":69,"date":"2017-07-25T14:56:58","date_gmt":"2017-07-25T12:56:58","guid":{"rendered":"https:\/\/www.institut-systeme.de\/html?page_id=69"},"modified":"2018-11-21T10:13:11","modified_gmt":"2018-11-21T09:13:11","slug":"psychologische-verfahren","status":"publish","type":"page","link":"https:\/\/www.institut-systeme.de\/html\/coaching-aml\/psychologische-verfahren\/","title":{"rendered":"Psychologisches Coaching"},"content":{"rendered":"<p><strong>Coaching<\/strong> beruht auf den psychologischen Grundlagen der Kommunikation, psychologischer Methoden, einer psychologischen Gespr\u00e4chsf\u00fchrung mit entsprechender Feldkompetenz und Erfahrung im beruflichen Kontext. Als Dipl. Psychologen und Senior Coaches (BDP und DGSF) <strong>mit langj\u00e4hriger Berufs- und F\u00fchrungserfahrung<\/strong> verstehen wir das Format Coaching als spezielle Prozessrahmung in festgefahrener Situation. Wird diese perspektivisch erweitert und wieder dekomprimiert, beinhaltet sie immer ungenutzte Ansatzpunkte. Um das zu bewirken, sind wir systemisch versiert da: f\u00fcr Sie, f\u00fcr F\u00fchrungskr\u00e4fte, f\u00fcr Selbst\u00e4ndige und f\u00fcr Kollegen.<\/p>\n<p><strong>Coaching kann auch hei\u00dfen<\/strong>, eine Zeit lang einen Reflexionsraum zu haben f\u00fcr spezielle Fragestellungen, Aufgaben und Herausforderungen.<\/p>\n<p><strong>Schnittstellen-Coaching:<\/strong> Unsere breite fundierte Ausrichtung \u00fcber alle psychologischen Formate (Beratung, Supervision, Mediation, Psychotherapie u.a.) erlaubt das Erkennen und die Arbeit an ihren Schnittstellen, die immer in der Arbeit mit Menschen im Spiel sind.<\/p>\n<p>Frau Lang und die Kollegen im Team coachen F\u00fchrungskr\u00e4fte von Unternehmen, Verwaltung, Selbst\u00e4ndige und Freiberufler. Sie arbeiten mit den medizinischen Diensten von Organisationen zusammen, die u.U.\u00a0 F\u00fchrungskr\u00e4fte nach Check-ups auf uns verweisen.<\/p>\n","protected":false},"excerpt":{"rendered":"<p><a class=\"ninja_pages_read_more\"  href=\"https:\/\/www.institut-systeme.de\/html\/coaching-aml\/psychologische-verfahren\/\"><\/a><\/p>\n","protected":false},"author":1,"featured_media":0,"parent":7,"menu_order":1,"comment_status":"closed","ping_status":"closed","template":"","meta":{"footnotes":""},"class_list":["post-69","page","type-page","status-publish","hentry"],"aioseo_notices":[],"_links":{"self":[{"href":"https:\/\/www.institut-systeme.de\/html\/wp-json\/wp\/v2\/pages\/69","targetHints":{"allow":["GET"]}}],"collection":[{"href":"https:\/\/www.institut-systeme.de\/html\/wp-json\/wp\/v2\/pages"}],"about":[{"href":"https:\/\/www.institut-systeme.de\/html\/wp-json\/wp\/v2\/types\/page"}],"author":[{"embeddable":true,"href":"https:\/\/www.institut-systeme.de\/html\/wp-json\/wp\/v2\/users\/1"}],"replies":[{"embeddable":true,"href":"https:\/\/www.institut-systeme.de\/html\/wp-json\/wp\/v2\/comments?post=69"}],"version-history":[{"count":12,"href":"https:\/\/www.institut-systeme.de\/html\/wp-json\/wp\/v2\/pages\/69\/revisions"}],"predecessor-version":[{"id":1111,"href":"https:\/\/www.institut-systeme.de\/html\/wp-json\/wp\/v2\/pages\/69\/revisions\/1111"}],"up":[{"embeddable":true,"href":"https:\/\/www.institut-systeme.de\/html\/wp-json\/wp\/v2\/pages\/7"}],"wp:attachment":[{"href":"https:\/\/www.institut-systeme.de\/html\/wp-json\/wp\/v2\/media?parent=69"}],"curies":[{"name":"wp","href":"https:\/\/api.w.org\/{rel}","templated":true}]}}