{"id":67,"date":"2017-07-25T14:56:32","date_gmt":"2017-07-25T12:56:32","guid":{"rendered":"https:\/\/www.institut-systeme.de\/html?page_id=67"},"modified":"2017-09-08T13:57:08","modified_gmt":"2017-09-08T11:57:08","slug":"faq","status":"publish","type":"page","link":"https:\/\/www.institut-systeme.de\/html\/psychotherapie-aml\/faq\/","title":{"rendered":"FAQ"},"content":{"rendered":"<div  class=\"ewd-ufaq-faq-list ewd-ufaq-page-type-load_more ewd-ufaq-category-tabs-\" id='ewd-ufaq-faq-list'>\n\n\t<input type='hidden' name='show_on_load' value='' id='ewd-ufaq-show-on-load' \/>\n<input type='hidden' name='include_category' value='\u2019psychotherapie\u2019' id='ewd-ufaq-include-category' \/>\n<input type='hidden' name='exclude_category' value='' id='ewd-ufaq-exclude-category' \/>\n<input type='hidden' name='orderby' value='modified' id='ewd-ufaq-orderby' \/>\n<input type='hidden' name='order' value='desc' id='ewd-ufaq-order' \/>\n<input type='hidden' name='post_count' value='-1' id='ewd-ufaq-post-count' \/>\n<input type='hidden' name='current_url' value='\/html\/wp-json\/wp\/v2\/pages\/67' id='ewd-ufaq-current-url' \/>\n\t\n\t\n\t<div class='ewd-ufaq-faqs'>\n\n\t\t<div  class=\"ewd-ufaq-faq-div ewd-ufaq-faq-column-count-one ewd-ufaq-faq-responsive-columns- ewd-ufaq-faq-display-style-one ewd-ufaq-can-be-toggled\" id='ewd-ufaq-post-378-IAo7w4PLW7' data-post_id='378'>\n\n\t\t\n\t<div class='ewd-ufaq-faq-title ewd-ufaq-faq-toggle'>\n\t\n\t<a class='ewd-ufaq-post-margin'  href='#' role=\"button\">\n\n\t\t<div class='ewd-ufaq-post-margin-symbol ewd-ufaq-square'>\n\t\t\t<span >a<\/span>\n\t\t<\/div>\n\n\t\t<div class='ewd-ufaq-faq-title-text'>\n\n\t\t\t<h4>\n\t\t\t\tWas ist Hypnose?\t\t\t<\/h4>\n\n\t\t<\/div>\n\n\t\t<div class='ewd-ufaq-clear'><\/div>\n\n\t<\/a>\n\t\n<\/div>\n\t\n\t<div class='ewd-ufaq-faq-body ewd-ufaq-hidden' >\n\n\t\t\n\t\t\t\n\t\t\n\t\t\t<div class='ewd-ufaq-post-margin ewd-ufaq-faq-post'>\n\t<p>Hypnose ist die Anwendung von Trance-Induktionen in akuten F\u00e4llen, z.B. in Notsituationen der Medizin, beim Zahnarzt, bei med. Untersuchungen und Eingriffen<br \/>\nHypnose f\u00fchrt\u00a0 zu einer k\u00f6rperlich vegetativen Umschaltung und erzeugt eine nach innen fokussierte Aufmerksamkeit. Es kommt unter Hypnose zu einem Trancezustand, in dem andere Erlebnis- und Verarbeitungskan\u00e4le genutzt werden k\u00f6nnen als im Alltagszustand. Es findet sich eine h\u00f6here emotionale, mentale und psychische Flexibilit\u00e4t.<br \/>\nIn Trance werden innere Selbstheilungs- und Regenerationsm\u00f6glichkeiten in Gang gesetzt.<br \/>\nIn einer Hypnotherapie wird die therapeutische Kommunikation mit Ihnen gezielt genutzt, um ung\u00fcnstige Suggestionen aufzul\u00f6sen und g\u00fcnstige zu finden. Zu Beginn einer Behandlung werden Sie \u00fcber Hypnose und Hypnotherapie aufgekl\u00e4rt. Alles was in einer Psychotherapie geschieht und in einer Ziel- und Auftragskl\u00e4rung mit Ihnen individuell abgestimmt und vorbereitet wird, wird hypnotherapeutisch unterst\u00fctzt. Beim Einsatz eines Hypnoserituals erlebt man in der Umschaltung von au\u00dfen nach innen die therapeutischen Interventionen intensiver. Sie k\u00f6nnen sich zudem besser verankern und vernetzen<\/p>\n<p>\u00a0<\/p>\n<\/div>\n\t\t\n\t\t\t<div class='ewd-ufaq-faq-custom-fields'>\n\n\t\n<\/div>\n\t\t\n\t\t\t\n\t\t\n\t\t\t\n\t\t\n\t\t\t\n\t\t\n\t\t\t\n\t\t\n\t\t\t\n\t\t\n\t\t\t\n\t\t\n\t\t\t\n\t\t\n\t<\/div>\n\n<\/div><div  class=\"ewd-ufaq-faq-div ewd-ufaq-faq-column-count-one ewd-ufaq-faq-responsive-columns- ewd-ufaq-faq-display-style-one ewd-ufaq-can-be-toggled\" id='ewd-ufaq-post-2116-i8DKF3lRxf' data-post_id='2116'>\n\n\t\t\n\t<div class='ewd-ufaq-faq-title ewd-ufaq-faq-toggle'>\n\t\n\t<a class='ewd-ufaq-post-margin'  href='#' role=\"button\">\n\n\t\t<div class='ewd-ufaq-post-margin-symbol ewd-ufaq-square'>\n\t\t\t<span >a<\/span>\n\t\t<\/div>\n\n\t\t<div class='ewd-ufaq-faq-title-text'>\n\n\t\t\t<h4>\n\t\t\t\tWas ist hypno-systemische Psychotherapie?\t\t\t<\/h4>\n\n\t\t<\/div>\n\n\t\t<div class='ewd-ufaq-clear'><\/div>\n\n\t<\/a>\n\t\n<\/div>\n\t\n\t<div class='ewd-ufaq-faq-body ewd-ufaq-hidden' >\n\n\t\t\n\t\t\t\n\t\t\n\t\t\t<div class='ewd-ufaq-post-margin ewd-ufaq-faq-post'>\n\t<p>Sie bildet die Schnittstelle und Kombination von<\/p>\n<ul>\n<li>Systemischem Denken und Arbeiten<\/li>\n<li>Ericksonscher Hypnotherapie<\/li>\n<li>L\u00f6sungsfokussierter Vorgehensweise nach de Shazer<\/li>\n<\/ul>\n<p>Diese 3 Verfahren teilen die konstruktivistische Philosophie dar\u00fcber, wie St\u00f6rungen und wie Ver\u00e4nderungen und Entwicklungen\u00a0 entstehen. So sind sie in das <strong>Bonner Ressourcen Modell<\/strong>\u00a0 eingeflossen mit seinen 3 Dimensionen des Vorgehens in jeder Ver\u00e4nderungsarbeit, der der Psychotherapie, des Coachings und der Beratung.<\/p>\n<p>Die Anwendung \u201eCoaching\u201c wird in unserem DGSF zertifizierten Weiterbildungsgang \u201eHypno-systemisches Coaching\u201c im Baukasten gelehrt.<\/p>\n<\/div>\n\t\t\n\t\t\t<div class='ewd-ufaq-faq-custom-fields'>\n\n\t\n<\/div>\n\t\t\n\t\t\t\n\t\t\n\t\t\t\n\t\t\n\t\t\t\n\t\t\n\t\t\t\n\t\t\n\t\t\t\n\t\t\n\t\t\t\n\t\t\n\t\t\t\n\t\t\n\t<\/div>\n\n<\/div><div  class=\"ewd-ufaq-faq-div ewd-ufaq-faq-column-count-one ewd-ufaq-faq-responsive-columns- ewd-ufaq-faq-display-style-one ewd-ufaq-can-be-toggled\" id='ewd-ufaq-post-2115-S3E0NiPKSj' data-post_id='2115'>\n\n\t\t\n\t<div class='ewd-ufaq-faq-title ewd-ufaq-faq-toggle'>\n\t\n\t<a class='ewd-ufaq-post-margin'  href='#' role=\"button\">\n\n\t\t<div class='ewd-ufaq-post-margin-symbol ewd-ufaq-square'>\n\t\t\t<span >a<\/span>\n\t\t<\/div>\n\n\t\t<div class='ewd-ufaq-faq-title-text'>\n\n\t\t\t<h4>\n\t\t\t\tWas ist Hypnotherapie?\t\t\t<\/h4>\n\n\t\t<\/div>\n\n\t\t<div class='ewd-ufaq-clear'><\/div>\n\n\t<\/a>\n\t\n<\/div>\n\t\n\t<div class='ewd-ufaq-faq-body ewd-ufaq-hidden' >\n\n\t\t\n\t\t\t\n\t\t\n\t\t\t<div class='ewd-ufaq-post-margin ewd-ufaq-faq-post'>\n\t<ul>\n<li>Hypnotherapie ist die Anwendung von Hypnose in der Psychotherapie. Diese aber kann sehr unterschiedlich ausfallen, je nach dem Verfahren, indem sie integriert wird. So wird sie z.B. in die Verhaltenstherapie integriert, die Verhaltenstherapie bleibt und Hypnotherapie-Tools anwendet.<\/li>\n<li><strong>Eigenst\u00e4ndige Hypnotherapie nach Milton Erickson<\/strong><br \/>\nDiese ist eine eigenst\u00e4ndige Psychotherapie und als Kurzzeittherapie angelegt mit eigenem Vorgehen und Verlauf. Sie richtet sich nach dem Ericksonschen Vorgehen und ist insofern ein Vorgehen, das f\u00fcr jeden Klienten eine eigene Vorgehensart entwirft im Unterschied z.B. zu einem Vorgehen, das m\u00f6glichst standardisiert \u00a0evaluiert \u00a0vorgehen m\u00f6chte.\u00a0 In der Ericksonschen Hypnotherapie rahmt die Therapie eine Metavorgehensweise, die der\u00a0 Klient aktiv f\u00fcr sich nutzen kann und so intensiv \u00a0in \u00a0seiner Entwicklung unterst\u00fctzt wird.<\/li>\n<li>Ericksonsche Hypnotherapie besteht aus <strong><u>Konversationstrance<\/u><\/strong>, d.h. im Gespr\u00e4ch werden schon Suggestionen und Foki genutzt, die helfen. In Trance sogenannten <strong><u>Hypnose-Ritualen<\/u><\/strong> wird das in den Konversationstrancen aufbereitet und dann komprimiert nochmal im umgeschalteten Zustand angeboten. <strong><u>Selbsthypnose<\/u><\/strong> wird dabei gelehrt.<br \/>\nDa Ericksonsche Hypnotherapie hypnotisches Wissen auch auf die Gesamtsituation anlegt, arbeitet sie nicht \u201emit Diagnosen\u201c, sondern mit \u201edem Menschen\u201c , d.h. seinen M\u00f6glichkeiten, den Ausnahmen vom Problem und der Problemtrance \u00a0und seinen Ressourcen. Sie f\u00f6rdert und st\u00e4rkt daher die Resilienz.<\/li>\n<\/ul>\n<\/div>\n\t\t\n\t\t\t<div class='ewd-ufaq-faq-custom-fields'>\n\n\t\n<\/div>\n\t\t\n\t\t\t\n\t\t\n\t\t\t\n\t\t\n\t\t\t\n\t\t\n\t\t\t\n\t\t\n\t\t\t\n\t\t\n\t\t\t\n\t\t\n\t\t\t\n\t\t\n\t<\/div>\n\n<\/div><div  class=\"ewd-ufaq-faq-div ewd-ufaq-faq-column-count-one ewd-ufaq-faq-responsive-columns- ewd-ufaq-faq-display-style-one ewd-ufaq-can-be-toggled\" id='ewd-ufaq-post-1713-CQSCy55Ffs' data-post_id='1713'>\n\n\t\t\n\t<div class='ewd-ufaq-faq-title ewd-ufaq-faq-toggle'>\n\t\n\t<a class='ewd-ufaq-post-margin'  href='#' role=\"button\">\n\n\t\t<div class='ewd-ufaq-post-margin-symbol ewd-ufaq-square'>\n\t\t\t<span >a<\/span>\n\t\t<\/div>\n\n\t\t<div class='ewd-ufaq-faq-title-text'>\n\n\t\t\t<h4>\n\t\t\t\tWie hilft Hypnose\t\t\t<\/h4>\n\n\t\t<\/div>\n\n\t\t<div class='ewd-ufaq-clear'><\/div>\n\n\t<\/a>\n\t\n<\/div>\n\t\n\t<div class='ewd-ufaq-faq-body ewd-ufaq-hidden' >\n\n\t\t\n\t\t\t\n\t\t\n\t\t\t<div class='ewd-ufaq-post-margin ewd-ufaq-faq-post'>\n\t<p>Der unwillk\u00fcrliche Zustand in Hypnose ist ein Ressourcenzustand. Dies schon allein deshalb, weil unser K\u00f6rper unwillk\u00fcrlich die meisten K\u00f6rpervorg\u00e4nge selbst am besten steuert. Diese innere Unwillk\u00fcrlichkeit wird in Trance unterst\u00fctzt und ist hier oft verbunden mit Entspannung. \u00dcber Entspannung hinaus k\u00f6nnen wir aber auch unsere mentalen F\u00e4higkeiten in Trance noch besser nutzen, zumal sie sich in Trance ver\u00e4ndern. Wir k\u00f6nnen besser dissoziieren, assoziieren, erinnern, bildhaft denken, kreative Verbindungen erschaffen, uns in den Zeiten der Vergangenheitserinnerung und Zukunftsgestaltung bewegen. Deshalb wird Hypnose in allen Kontexten von Ver\u00e4nderung- und Entwicklungsarbeit genutzt sowie in der Medizin. Wir k\u00f6nnen dies auch lernen, in der Selbsthypnose anzuwenden.<\/p>\n<\/div>\n\t\t\n\t\t\t<div class='ewd-ufaq-faq-custom-fields'>\n\n\t\n<\/div>\n\t\t\n\t\t\t\n\t\t\n\t\t\t\n\t\t\n\t\t\t\n\t\t\n\t\t\t\n\t\t\n\t\t\t\n\t\t\n\t\t\t\n\t\t\n\t\t\t\n\t\t\n\t<\/div>\n\n<\/div><div  class=\"ewd-ufaq-faq-div ewd-ufaq-faq-column-count-one ewd-ufaq-faq-responsive-columns- ewd-ufaq-faq-display-style-one ewd-ufaq-can-be-toggled\" id='ewd-ufaq-post-1714-oBegMOCwE3' data-post_id='1714'>\n\n\t\t\n\t<div class='ewd-ufaq-faq-title ewd-ufaq-faq-toggle'>\n\t\n\t<a class='ewd-ufaq-post-margin'  href='#' role=\"button\">\n\n\t\t<div class='ewd-ufaq-post-margin-symbol ewd-ufaq-square'>\n\t\t\t<span >a<\/span>\n\t\t<\/div>\n\n\t\t<div class='ewd-ufaq-faq-title-text'>\n\n\t\t\t<h4>\n\t\t\t\tBei welchen Problemen hilft Hypnose?\t\t\t<\/h4>\n\n\t\t<\/div>\n\n\t\t<div class='ewd-ufaq-clear'><\/div>\n\n\t<\/a>\n\t\n<\/div>\n\t\n\t<div class='ewd-ufaq-faq-body ewd-ufaq-hidden' >\n\n\t\t\n\t\t\t\n\t\t\n\t\t\t<div class='ewd-ufaq-post-margin ewd-ufaq-faq-post'>\n\t<p>Der wissenschaftliche Beirat der Bundesregierung hat auf Grund der bisher durchgef\u00fchrten und gen\u00fcgend h\u00e4ufig vorgelegten wissenschaftlichen Studien Hypnose\/Hypnotherapie bei folgenden St\u00f6rungen bzw. Indikationen als wissenschaftliche Methode anerkannt: <strong>Psychische und soziale Faktoren bei somatischen Erkrankungen<\/strong> (F 54 nach ICD-10) sowie <strong>Abh\u00e4ngigkeiten und Missbrauch<\/strong> (F 1, F 55 nach ICD-10) (Raucherentw\u00f6hnung, Methadonentzug). Neben diesen mit ausreichenden Studien vorgelegten Indikationen, setzen Hypnotherapeuten Hypnose erfolgreich <strong>bei \u00c4ngsten, Depressionen und Traumabew\u00e4ltigung<\/strong> Mittlerweile gibt es kein therapeutisches Feld, das nicht davon profitiert. Die MEG f\u00f6rdert z.Z. eine Forschungsprofessur, um weitere Studien vorlegen zu k\u00f6nnen und damit den Erfolg des hypnotherapeutischen Ansatzes belegen zu k\u00f6nnen.<br \/>\nNeben den psychotherapeutischen Einsatz eignet sich die Hypnose auch im Bereich der <strong>Medizin<\/strong> bei Untersuchungen und Eingriffen, z.B. in der Zahnmedizin, bei Magenspiegelungen oder bei der Geburt.<\/p>\n<\/div>\n\t\t\n\t\t\t<div class='ewd-ufaq-faq-custom-fields'>\n\n\t\n<\/div>\n\t\t\n\t\t\t\n\t\t\n\t\t\t\n\t\t\n\t\t\t\n\t\t\n\t\t\t\n\t\t\n\t\t\t\n\t\t\n\t\t\t\n\t\t\n\t\t\t\n\t\t\n\t<\/div>\n\n<\/div><div  class=\"ewd-ufaq-faq-div ewd-ufaq-faq-column-count-one ewd-ufaq-faq-responsive-columns- ewd-ufaq-faq-display-style-one ewd-ufaq-can-be-toggled\" id='ewd-ufaq-post-382-C6uDV8Sq5X' data-post_id='382'>\n\n\t\t\n\t<div class='ewd-ufaq-faq-title ewd-ufaq-faq-toggle'>\n\t\n\t<a class='ewd-ufaq-post-margin'  href='#' role=\"button\">\n\n\t\t<div class='ewd-ufaq-post-margin-symbol ewd-ufaq-square'>\n\t\t\t<span >a<\/span>\n\t\t<\/div>\n\n\t\t<div class='ewd-ufaq-faq-title-text'>\n\n\t\t\t<h4>\n\t\t\t\tKann jede\/r in Trance gehen?\t\t\t<\/h4>\n\n\t\t<\/div>\n\n\t\t<div class='ewd-ufaq-clear'><\/div>\n\n\t<\/a>\n\t\n<\/div>\n\t\n\t<div class='ewd-ufaq-faq-body ewd-ufaq-hidden' >\n\n\t\t\n\t\t\t\n\t\t\n\t\t\t<div class='ewd-ufaq-post-margin ewd-ufaq-faq-post'>\n\t<p>Ja. Es ist eine menschliche F\u00e4higkeit umzuschalten, deshalb kann jeder in Trance gehen. Das geschieht durch die Rahmung der Hypnotherapeutin so unwillk\u00fcrlich, wie Sie auch unwillk\u00fcrlich einschlafen k\u00f6nnen.<\/p>\n<\/div>\n\t\t\n\t\t\t<div class='ewd-ufaq-faq-custom-fields'>\n\n\t\n<\/div>\n\t\t\n\t\t\t\n\t\t\n\t\t\t\n\t\t\n\t\t\t\n\t\t\n\t\t\t\n\t\t\n\t\t\t\n\t\t\n\t\t\t\n\t\t\n\t\t\t\n\t\t\n\t<\/div>\n\n<\/div>\n\t<\/div>\n\n\t\n<\/div>\n","protected":false},"excerpt":{"rendered":"<p>A Kann jede\/r in Trance gehen? Ja. Es ist eine menschliche F\u00e4higkeit umzuschalten, deshalb kann jeder in Trance gehen. Das geschieht durch die Rahmung der Hypnotherapeutin so unwillk\u00fcrlich, wie Sie auch unwillk\u00fcrlich einschlafen k\u00f6nnen.<\/p>\n","protected":false},"author":1,"featured_media":0,"parent":4,"menu_order":6,"comment_status":"closed","ping_status":"closed","template":"","meta":{"footnotes":""},"class_list":["post-67","page","type-page","status-publish","hentry"],"aioseo_notices":[],"_links":{"self":[{"href":"https:\/\/www.institut-systeme.de\/html\/wp-json\/wp\/v2\/pages\/67","targetHints":{"allow":["GET"]}}],"collection":[{"href":"https:\/\/www.institut-systeme.de\/html\/wp-json\/wp\/v2\/pages"}],"about":[{"href":"https:\/\/www.institut-systeme.de\/html\/wp-json\/wp\/v2\/types\/page"}],"author":[{"embeddable":true,"href":"https:\/\/www.institut-systeme.de\/html\/wp-json\/wp\/v2\/users\/1"}],"replies":[{"embeddable":true,"href":"https:\/\/www.institut-systeme.de\/html\/wp-json\/wp\/v2\/comments?post=67"}],"version-history":[{"count":4,"href":"https:\/\/www.institut-systeme.de\/html\/wp-json\/wp\/v2\/pages\/67\/revisions"}],"predecessor-version":[{"id":381,"href":"https:\/\/www.institut-systeme.de\/html\/wp-json\/wp\/v2\/pages\/67\/revisions\/381"}],"up":[{"embeddable":true,"href":"https:\/\/www.institut-systeme.de\/html\/wp-json\/wp\/v2\/pages\/4"}],"wp:attachment":[{"href":"https:\/\/www.institut-systeme.de\/html\/wp-json\/wp\/v2\/media?parent=67"}],"curies":[{"name":"wp","href":"https:\/\/api.w.org\/{rel}","templated":true}]}}