{"id":59,"date":"2017-07-25T14:55:00","date_gmt":"2017-07-25T12:55:00","guid":{"rendered":"https:\/\/www.institut-systeme.de\/html?page_id=59"},"modified":"2020-12-22T12:20:51","modified_gmt":"2020-12-22T11:20:51","slug":"privatversicherte","status":"publish","type":"page","link":"https:\/\/www.institut-systeme.de\/html\/psychotherapie-aml\/kostentraeger\/privatversicherte\/","title":{"rendered":"VT, TP, ST f\u00fcr Privatpatienten"},"content":{"rendered":"<h3>Richtlinienverfahren<\/h3>\n<p><strong>Verhaltenstherapie (VT)<\/strong> und<strong> Tiefenpsychologisch fundierte Psychotherapie (TP) und seit Sommer 2020 auch Systemische Therapie (ST)\u00a0<\/strong> sind die sogenannten Richtlinienverfahren, die von den Krankenkassen &#8211; gleich ob gesetzlich oder privat &#8211; bezahlt werden. Als erfahrene Dipl. Psych. und Psychologische PsychotherapeutInnen bieten wir beides an, Verhaltenstherapie und Tiefenpsychologisch fundierte Psychotherapie und auch Systemische Therapie. Dazu haben wir die Fachkunden und PT-Kammer Akkreditierungen in Durchf\u00fchrung und Lehre derselben.<br \/>\nVerfahren, die \u00fcber diese traditionellen Verfahren hinausgehen, die wir im Institut anwenden und auch im Weiterbildungsbereich lehren &#8211; z. B. Hypnotherapie und Hypno-Systemische\u00a0 Therapie &#8211; sind zwar ebenfalls wissenschaftlich anerkannt aber keine &#8211; weder private noch gesetzliche &#8211; Kassenleistungen.<\/p>\n<h3>Zur Bewilligung durch Ihre Privat-Krankenkasse:<\/h3>\n<p>Zun\u00e4chst ist wichtig, wie ihr Vertrag aussieht und welche Leistungen darin abgedeckt sind. Schauen Sie also im Vertrag nach. Die Privatkassen haben unterschiedliche Vertr\u00e4ge. So gibt es Privatkassen, die gleich ein bestimmtes Kontingent genehmigen, andere lassen das offen, andere schlie\u00dfen Psychotherapie sogar aus.<\/p>\n<h3>Beihilfe:<\/h3>\n<p>\u00dcber die Beihilfe ist eine Psychotherapie zu beantragen und wenn diese sie dann bewilligt, schlie\u00dft sich die PKK an. Wir haben auch schon Patienten gehabt, die allerdings dieses Beihilfe-Bewilligungsverfahren nicht eingehen wollten, da sie nicht wollten, dass \u00fcber die Arbeitsstelle bekannt wird, dass sie diese Leistung abrufen.<br \/>\nEbenso wollten andere Patienten nicht, dass ihre in Anspruch genommene Psychotherapieleistung in Folge erh\u00f6hte Versicherungsbeitr\u00e4ge oder Probleme bei anderen Versicherern wie Lebensversicherungen nach sich ziehen und zogen es vor, ihre Therapie selbst zu zahlen.<\/p>\n<h3>Der Bericht an den Gutachter:<\/h3>\n<p>F\u00fcr eine VT, TP, ST\u00a0 ist ein Berichtverfahren vorgeschrieben, zu dem Daten erhoben werden m\u00fcssen, die an einen Gutachter gehen. Dieser bewilligt dann die Therapie. Um dieses Gutachterverfahren durchzuf\u00fchren sind 5 probatorische Sitzungen vorgesehen, die im Voraus daf\u00fcr zu bewilligen sind. Des Weiteren ist wichtig zur Krankenkassen-Kosten-\u00dcbernahme, dass Ihre Dipl. Psych. und Psychologische Psychotherapeutin eine psychische Krankheitsdiagnose stellt.<\/p>\n<p>Wenn Sie dar\u00fcber hinaus weitere wissenschaftliche Verfahren wie Hypnotherapie oder Hypno-Systemische Therapie nutzen m\u00f6chten, fragen Sie danach. Sie finden auch im Praxisbereich der Homepage weitere Informationen zu unseren Therapieverfahren. Gesetzlich Versicherte informieren sich \u00fcber die M\u00f6glichkeit bei uns die Kostenerstattung zu beantragen.<\/p>\n","protected":false},"excerpt":{"rendered":"<p><a class=\"ninja_pages_read_more\"  href=\"https:\/\/www.institut-systeme.de\/html\/psychotherapie-aml\/kostentraeger\/privatversicherte\/\"><\/a><\/p>\n","protected":false},"author":1,"featured_media":0,"parent":57,"menu_order":1,"comment_status":"closed","ping_status":"closed","template":"","meta":{"footnotes":""},"class_list":["post-59","page","type-page","status-publish","hentry"],"aioseo_notices":[],"_links":{"self":[{"href":"https:\/\/www.institut-systeme.de\/html\/wp-json\/wp\/v2\/pages\/59","targetHints":{"allow":["GET"]}}],"collection":[{"href":"https:\/\/www.institut-systeme.de\/html\/wp-json\/wp\/v2\/pages"}],"about":[{"href":"https:\/\/www.institut-systeme.de\/html\/wp-json\/wp\/v2\/types\/page"}],"author":[{"embeddable":true,"href":"https:\/\/www.institut-systeme.de\/html\/wp-json\/wp\/v2\/users\/1"}],"replies":[{"embeddable":true,"href":"https:\/\/www.institut-systeme.de\/html\/wp-json\/wp\/v2\/comments?post=59"}],"version-history":[{"count":8,"href":"https:\/\/www.institut-systeme.de\/html\/wp-json\/wp\/v2\/pages\/59\/revisions"}],"predecessor-version":[{"id":2183,"href":"https:\/\/www.institut-systeme.de\/html\/wp-json\/wp\/v2\/pages\/59\/revisions\/2183"}],"up":[{"embeddable":true,"href":"https:\/\/www.institut-systeme.de\/html\/wp-json\/wp\/v2\/pages\/57"}],"wp:attachment":[{"href":"https:\/\/www.institut-systeme.de\/html\/wp-json\/wp\/v2\/media?parent=59"}],"curies":[{"name":"wp","href":"https:\/\/api.w.org\/{rel}","templated":true}]}}