{"id":55,"date":"2017-07-25T14:54:24","date_gmt":"2017-07-25T12:54:24","guid":{"rendered":"https:\/\/www.institut-systeme.de\/html?page_id=55"},"modified":"2018-11-20T13:14:07","modified_gmt":"2018-11-20T12:14:07","slug":"familientherapie","status":"publish","type":"page","link":"https:\/\/www.institut-systeme.de\/html\/psychotherapie-aml\/therapie-settings\/familientherapie\/","title":{"rendered":"Familientherapie"},"content":{"rendered":"<p>Bei Anfragen zur Kindertherapie &#8211; so z.B. auch zur Kinder-Hypnotherapie &#8211;\u00a0 findet das Erstgespr\u00e4ch mit den Erziehungsberechtigten und Eltern statt. Da wir davon ausgehen, dass nicht das Kind eine St\u00f6rung hat, sondern, dass sich die St\u00f6rung im Lebens-Gesamtzusammenhang entwickelt hat, wollen wir die Eltern als Co-Therapeuten mit im Boot haben. Oft zeigt sich dann, dass wir im Gesamtsystem und mit den Eltern mehr Ideen zur Behebung erhalten, als w\u00fcrden wir nur auf das Kind schauen.<\/p>\n<p>Bei Jugendlichen, die sich gerade abl\u00f6sen wollen, ist das Familiengespr\u00e4ch davon abh\u00e4ngig zu machen, wie sehr die Problematik chronifiziert ist und wie die Abl\u00f6sung eingesch\u00e4tzt wird. Familiengespr\u00e4ch zu Beginn, hei\u00dft nicht, dass dieses Setting so bleibt. Das entscheiden alle nach der ersten Sitzung. Es kann sein, dass wir dann nur zu wichtigen Prozesszeiten alle zusammenkommen.<\/p>\n<p>Wir helfen auch Familien in sp\u00e4teren Phasen bestimmte Fragen und Anliegen zu kl\u00e4ren. So arbeiten wir auch mit Familien mit Erwachsenenmitgliedern.<\/p>\n<p>&nbsp;<\/p>\n","protected":false},"excerpt":{"rendered":"<p><a class=\"ninja_pages_read_more\"  href=\"https:\/\/www.institut-systeme.de\/html\/psychotherapie-aml\/therapie-settings\/familientherapie\/\"><\/a><\/p>\n","protected":false},"author":1,"featured_media":0,"parent":47,"menu_order":3,"comment_status":"closed","ping_status":"closed","template":"","meta":{"footnotes":""},"class_list":["post-55","page","type-page","status-publish","hentry"],"aioseo_notices":[],"_links":{"self":[{"href":"https:\/\/www.institut-systeme.de\/html\/wp-json\/wp\/v2\/pages\/55","targetHints":{"allow":["GET"]}}],"collection":[{"href":"https:\/\/www.institut-systeme.de\/html\/wp-json\/wp\/v2\/pages"}],"about":[{"href":"https:\/\/www.institut-systeme.de\/html\/wp-json\/wp\/v2\/types\/page"}],"author":[{"embeddable":true,"href":"https:\/\/www.institut-systeme.de\/html\/wp-json\/wp\/v2\/users\/1"}],"replies":[{"embeddable":true,"href":"https:\/\/www.institut-systeme.de\/html\/wp-json\/wp\/v2\/comments?post=55"}],"version-history":[{"count":5,"href":"https:\/\/www.institut-systeme.de\/html\/wp-json\/wp\/v2\/pages\/55\/revisions"}],"predecessor-version":[{"id":1097,"href":"https:\/\/www.institut-systeme.de\/html\/wp-json\/wp\/v2\/pages\/55\/revisions\/1097"}],"up":[{"embeddable":true,"href":"https:\/\/www.institut-systeme.de\/html\/wp-json\/wp\/v2\/pages\/47"}],"wp:attachment":[{"href":"https:\/\/www.institut-systeme.de\/html\/wp-json\/wp\/v2\/media?parent=55"}],"curies":[{"name":"wp","href":"https:\/\/api.w.org\/{rel}","templated":true}]}}