{"id":49,"date":"2017-07-25T14:53:35","date_gmt":"2017-07-25T12:53:35","guid":{"rendered":"https:\/\/www.institut-systeme.de\/html?page_id=49"},"modified":"2020-11-25T10:03:53","modified_gmt":"2020-11-25T09:03:53","slug":"einzeltherapie","status":"publish","type":"page","link":"https:\/\/www.institut-systeme.de\/html\/psychotherapie-aml\/therapie-settings\/einzeltherapie\/","title":{"rendered":"Einzeltherapie"},"content":{"rendered":"<p>Sie ist bestimmt das \u00fcblichste Therapiesetting in den meisten Therapieverfahren.<\/p>\n<p>Auch in einer Systemischen Therapie verwenden wir oft ein Einzeltherapiesetting. Es kann aber gro\u00dfen Sinn machen, darauf zu achten, wie die Kommunikation in einem Symptomfall mit den relevanten Bezugspersonen ist. Diese aktuelle Interaktion ist dann in die Psychotherapie einzubeziehen.\u00a0 Damit sie pr\u00e4sent ber\u00fccksichtigt wird, hilft es, einem leeren Stuhl, der f\u00fcr die unterschiedlichen Perspektiven steht, bereitzustellen. Wenn wir systemische Veranschaulichungen machen, werden dabei nat\u00fcrlich die Beziehungsnetze\/-systeme in die Einzeltherapie einbezogen. Im Draufblick auf die Situation werden die relevanten Beziehungen deutlich.\u00a0 Durch einen so ge\u00e4nderten Fokus kann Systemische Therapie hilfreiche Optionen im Vorgehen er\u00f6ffnen.<\/p>\n<p>Auch Hypnotherapie ist \u00fcblicherweise als Einzeltherapie gedacht. Damit sie z.B. bei chronischen wie auch psychosomatischen St\u00f6rungen gut fruchtet, sind in jedem Falle die Bezugspersonen einzubeziehen. Je chronifizierter eine Situation ist, umso mehr haben die Symptome Auswirkungen auf die anderen und das ist f\u00fcr eine gute Entwicklung zu ber\u00fccksichtigen.<\/p>\n<p>&nbsp;<\/p>\n","protected":false},"excerpt":{"rendered":"<p><a class=\"ninja_pages_read_more\"  href=\"https:\/\/www.institut-systeme.de\/html\/psychotherapie-aml\/therapie-settings\/einzeltherapie\/\"><\/a><\/p>\n","protected":false},"author":1,"featured_media":0,"parent":47,"menu_order":0,"comment_status":"closed","ping_status":"closed","template":"","meta":{"footnotes":""},"class_list":["post-49","page","type-page","status-publish","hentry"],"aioseo_notices":[],"_links":{"self":[{"href":"https:\/\/www.institut-systeme.de\/html\/wp-json\/wp\/v2\/pages\/49","targetHints":{"allow":["GET"]}}],"collection":[{"href":"https:\/\/www.institut-systeme.de\/html\/wp-json\/wp\/v2\/pages"}],"about":[{"href":"https:\/\/www.institut-systeme.de\/html\/wp-json\/wp\/v2\/types\/page"}],"author":[{"embeddable":true,"href":"https:\/\/www.institut-systeme.de\/html\/wp-json\/wp\/v2\/users\/1"}],"replies":[{"embeddable":true,"href":"https:\/\/www.institut-systeme.de\/html\/wp-json\/wp\/v2\/comments?post=49"}],"version-history":[{"count":10,"href":"https:\/\/www.institut-systeme.de\/html\/wp-json\/wp\/v2\/pages\/49\/revisions"}],"predecessor-version":[{"id":2145,"href":"https:\/\/www.institut-systeme.de\/html\/wp-json\/wp\/v2\/pages\/49\/revisions\/2145"}],"up":[{"embeddable":true,"href":"https:\/\/www.institut-systeme.de\/html\/wp-json\/wp\/v2\/pages\/47"}],"wp:attachment":[{"href":"https:\/\/www.institut-systeme.de\/html\/wp-json\/wp\/v2\/media?parent=49"}],"curies":[{"name":"wp","href":"https:\/\/api.w.org\/{rel}","templated":true}]}}