{"id":47,"date":"2017-07-25T14:53:11","date_gmt":"2017-07-25T12:53:11","guid":{"rendered":"https:\/\/www.institut-systeme.de\/html?page_id=47"},"modified":"2018-11-20T12:00:46","modified_gmt":"2018-11-20T11:00:46","slug":"therapie-settings","status":"publish","type":"page","link":"https:\/\/www.institut-systeme.de\/html\/psychotherapie-aml\/therapie-settings\/","title":{"rendered":"Therapie-Settings"},"content":{"rendered":"<p><strong>Traditionell<\/strong> wird eine Psychotherapie im Einzelkontakt zwischen PatientIn\/KlientIn und der PsychotherapeutIn gestaltet. Dieses Vorgehen erw\u00e4chst aus der analytischen Tradition mit ihren Hypothesen f\u00fcr eine psychotherapeutische Arbeit. Es erw\u00e4chst auch aus unserer kulturellen Idee von gesch\u00fctztem personalem Raum.<\/p>\n<p><strong>Systemisches Denken erweiterte aber sinnvoller Weise den Fokus auf die Gesamtsituation.\u00a0 <\/strong>Die meisten Themen\/Symptome finden in Beziehungen statt und werden dort &#8211; unbeabsichtigt &#8211; aufrechterhalten. Dort treten sie auf, dort finden sie statt und dort werden sie interaktiv und kommunikativ aufrechterhalten. Diese systemische Setting-Erweiterung f\u00fchrt zu vielf\u00e4ltigen hilfreichen Perspektiven.<\/p>\n<p><strong>Bei Kindern<\/strong> ist das Einbeziehen der Eltern und Geschwister besonders einsichtig, ebenso <strong>bei Partner-\/Beziehungsproblemen, sowie Familienthemen<\/strong>.<\/p>\n<p><strong>Aber auch bei einer chronischen Einzel-Diagnose<\/strong> sind die Bezugspersonen immer mit betroffen, ungewollt mit einbezogen, ungewollt mit agierend aufrechterhaltend. Da macht es gro\u00dfen Sinn, die Partner mit in die Therapie einzubeziehen.<\/p>\n<p><strong>Das Setting e<\/strong><strong>iner therapeutisch geleitete Gruppe<\/strong> kann zudem mit ihren verschiedenen Perspektiven eine starke Ressource sein.<\/p>\n","protected":false},"excerpt":{"rendered":"<p><a class=\"ninja_pages_read_more\"  href=\"https:\/\/www.institut-systeme.de\/html\/psychotherapie-aml\/therapie-settings\/\"><\/a><\/p>\n","protected":false},"author":1,"featured_media":0,"parent":4,"menu_order":1,"comment_status":"closed","ping_status":"closed","template":"","meta":{"footnotes":""},"class_list":["post-47","page","type-page","status-publish","hentry"],"aioseo_notices":[],"_links":{"self":[{"href":"https:\/\/www.institut-systeme.de\/html\/wp-json\/wp\/v2\/pages\/47","targetHints":{"allow":["GET"]}}],"collection":[{"href":"https:\/\/www.institut-systeme.de\/html\/wp-json\/wp\/v2\/pages"}],"about":[{"href":"https:\/\/www.institut-systeme.de\/html\/wp-json\/wp\/v2\/types\/page"}],"author":[{"embeddable":true,"href":"https:\/\/www.institut-systeme.de\/html\/wp-json\/wp\/v2\/users\/1"}],"replies":[{"embeddable":true,"href":"https:\/\/www.institut-systeme.de\/html\/wp-json\/wp\/v2\/comments?post=47"}],"version-history":[{"count":7,"href":"https:\/\/www.institut-systeme.de\/html\/wp-json\/wp\/v2\/pages\/47\/revisions"}],"predecessor-version":[{"id":1090,"href":"https:\/\/www.institut-systeme.de\/html\/wp-json\/wp\/v2\/pages\/47\/revisions\/1090"}],"up":[{"embeddable":true,"href":"https:\/\/www.institut-systeme.de\/html\/wp-json\/wp\/v2\/pages\/4"}],"wp:attachment":[{"href":"https:\/\/www.institut-systeme.de\/html\/wp-json\/wp\/v2\/media?parent=47"}],"curies":[{"name":"wp","href":"https:\/\/api.w.org\/{rel}","templated":true}]}}