{"id":436,"date":"2018-06-08T11:56:58","date_gmt":"2018-06-08T09:56:58","guid":{"rendered":"https:\/\/www.institut-systeme.de\/html?page_id=436"},"modified":"2020-03-11T16:49:38","modified_gmt":"2020-03-11T15:49:38","slug":"ericksonsche-hypnotherapie-kompakt","status":"publish","type":"page","link":"https:\/\/www.institut-systeme.de\/html\/psychotherapie-aml\/psychotherapie-verfahren\/ericksonsche-hypnotherapie-kompakt\/","title":{"rendered":"Ericksonsche Hypnotherapie &#8211; kompakt"},"content":{"rendered":"<p>Als <strong>eigenst\u00e4ndige Psychotherapieform<\/strong> bieten wir \u201e<strong>Ericksonsche Hypnotherapie<\/strong>\u201c an. Dies au\u00dferhalb und neben den beiden Richtlinien-Psychotherapieverfahren Verhaltenstherapie und Tiefenpsychologischer Psychotherapie, die wir hier seit 40 Jahren praktizieren.<\/p>\n<p><strong>Hypnose<\/strong> ist die Ma\u00dfnahme, einen anderen Menschen in einen umgeschalteten Zustand der Trance &#8211; meist herk\u00f6mmlich ebenfalls auch Hypnose genannt &#8211; zu versetzen. Dazu werden bestimmte Rituale verwendet, die diese biologische F\u00e4higkeit von Menschen, in Trance zu gehen, hervorrufen.<\/p>\n<p>Hypnose findet immer <strong>in einem Kontext<\/strong> d.h. einer bestimmten Situation statt. Diese Situation pr\u00e4gt stark mit, wie die Hypnose abl\u00e4uft und wirkt. So unterscheiden wir die medizinische Hypnose z.B. f\u00fcr die Zahnarztbehandlung, bei \u00e4rztlichen Untersuchungen und Eingriffen, die Kommunikationstrance im Gespr\u00e4ch und mentale Ausrichtung z.B. beim Coaching und Sportcoaching und wir unterscheiden die Hypnotherapie als Psychotherapie.<\/p>\n<p>Die <strong>Hypnotherapie<\/strong> arbeitet weniger \u00fcber ein Krankheitsverst\u00e4ndnis durch psychische Diagnosen, sondern mit den Bew\u00e4ltigungskompetenzen von Menschen, die vorausgesetzt werden und in der Therapie stark gef\u00f6rdert werden. Dies beginnt in der momentanen Krisensituation oder Erkrankung und wirkt nachhaltig auch im weiteren Umgang mit sich selbst. Hypnotherapie arbeitet mit direkten und indirekten Hypnosen und Trancezust\u00e4nden. Sie setzt die therapeutische Aufkl\u00e4rung und Abkl\u00e4rung &#8211; \u201eWozu\u201c und \u201eWof\u00fcr\u201c Hypnose &#8211; im meist 2-st\u00fcndigem Erstgespr\u00e4ch voraus.<\/p>\n<p>Wie jede andere Psychotherapie schlie\u00dft auch die Hypnotherapie parallele Psychotherapien aus. Wenn Sie sich in einer anderen Psychotherapie befinden, k\u00f6nnen Sie sich aber an unserer Selbsthypnose-Lerngruppe beteiligen.<\/p>\n<h3>Einsatz<\/h3>\n<p>Folgendes Video zeigt den Einsatz bei dem Symptom Gewichtsregulation. Analog ist das Vorgehen bei jedem anderen psychischen und psychosomatischen Symptom.<\/p>\n<div class=\"brlbs-cmpnt-container brlbs-cmpnt-content-blocker brlbs-cmpnt-with-individual-styles\" data-borlabs-cookie-content-blocker-id=\"youtube-content-blocker\" data-borlabs-cookie-content=\"PGlmcmFtZSBzcmM9Imh0dHBzOi8vd3d3LnlvdXR1YmUtbm9jb29raWUuY29tL2VtYmVkL3NBM0JYSy1UcDcwP3JlbD0wIiB3aWR0aD0iNTYwIiBoZWlnaHQ9IjMxNSIgZnJhbWVib3JkZXI9IjAiIGFsbG93ZnVsbHNjcmVlbj0iYWxsb3dmdWxsc2NyZWVuIj48L2lmcmFtZT4=\">\n<div class=\"brlbs-cmpnt-cb-preset-c brlbs-cmpnt-cb-youtube\">\n<div class=\"brlbs-cmpnt-cb-thumbnail\" style=\"background-image: url('https:\/\/www.institut-systeme.de\/html\/wp-content\/uploads\/borlabs-cookie\/1\/yt_sA3BXK-Tp70_hqdefault.jpg')\"><\/div>\n<div class=\"brlbs-cmpnt-cb-main\">\n<div class=\"brlbs-cmpnt-cb-play-button\"><\/div>\n<div class=\"brlbs-cmpnt-cb-content\">\n<p class=\"brlbs-cmpnt-cb-description\">Sie sehen gerade einen Platzhalterinhalt von <strong>YouTube<\/strong>. Um auf den eigentlichen Inhalt zuzugreifen, klicken Sie auf die Schaltfl\u00e4che unten. Bitte beachten Sie, dass dabei Daten an Drittanbieter weitergegeben werden.<\/p>\n<p> <a class=\"brlbs-cmpnt-cb-provider-toggle\" href=\"#\" data-borlabs-cookie-show-provider-information role=\"button\">Mehr Informationen<\/a> <\/div>\n<div class=\"brlbs-cmpnt-cb-buttons\"> <a class=\"brlbs-cmpnt-cb-btn\" href=\"#\" data-borlabs-cookie-unblock role=\"button\">Inhalt entsperren<\/a> <a class=\"brlbs-cmpnt-cb-btn\" href=\"#\" data-borlabs-cookie-accept-service role=\"button\" style=\"display: inherit\">Erforderlichen Service akzeptieren und Inhalte entsperren<\/a> <\/div>\n<\/p><\/div>\n<\/p><\/div>\n<\/div>\n<p>Von unseren approbierten Therapeuten wird die Hypnose im Behandlungskontext als <strong>Intervention zur Unterst\u00fctzung der Behandlung<\/strong> eingesetzt. Sie bietet sich bei allen psychischen und psychosomatischen Erkrankungen an, auch in F\u00e4llen, in denen schon einiges andere versucht wurde bzw. andere Therapien mit ihren Ver\u00e4nderungstheorien an ihre Grenzen gekommen sind.<\/p>\n<p>In <strong>Zahnmedizin und Medizin<\/strong> wird Hypnose eingesetzt, um z.B. medizinische Untersuchungen und Eingriffe \u00fcberhaupt erst m\u00f6glich und dann ohne bzw. mit wesentlich geringerer Medikation durchf\u00fchrbar zu machen. Die Wundheilung erfolgt in Hypnose weitaus besser. In der Zeit vor der Entwicklung von An\u00e4sthetika war Hypnose das Mittel der Wahl.<\/p>\n<p>Im <strong>Kontext der Psychotherapie<\/strong> finden wir eine Situation vor, in dem der <strong>Trancezustand der Hypnose<\/strong> als <strong>Ressourcenzustand<\/strong> f\u00fcr Ver\u00e4nderung sehr gut wirksam gemacht wird. In einer Psychotherapie geht es darum, Menschen wieder zu bef\u00e4higen, ihre psychischen Probleme gestaltend anzugehen &#8211;\u00a0 sich sogar \u00fcber deren L\u00f6sung selbst weiter zu entwickeln. Approbierte Psychotherapeuten garantieren in der Hypnotherapie die Integrit\u00e4t des Menschen zu achten. Es bedarf, um Hypnose hilfreich einzusetzen, einer fundierten zugrundeliegenden Psychotherapieausbildung und m\u00f6glichst breiten Psychotherapie-Praxis und Erfahrung.<\/p>\n<p><strong>Hypnotherapie<\/strong> ist die Anwendung von Hypnose in einer Psychotherapie. Viele Kollegen, die hier am Milton Erickson Institut Hypnose lernen, setzen Hypnose in der Verhaltenstherapie oder Tiefenpsychologischen Psychotherapie ein und integrieren sie in ihr dortiges Vorgehen. Dabei bleibt der Rahmen des gesamten Vorgehens verhaltenstherapeutisch bzw. tiefenpsychologisch. Psychotherapeuten kl\u00e4ren vor dem Einsatz von Hypnose immer zuerst dar\u00fcber auf und gehen dann verantwortlich mit dieser Intervention um.<\/p>\n<p><strong>Ericksonsche Hypnotherapie<\/strong>: Diese eigenst\u00e4ndige Therapieform z\u00e4hlt zu den Kurzzeittherapien. Die Kurzzeittherapie hat eine andere Therapierahmung und bekommt dadurch einen anderen Prozessverlauf. Statt wie in traditionellen Verfahren\u00a0 w\u00f6chentliche Sitzung \u00fcber einen l\u00e4ngeren Zeitraum zu nehmen, bestimmt hier der in Gang kommende Prozess den Verlauf. Ver\u00e4nderungen &#8211; wie unscheinbar klein sie auch immer einem vorkommen m\u00f6gen \u2013 werden vorbereitet und fokussiert. Hypnotherapie erhebt und betont weniger die Defizite einer Person, als ihre Absichten, W\u00fcnsche und Ziele. Jede Ver\u00e4nderung beginnt mit der Vorstellung, dass diese m\u00f6glich ist.<\/p>\n<p>Bei Ericksonscher Hypnotherapie kommen sowohl die sogenannte Konversations-Trance, also der Einsatz von indirekter g\u00fcnstiger Hypnosekommunikation (zur Vor-, Nachbereitung und Einbettung von Hypnose) als auch formale Hypnose mit Trance-Ritualen selbst zum Einsatz. Therapeutin und Klientin sind automatisch in einem so begleiteten Prozess aktiv und schon in der Therapie sind andere M\u00f6glichkeiten, Seiten, Perspektiven und \u201eWirklichkeiten\u201c f\u00fcr die Klienten erlebbar. Diese zeigen sich dann weiter in ge\u00e4nderten Vorannahmen f\u00fcr Denken und Empfinden, von Handeln und Ausprobieren und insgesamt in einem Gewinn an Resilienz und Selbstvertrauen f\u00fcr zuk\u00fcnftige Situationen.<br \/>\n<a href=\"https:\/\/hypnose.de\/artikel\/mit-hypnose-zum-wunschgewicht\/\" target=\"_blank\" rel=\"noopener noreferrer\">https:\/\/hypnose.de\/artikel\/mit-hypnose-zum-wunschgewicht\/<\/a><\/p>\n<p>In der<strong> Instituts-Praxis des Milton Erickson Instituts<\/strong> bieten wir sowohl Hypnotherapie als auch Ericksonsche Hypnotherapie an. Anne M. Lang bietet zudem 2 mal im Jahr die 5 Abende umfassende <strong>Ressourcengruppen<\/strong> an, in der Sie lernen k\u00f6nnen, <strong>Selbsthypnose<\/strong> zu praktizieren und Ihre Ver\u00e4nderungswege zu unterst\u00fctzen.<\/p>\n<h3>Psychotherapieverlauf<\/h3>\n<p><strong>1.te Sitzung<\/strong> <strong>1-2 st\u00fcndig<\/strong>: Zum direkten Einstieg in den Ver\u00e4nderungsprozess von Beginn an ist vor allem das genaue hypnotische Kl\u00e4ren des Therapieauftrages und Ziels sowie der relevanten hypnotischen Ver\u00e4nderungsvariablen wichtig. Hypnotherapie beginnt also schon in der ersten Sitzung in der Konversations-Hypnose und Sie nehmen schon erste hilfreiche Ver\u00e4nderungserfahrungen mit.<\/p>\n<p><strong>2.te Sitzung<\/strong>: Gespr\u00e4chsteil und Hypnoseteil: 1 st\u00fcndig &#8211; Fokuserfassung und Hypnose(ggf. Aufnahme der Hypnose auf Band -z.B. Handy- f\u00fcr Ihre individuelle Ver\u00e4nderungsarbeit zu Hause)<\/p>\n<p><strong>3.te Sitzung<\/strong>: Gespr\u00e4chsteil und Hypnoseteil: 1 st\u00fcndig &#8211; Verlaufserfassung der beginnenden Ver\u00e4nderungen und weitere Hypnose-Interventionen (ggf. Aufnahme s.o.)<\/p>\n<p><strong>4.te Sitzung<\/strong>: Gespr\u00e4chsteil und Hypnoseteil: 1 st\u00fcndig \u2013 Verlaufserfassung des Prozesses und Hypnose-Interventionen (ggf. Aufnahme s.o.)<\/p>\n<p><strong>5.-10.te Sitzung<\/strong> und nach Bedarf: je nach Prozessverlauf.\u00a0Der Bedarf richtet sich unseren Erfahrungen nach:<\/p>\n<ul>\n<li>Der Breite der Beeintr\u00e4chtigungen<\/li>\n<li>Der Dauer und Chronifizierung der Vorerkrankung<\/li>\n<li>Den Systemischen Verwicklungen mit anderen Behandlungen<\/li>\n<li>Der Systemischen Mitbetroffenheit von Angeh\u00f6rigen<\/li>\n<li>Den Inneren und \u00e4u\u00dferen Ver\u00e4nderungsambivalenzen<\/li>\n<li>Den verfestigten ung\u00fcnstigen Glaubensannahmen<\/li>\n<li>Den Ressourcenentwicklungen<\/li>\n<li>Den Therapievorerfahrungen<\/li>\n<\/ul>\n<p>Therapeutische Online-Interventionen zu Ihren E-Mail-Wochenberichten ggf. z.B. bei l\u00e4ngeren Abst\u00e4nden, schwierigen Situationen und Bedarf.<\/p>\n","protected":false},"excerpt":{"rendered":"<p><a class=\"ninja_pages_read_more\"  href=\"https:\/\/www.institut-systeme.de\/html\/psychotherapie-aml\/psychotherapie-verfahren\/ericksonsche-hypnotherapie-kompakt\/\"><\/a><\/p>\n","protected":false},"author":1,"featured_media":0,"parent":35,"menu_order":0,"comment_status":"closed","ping_status":"closed","template":"","meta":{"footnotes":""},"class_list":["post-436","page","type-page","status-publish","hentry"],"aioseo_notices":[],"_links":{"self":[{"href":"https:\/\/www.institut-systeme.de\/html\/wp-json\/wp\/v2\/pages\/436","targetHints":{"allow":["GET"]}}],"collection":[{"href":"https:\/\/www.institut-systeme.de\/html\/wp-json\/wp\/v2\/pages"}],"about":[{"href":"https:\/\/www.institut-systeme.de\/html\/wp-json\/wp\/v2\/types\/page"}],"author":[{"embeddable":true,"href":"https:\/\/www.institut-systeme.de\/html\/wp-json\/wp\/v2\/users\/1"}],"replies":[{"embeddable":true,"href":"https:\/\/www.institut-systeme.de\/html\/wp-json\/wp\/v2\/comments?post=436"}],"version-history":[{"count":8,"href":"https:\/\/www.institut-systeme.de\/html\/wp-json\/wp\/v2\/pages\/436\/revisions"}],"predecessor-version":[{"id":1907,"href":"https:\/\/www.institut-systeme.de\/html\/wp-json\/wp\/v2\/pages\/436\/revisions\/1907"}],"up":[{"embeddable":true,"href":"https:\/\/www.institut-systeme.de\/html\/wp-json\/wp\/v2\/pages\/35"}],"wp:attachment":[{"href":"https:\/\/www.institut-systeme.de\/html\/wp-json\/wp\/v2\/media?parent=436"}],"curies":[{"name":"wp","href":"https:\/\/api.w.org\/{rel}","templated":true}]}}