{"id":43,"date":"2017-07-25T14:52:39","date_gmt":"2017-07-25T12:52:39","guid":{"rendered":"https:\/\/www.institut-systeme.de\/html?page_id=43"},"modified":"2018-11-19T16:22:46","modified_gmt":"2018-11-19T15:22:46","slug":"tiefenpsychologie","status":"publish","type":"page","link":"https:\/\/www.institut-systeme.de\/html\/psychotherapie-aml\/psychotherapie-verfahren\/tiefenpsychologie\/","title":{"rendered":"Tiefenpsychologisch fundierte Psychotherapie"},"content":{"rendered":"<p>Dieses Verfahren leitet sich von der Psychoanalyse (Sigmund Freud) und seinen Nachfolgern ab und teilt deren Prinzipien. Im Vordergrund stehen:<\/p>\n<ul>\n<li>Der Anlass der De-Kompensation.<\/li>\n<li>Die Arbeit in der therapeutischen Beziehung, weswegen diese zu Beginn gepr\u00fcft wird. Nach der Theorie zeige sich in dieser Beziehung eine verdr\u00e4ngte Konfliktdynamik, die im Sinne von Entwicklung zu ver\u00e4ndern ist. Mit Hilfe von \u00dcbertragung und Gegen\u00fcbertragung wird die therapeutische Beziehung zum Arbeitsfeld.<\/li>\n<li>Es wird davon ausgegangen, dass in Krisenzeiten die sonstigen Abwehr-, Verdr\u00e4ngungs-Mechanismen nicht mehr greifen und es zur Dekompensation kommt. Dieser gibt auch Anhaltspunkte, wie der Patient sich sonst eingerichtet hat und ist auch Gegenstand der Psychotherapie.<\/li>\n<li>Die vorausgehenden Punkte werden auf der biographischen Erfahrungsentwicklung analysiert und wieder erfahrbar gemacht.<\/li>\n<\/ul>\n<p><strong>Die Tiefenpsychologische Therapie oder Fokaltherapie<\/strong> mildert die analytischen Prinzipien f\u00fcr eine realistische Psychotherapieanwendung. Sie betrachtet die Kerndynamik, den verdr\u00e4ngten psychodynamischen Konflikt. Die therapeutische Beziehung wird weniger abstinent.<\/p>\n<p>Man kann sagen, es handelt sich um ein relativ geschlossenes Psychotherapiesystem, das feste Hypothesen hat. Viele psychotherapeutische Weiter- und Sonderentwicklungen folgten, ohne, dass die Kerngedanken aufgegeben wurden, so u.a. zun\u00e4chst: die Individualpsychologie nach Adler, die Analytische Psychologie nach C.G. Jung , die Tiefenpsychologie nach Schultz-Hencke, die katathym-imaginative Psychotherapie, die Ideen Otto Kernbergs usw.. Sp\u00e4ter wurden andere Verfahren dazu gemischt wie z.B. systemische Gedanken bei der Bindungstheorie, aktuell: hypnotherapeutische Gedanken bei der Ego-State-Therapie usw. ohne, dass die analytischen Grundgedanken aufgegeben werden.<\/p>\n<p><strong>Psychoanalyse <\/strong><\/p>\n<p>Urspr\u00fcnglich hat Siegmund Freud diese als lebenslange Selbsterfahrung angelegt. In besonderem Ma\u00dfe werden hier obige Prinzipien und Hypothesen angewandt bei v\u00f6lliger Abstinenz des Therapeuten, damit dieser umso mehr eine Projektionsfl\u00e4che sein kann. Hohe Sitzungssequenzen und langj\u00e4hrige Begleitung pr\u00e4gen das Verfahren.<\/p>\n<p>Frau Lang und Kolleginnen im Team sind in diesem Verfahren ausgebildet. Da sie aber auch in den anderen wichtigen psychologischen Verfahren ausgebildet sind, kommen sie zu einem \u00fcbergeordneten Vorgehen.<\/p>\n","protected":false},"excerpt":{"rendered":"<p><a class=\"ninja_pages_read_more\"  href=\"https:\/\/www.institut-systeme.de\/html\/psychotherapie-aml\/psychotherapie-verfahren\/tiefenpsychologie\/\"><\/a><\/p>\n","protected":false},"author":1,"featured_media":0,"parent":35,"menu_order":0,"comment_status":"closed","ping_status":"closed","template":"","meta":{"footnotes":""},"class_list":["post-43","page","type-page","status-publish","hentry"],"aioseo_notices":[],"_links":{"self":[{"href":"https:\/\/www.institut-systeme.de\/html\/wp-json\/wp\/v2\/pages\/43","targetHints":{"allow":["GET"]}}],"collection":[{"href":"https:\/\/www.institut-systeme.de\/html\/wp-json\/wp\/v2\/pages"}],"about":[{"href":"https:\/\/www.institut-systeme.de\/html\/wp-json\/wp\/v2\/types\/page"}],"author":[{"embeddable":true,"href":"https:\/\/www.institut-systeme.de\/html\/wp-json\/wp\/v2\/users\/1"}],"replies":[{"embeddable":true,"href":"https:\/\/www.institut-systeme.de\/html\/wp-json\/wp\/v2\/comments?post=43"}],"version-history":[{"count":6,"href":"https:\/\/www.institut-systeme.de\/html\/wp-json\/wp\/v2\/pages\/43\/revisions"}],"predecessor-version":[{"id":1082,"href":"https:\/\/www.institut-systeme.de\/html\/wp-json\/wp\/v2\/pages\/43\/revisions\/1082"}],"up":[{"embeddable":true,"href":"https:\/\/www.institut-systeme.de\/html\/wp-json\/wp\/v2\/pages\/35"}],"wp:attachment":[{"href":"https:\/\/www.institut-systeme.de\/html\/wp-json\/wp\/v2\/media?parent=43"}],"curies":[{"name":"wp","href":"https:\/\/api.w.org\/{rel}","templated":true}]}}