{"id":41,"date":"2017-07-25T14:52:26","date_gmt":"2017-07-25T12:52:26","guid":{"rendered":"https:\/\/www.institut-systeme.de\/html?page_id=41"},"modified":"2021-03-09T16:43:27","modified_gmt":"2021-03-09T15:43:27","slug":"verhaltenstherapie","status":"publish","type":"page","link":"https:\/\/www.institut-systeme.de\/html\/psychotherapie-aml\/psychotherapie-verfahren\/verhaltenstherapie\/","title":{"rendered":"Verhaltenstherapie"},"content":{"rendered":"<p>Ist eines der drei sogenannten Richtlinienverfahren d.h. sie\u00a0 wird durch die Krankenkassen \u00fcbernommen. Dies, wenn eine psychische Krankheitsdiagnose gegeben wurde.\u00a0 Dazu ist von Ihrer Psychologischen Psychotherapeutin ein Antrag zu stellen, der von einem Gutachter genehmigt wird.<\/p>\n<p>VT (Verhaltenstherapie) leitet die Psychotherapie von einer psychischen Krankheitsdiagnose ab. Sie begr\u00fcnden sie \u00fcber die psychische Vergangenheit \u00a0und darin Erlerntes, nicht Gelerntes, Verlerntes, Modelllernen und dies im Modell einer klassischen Konditionierung der Abl\u00e4ufe in der menschlichen Psyche.<\/p>\n<p>Sie setzt auf Hilfe zur Selbsthilfe. Insofern spielt die Psychoedukation eine wichtige Rolle, um dem Patienten Hilfe an die Hand zu geben. Sie gibt dem Patienten Informationen zu Ursachen, Entstehungsgeschichte und Methoden.<\/p>\n<p>Das psychologische Behandlungsverfahren der Verhaltenstherapie wechselte mit den Jahren in der sogenannten kognitiven Wende ihr Gesicht. Beginnend mit der Lerntheorie mit Exposition, systematische Desensibilisierung sowie die Verst\u00e4rkung erw\u00fcnschten und die L\u00f6schung unerw\u00fcnschten Verhaltens folgte die kognitive Wende mit ihren Methoden. So gibt es heute den Begriff : KVT\u00a0 &#8211; Kognitive Verhaltenstherapie. Die Verhaltenstherapie integrierte zunehmend andere Tools und Methoden, bleibt aber von Vorgehen und Denken her Verhaltenstherapie.<\/p>\n<p>Frau Lang und die Kolleginnen im Team sind in diesem Verfahren ausgebildet. Weiterhin aber sind sie auch ausgebildet in allen anderen wichtigen psychologischen Verfahren, so dass sie zu einer \u00fcbergeordneten Vorgehensweise kommen k\u00f6nnen.<\/p>\n","protected":false},"excerpt":{"rendered":"<p><a class=\"ninja_pages_read_more\"  href=\"https:\/\/www.institut-systeme.de\/html\/psychotherapie-aml\/psychotherapie-verfahren\/verhaltenstherapie\/\"><\/a><\/p>\n","protected":false},"author":1,"featured_media":0,"parent":35,"menu_order":0,"comment_status":"closed","ping_status":"closed","template":"","meta":{"footnotes":""},"class_list":["post-41","page","type-page","status-publish","hentry"],"aioseo_notices":[],"_links":{"self":[{"href":"https:\/\/www.institut-systeme.de\/html\/wp-json\/wp\/v2\/pages\/41","targetHints":{"allow":["GET"]}}],"collection":[{"href":"https:\/\/www.institut-systeme.de\/html\/wp-json\/wp\/v2\/pages"}],"about":[{"href":"https:\/\/www.institut-systeme.de\/html\/wp-json\/wp\/v2\/types\/page"}],"author":[{"embeddable":true,"href":"https:\/\/www.institut-systeme.de\/html\/wp-json\/wp\/v2\/users\/1"}],"replies":[{"embeddable":true,"href":"https:\/\/www.institut-systeme.de\/html\/wp-json\/wp\/v2\/comments?post=41"}],"version-history":[{"count":8,"href":"https:\/\/www.institut-systeme.de\/html\/wp-json\/wp\/v2\/pages\/41\/revisions"}],"predecessor-version":[{"id":2332,"href":"https:\/\/www.institut-systeme.de\/html\/wp-json\/wp\/v2\/pages\/41\/revisions\/2332"}],"up":[{"embeddable":true,"href":"https:\/\/www.institut-systeme.de\/html\/wp-json\/wp\/v2\/pages\/35"}],"wp:attachment":[{"href":"https:\/\/www.institut-systeme.de\/html\/wp-json\/wp\/v2\/media?parent=41"}],"curies":[{"name":"wp","href":"https:\/\/api.w.org\/{rel}","templated":true}]}}