{"id":4,"date":"2017-07-25T13:19:08","date_gmt":"2017-07-25T11:19:08","guid":{"rendered":"https:\/\/www.institut-systeme.de\/html?page_id=4"},"modified":"2020-12-22T12:38:19","modified_gmt":"2020-12-22T11:38:19","slug":"psychotherapie-aml","status":"publish","type":"page","link":"https:\/\/www.institut-systeme.de\/html\/psychotherapie-aml\/","title":{"rendered":"AML Praxis f\u00fcr Psychotherapie"},"content":{"rendered":"<p><strong>Dipl. Psych. Psychologische PsychotherapeutInnen<\/strong><br \/>\n<strong>Mitglieder der Psychotherapeutenkammer NRW\u00a0 Kenn-Nr: 041012030<\/strong><br \/>\n<strong>Mitglied der Psychotherapeutenkammer RLP<\/strong><br \/>\n<strong>Approbationen, Arztregister-Nr.: 80958 KV Nordrhein f\u00fcr VT, TP, Hypnose, AT, PR\u00a0<\/strong><\/p>\n<div style=\"width: 1280px;\" class=\"wp-video\"><video class=\"wp-video-shortcode\" id=\"video-4-1\" width=\"1280\" height=\"720\" preload=\"metadata\" controls=\"controls\"><source type=\"video\/mp4\" src=\"https:\/\/www.institut-systeme.de\/html\/wp-content\/uploads\/2018\/11\/imagefilm_anne_lang_therapie1.mp4?_=1\" \/><a href=\"https:\/\/www.institut-systeme.de\/html\/wp-content\/uploads\/2018\/11\/imagefilm_anne_lang_therapie1.mp4\">https:\/\/www.institut-systeme.de\/html\/wp-content\/uploads\/2018\/11\/imagefilm_anne_lang_therapie1.mp4<\/a><\/video><\/div>\n<p>Um sich gesund und wohl zu f\u00fchlen, ist es wichtig, lebenslang offen f\u00fcr neue Erfahrungen zu sein. Krisen geh\u00f6ren zum Leben und k\u00f6nnen als Zeichen f\u00fcr Erweiterung, Entwicklung und Neulernen gesehen werden. Manchmal sind alte Strategien \u00fcberholt und wir geraten in Sackgassen, aus denen wir uns nur durch neue Flexibilit\u00e4t befreien k\u00f6nnen.<\/p>\n<p>Dabei k\u00f6nnen wir die Ressourcen nutzen, die jedem Menschen zur Verf\u00fcgung stehen. Wenn wir in Krisen jedoch naturgem\u00e4\u00df erstarren (Problemtrance) und Symptome k\u00f6rperlicher, psychischer oder mentaler Art auftreten, kann es wichtig sein, professionelle Hilfe in Anspruch zu nehmen.<\/p>\n<p><strong>Die Psychologie stellt Methoden zur Verf\u00fcgung<\/strong>, die Wahrnehmung, Erleben, Denken, Verarbeiten und Handeln erweitern. Die intensive fachliche Begegnungssituation wirkt f\u00f6rderlich und heilsam, da sie zielgerichtet innere Suchprozesse zur L\u00f6sung initiiert.<\/p>\n<p><strong>Wir sind Dipl. Psychologen, approbierte Psychotherapeutinnen<\/strong>, \u00a0ausgebildet und praxiserfahren in den psychologischen Verfahren der Verhaltenstherapie, der Tiefenpsychologisch fundierten Psychotherapie und der Humanistischen Psychologie, Gespr\u00e4chspsychotherapie nach Carl Rogers.\u00a0Auf dieser klassischen Basis aufbauend arbeiten wir\u00a0seit\u00a01981,\u00a0dem Start der ersten Praxis\u00a0f\u00fcr Psychotherapie Lang.<\/p>\n<p>Mit den Jahren\u00a0vergr\u00f6\u00dferte sich die Praxis zur AML Praxis mit mehreren Kolleginnen, Dipl. Psych. und Psychologischen Psychotherapeutinnen. Unser Schwerpunkt wurden mit wachsenden Berufsjahren und Erfahrungen die\u00a0<strong>modernen wissenschaftlich anerkannten\u00a0Verfahren des systemischen, l\u00f6sungs-fokussierten Vorgehens und des Ericksonschen Vorgehens\/der Hypnotherapie.<\/strong><\/p>\n<p>Diese Vorgehensweisen lehren wir den psychologischen und \u00e4rztlichen Kolleginnen im Weiterbildungsbereich der Institute; das bieten wir auch unseren Klienten in der Psychotherapie Praxis des Instituts an.<br \/>\n(Faltblatt &#8220;Psychologisch-Psychotherapeutische Praxis&#8221; bitte hier klicken)<\/p>\n<h3>Unsere Leistungen in der Praxis f\u00fcr Psychotherapie:<\/h3>\n<p>Psychotherapie bei allen psychischen, psychogen bedingten und psychosomatischen St\u00f6rungen bei Erwachsenen, Kindern, Paaren, Familien<\/p>\n<ul>\n<li>Richtlinien-Psychotherapie:\n<ul>\n<li>Tiefenpsychologisch fundierte Psychotherapie<\/li>\n<li>Verhaltenstherapie<\/li>\n<li>Systemische Psychotherapie als Einzeltherapie, als Paar-, als Familientherapie<\/li>\n<\/ul>\n<\/li>\n<li>Gespr\u00e4chspsychotherapie nach Carl Rogers<\/li>\n<li>Hypnotherapie nach Milton Erickson als eigenst\u00e4ndiges Verfahren<\/li>\n<li>Stressbew\u00e4ltigung, Selbstmanagement, Anforderungsmanagement<\/li>\n<\/ul>\n<p><strong>Psychotherapie \u00a0<\/strong><br \/>\ngeht meist von k\u00f6rperlich oder psychisch gravierenden Symptomen als ein indirekter Ausdruck der jeweiligen Belastungssituation aus. Dem liegen meist aber auch eine innere Ver\u00e4nderungsambivalenz, ung\u00fcnstige Fixierungen und Entscheidungskonflikte zu Grunde, die in positive Entwicklung aufzul\u00f6sen sind. Wir behandeln alle psychischen, neurotischen St\u00f6rungsbilder und Krankheiten. Unter anderem psychosomatische St\u00f6rungen, \u00c4ngste, Depressionen und Zw\u00e4nge, posttraumatische St\u00f6rungsbilder und Schmerzst\u00f6rungen. Gerade auch chronische Situationen und schwerwiegende St\u00f6rungen erfahren eine neue ressourcenorientierte Herangehensweise.<\/p>\n","protected":false},"excerpt":{"rendered":"<p>In der Psychotherapie-Gemeinschafts-Praxis arbeiten wir als Dipl. Psychologen \/ Psychologische Psychotherapeuten mit Approbation und fundierter Berufs- und Lebenserfahrung.<\/p>\n","protected":false},"author":1,"featured_media":0,"parent":0,"menu_order":1,"comment_status":"closed","ping_status":"closed","template":"","meta":{"footnotes":""},"class_list":["post-4","page","type-page","status-publish","hentry"],"aioseo_notices":[],"_links":{"self":[{"href":"https:\/\/www.institut-systeme.de\/html\/wp-json\/wp\/v2\/pages\/4","targetHints":{"allow":["GET"]}}],"collection":[{"href":"https:\/\/www.institut-systeme.de\/html\/wp-json\/wp\/v2\/pages"}],"about":[{"href":"https:\/\/www.institut-systeme.de\/html\/wp-json\/wp\/v2\/types\/page"}],"author":[{"embeddable":true,"href":"https:\/\/www.institut-systeme.de\/html\/wp-json\/wp\/v2\/users\/1"}],"replies":[{"embeddable":true,"href":"https:\/\/www.institut-systeme.de\/html\/wp-json\/wp\/v2\/comments?post=4"}],"version-history":[{"count":26,"href":"https:\/\/www.institut-systeme.de\/html\/wp-json\/wp\/v2\/pages\/4\/revisions"}],"predecessor-version":[{"id":2188,"href":"https:\/\/www.institut-systeme.de\/html\/wp-json\/wp\/v2\/pages\/4\/revisions\/2188"}],"wp:attachment":[{"href":"https:\/\/www.institut-systeme.de\/html\/wp-json\/wp\/v2\/media?parent=4"}],"curies":[{"name":"wp","href":"https:\/\/api.w.org\/{rel}","templated":true}]}}