{"id":3977,"date":"2025-07-30T12:49:13","date_gmt":"2025-07-30T10:49:13","guid":{"rendered":"https:\/\/www.institut-systeme.de\/html\/?page_id=3977"},"modified":"2025-08-14T16:11:04","modified_gmt":"2025-08-14T14:11:04","slug":"systemische-gruppentherapie-ab-2025","status":"publish","type":"page","link":"https:\/\/www.institut-systeme.de\/html\/psychotherapie-aml\/gruppen\/systemische-gruppentherapie-ab-2025\/","title":{"rendered":"Systemische Gruppentherapie ab 2025"},"content":{"rendered":"<p>Wir bieten in den AML Instituten ab Ende August 2025 zu folgenden Themen systemische Gruppentherapien an:<\/p>\n<p>F\u00fcr Einzelpersonen:<\/p>\n<ul>\n<li>Psychische Gesundheit, Ressourcen, Resilienz ausbilden z.B. bei Einsamkeit<\/li>\n<li>Selbstwert, Identit\u00e4t st\u00e4rken z.B. bei Depression, \u00c4ngsten, ADHS<\/li>\n<li>K\u00f6rperbewusstsein &amp; -akzeptanz z.B. bei Essst\u00f6rungen, chronischen Krankheiten<\/li>\n<\/ul>\n<p>F\u00fcr Familien:<\/p>\n<ul>\n<li>Entwickeln und Miteinander wachsen \u2013 Familienbeziehungen gestalten z.B. Muster in Familien<\/li>\n<li>Phasen des Familiensystems und die Entwicklung der Mitglieder z.B. Pubert\u00e4t<\/li>\n<li>Familien mit einem Dauerthema z.B. Krankheit, Behinderung<\/li>\n<li>Familien in Trennungssituationen<\/li>\n<li>Patchworkfamilien<\/li>\n<\/ul>\n<p style=\"text-align: center;\"><strong> <i class=\"fab fa-bandcamp \" ><\/i> Mut zu mir, verbunden mit dir \u2013 Gruppe <\/strong><\/p>\n<p>Thematisch setzen wir uns in dieser Gruppe mit dem Umgang mit sich und anderen auseinander: Wie gehe ich mit mir und mit anderen in den Kontakt? Wie setze ich mich f\u00fcr meine eigenen W\u00fcnsche <strong>und Bed\u00fcrfnisse ein? Welche St\u00e4rken habe ich und wie setze ich sie best\u00e4rkend ein?<\/strong><\/p>\n<p>&nbsp;<\/p>\n<p style=\"text-align: center;\"><strong><i class=\"fas fa-feather-alt \" ><\/i> Vertrauensvoll im eigenen K\u00f6rper &#8211; Gruppe<\/strong><\/p>\n<p>In dieser Gruppe geht es darum, wieder mehr in <strong>Kontakt mit sich selbst<\/strong> und den <strong>eigenen K\u00f6rperempfindungen<\/strong> zu kommen. Wir besch\u00e4ftigen uns mit M\u00f6glichkeiten, <strong>Anspannung zu regulieren, Stress zu managen<\/strong> und mit neuen Wegen das <strong>Vertrauen zum eigenen K\u00f6rper<\/strong> zu st\u00e4rken.<br \/>\nWir empfehlen diese Gruppe bei allen k\u00f6rperlichen Symptomen, besonders bei chronischen Situationen.<\/p>\n<p>&nbsp;<\/p>\n<p style=\"text-align: center;\"><strong><i class=\"fas fa-people-carry \" ><\/i> Wir gemeinsam &#8211; Multifamilientherapie (MFT)<\/strong><\/p>\n<p>In der MFT kommen <strong>verschiedene Familien zu \u00e4hnlichen Themen<\/strong> in einer Gruppe zusammen: M\u00fctter, V\u00e4ter, Partner*innen und Kinder in einem Raum. So l\u00e4sst sich eine Situation schnell aus <strong>verschiedenen Perspektiven<\/strong> beleuchten. Unterschiedliche Umgangsm\u00f6glichkeiten und Verhaltensweisen k\u00f6nnen schneller im Kontext der jeweiligen Rollen innerhalb der Familie reflektiert werden. Jedes Mitglied der Familie kann sich am Ver\u00e4nderungsprozess beteiligen, damit eine <strong>Entwicklung bei allen Familienmitgliedern<\/strong> angesto\u00dfen werden kann.<\/p>\n<p>&nbsp;<\/p>\n<p><strong><em>Warum Gruppentherapie?<\/em><\/strong><\/p>\n<p>In der systemischen Gruppentherapie sch\u00e4tzen viele Teilnehmende besonders das <strong>Gef\u00fchl der Verbundenheit<\/strong>, das <strong>gemeinsame Lernen<\/strong> und die <strong>gegenseitige Unterst\u00fctzung.<\/strong> In der Gruppe entsteht ein Raum, in dem man nicht allein mit seinen Herausforderungen ist. Es kann sehr erleichternd sein zu erleben, dass andere Menschen \u00e4hnliche Schwierigkeiten kennen und verstehen, wie es einem geht. Gerade die Vielfalt an Erfahrungen und Sichtweisen innerhalb der Gruppe kann helfen, <strong>neue Perspektiven <\/strong>einzunehmen und <strong>eigene L\u00f6sungswege<\/strong> zu entwickeln.<\/p>\n<p>Unsere Treffen sind <strong>abwechslungsreich und kreativ gestaltet<\/strong>. Sie profitieren nicht nur von professioneller Leitung durch eine approbierte Psychotherapeutin, sondern auch von den Ideen und Impulsen der anderen Teilnehmer*innen. So entsteht ein lebendiger Prozess, der sowohl inspiriert als auch ganz praktisch weiterhilft.<\/p>\n<p>&nbsp;<\/p>\n<p><strong><em>Welche Voraussetzungen gibt es zur Teilnahme?<\/em><\/strong><\/p>\n<ul>\n<li>Voraussetzung zur Teilnahme an der Gruppentherapie ist eine <strong>gesetzliche Versicherung<\/strong>.<\/li>\n<li>Teilnehmende m\u00fcssen eine <strong>psychotherapeutische Sprechstunde<\/strong> bei einer*m Psychotherapeut*in mit Kassensitz wahrgenommen haben. Dort bekommen Sie das PTV11 Formular, was Sie zu Ihrem Erstgespr\u00e4ch in den AML Instituten mitnehmen.<\/li>\n<li>Auch bringen Sie eine <strong>\u00dcberweisung Ihres Hausarztes<\/strong> zur Psychotherapie mit, diese ben\u00f6tigen wir zur Abrechnung Ihrer Behandlung f\u00fcr jedes Quartal.<\/li>\n<\/ul>\n<p><strong><em>Wie ist der Ablauf?<\/em><\/strong><\/p>\n<ul>\n<li>Jede Gruppe hat einen <strong>fixen Starttermin<\/strong> und findet <strong>ca. zweimal im Monat<\/strong> statt.<\/li>\n<li>In den <strong>Gruppentherapien f\u00fcr Einzelpersonen<\/strong> sind ca. <strong>sechs Teilnehmende<\/strong> vorgesehen.<\/li>\n<li>In der Gruppe zur <strong>Multifamilientherapie<\/strong> besteht die Gruppe aus ca. <strong>vier verschiedenen Familien<\/strong>.<\/li>\n<\/ul>\n<p>Bevor Sie an einem ersten Termin zur Gruppentherapie teilnehmen, bekommen Sie einen <strong>Termin zu einem Erstgespr\u00e4ch bei uns in der Praxis<\/strong> in dem wir mit Ihnen Ihre pers\u00f6nlichen Anliegen f\u00fcr die Gruppe herausarbeiten.<\/p>\n<p><strong>Zur Anmeldung oder bei Fragen melden Sie sich bitte in unserem Sekretariat.<\/strong><br \/>\n<strong>Sprechzeiten sind Dienstags bis Donnerstags von 8:30 Uhr \u2013 17:00 Uhr (0228 9493120).<\/strong><\/p>\n","protected":false},"excerpt":{"rendered":"<p><a class=\"ninja_pages_read_more\"  href=\"https:\/\/www.institut-systeme.de\/html\/psychotherapie-aml\/gruppen\/systemische-gruppentherapie-ab-2025\/\"><\/a><\/p>\n","protected":false},"author":2,"featured_media":0,"parent":65,"menu_order":0,"comment_status":"closed","ping_status":"closed","template":"","meta":{"footnotes":""},"class_list":["post-3977","page","type-page","status-publish","hentry"],"aioseo_notices":[],"_links":{"self":[{"href":"https:\/\/www.institut-systeme.de\/html\/wp-json\/wp\/v2\/pages\/3977","targetHints":{"allow":["GET"]}}],"collection":[{"href":"https:\/\/www.institut-systeme.de\/html\/wp-json\/wp\/v2\/pages"}],"about":[{"href":"https:\/\/www.institut-systeme.de\/html\/wp-json\/wp\/v2\/types\/page"}],"author":[{"embeddable":true,"href":"https:\/\/www.institut-systeme.de\/html\/wp-json\/wp\/v2\/users\/2"}],"replies":[{"embeddable":true,"href":"https:\/\/www.institut-systeme.de\/html\/wp-json\/wp\/v2\/comments?post=3977"}],"version-history":[{"count":15,"href":"https:\/\/www.institut-systeme.de\/html\/wp-json\/wp\/v2\/pages\/3977\/revisions"}],"predecessor-version":[{"id":3995,"href":"https:\/\/www.institut-systeme.de\/html\/wp-json\/wp\/v2\/pages\/3977\/revisions\/3995"}],"up":[{"embeddable":true,"href":"https:\/\/www.institut-systeme.de\/html\/wp-json\/wp\/v2\/pages\/65"}],"wp:attachment":[{"href":"https:\/\/www.institut-systeme.de\/html\/wp-json\/wp\/v2\/media?parent=3977"}],"curies":[{"name":"wp","href":"https:\/\/api.w.org\/{rel}","templated":true}]}}