{"id":39,"date":"2017-07-25T14:52:11","date_gmt":"2017-07-25T12:52:11","guid":{"rendered":"https:\/\/www.institut-systeme.de\/html?page_id=39"},"modified":"2020-03-11T16:38:38","modified_gmt":"2020-03-11T15:38:38","slug":"systemische-therapie","status":"publish","type":"page","link":"https:\/\/www.institut-systeme.de\/html\/psychotherapie-aml\/psychotherapie-verfahren\/systemische-therapie\/","title":{"rendered":"Systemische Therapie"},"content":{"rendered":"<p><strong>Systemische Psychotherapie \u2013 kompakt<\/strong><\/p>\n<p>Als eigenst\u00e4ndige Psychotherapieform bieten wir Systemische Psychotherapie in den \u00a0Bonner AML Instituten seit 40 Jahren an.<\/p>\n<p>Dies neben den beiden anderen Richtlinien-Verfahren: Verhaltenstherapie und Tiefenpsychologische Psychotherapie.<\/p>\n<p>Alle Mitarbeiterinnen sind erfahrene Diplom-Psychologen, approbierte Psychologische Psychotherapeutinnen, jeweils mit \u00a0Eintrag ins Psychotherapeuten-Register der KV Nordrhein, KV Rheinland-Pfalz, Mitglieder der Psychotherapeutenkammer NR, RLP.<\/p>\n<p><strong>Informationen zur Psychotherapieform: \u201eSystemische Psychotherapie\u201c:<\/strong><\/p>\n<p><strong>Einordnung:<\/strong><\/p>\n<p>Sie ist eine wissenschaftlich anerkannte Psychotherapieform mit Theorien zur Ver\u00e4nderung. Sie ist eine Kurzzeittherapie mit im Vergleich zur Langzeittherapie anderen Vorgehensweisen von Beginn an. Sie schlie\u00dft wie jede Psychotherapie parallele Psychotherapien aus.<\/p>\n<p><strong>Besonderheit:<\/strong><\/p>\n<p>Sie arbeitet nicht mit Diagnosen, sondern mit dem Menschen und seinen Ressourcen, die vorhandenen sind, und die auch in diesem Vorgehen innerhalb der Therapie entstehen. Sie f\u00f6rdert und st\u00e4rkt die Resilienz d.h. die Widerstandkraft des einzelnen Menschen. Dies beginnt in der momentanen Krisensituation oder Erkrankung und dar\u00fcber hinaus nachhaltig auch im weiteren Leben.<\/p>\n<p><strong>Einsatz:<\/strong><\/p>\n<p>Sie bietet sich bei allen psychischen und psychosomatischen Erkrankungen an, vor allem bei der Psychotherapie bei Kindern, Jugendlichen, Familien und wenn zuvor schon einiges andere versucht wurde bzw. andere Therapien mit ihren Ver\u00e4nderungstheorien an ihre Grenzen kommen.<\/p>\n<p><strong>\u00a0<\/strong><strong>Psychotherapieverlauf:<\/strong><\/p>\n<ul>\n<li><strong>Systemische Konsultation, ein oder zwei Gespr\u00e4chstermine<\/strong>, <strong>oft als Doppelsitzung,<\/strong> zur Abkl\u00e4rung des Behandlungsbedarfes, der dazu hinzuzuziehenden Personen und zur ersten Ressourcen-und L\u00f6sungsaktivierung.<\/li>\n<li><strong>Systemische Krisenintervention Einzel-\/ Doppelsitzungen<\/strong> je nach Prozess.<\/li>\n<li><strong>Systemische &#8220;Kurzzeittherapie<\/strong>&#8220;,<strong> 10-20 Einzel-\/Doppelsitzungen<\/strong> verteilt \u00fcber etwa sechs bis neun Monate.<\/li>\n<li><strong>Systemische &#8220;Langzeittherapie&#8221;<\/strong> bei schweren und\/oder chronischen St\u00f6rungen, bei extrem traumatisierten oder Psychose-kranken Patienten in Doppelsitzungen oder\u00a0 Einzelsitzungen verteilt \u00fcber mehrere Jahre.<\/li>\n<\/ul>\n<p><strong>Der Bedarf richtet sich nach unseren Erfahrungen nach:<\/strong><\/p>\n<ul>\n<li>Der Breite der Beeintr\u00e4chtigungen<\/li>\n<li>Der Dauer und Chronifizierung der Vorerkrankung<\/li>\n<li>Den Systemischen Verwicklungen mit anderen Behandlungen<\/li>\n<li>Der Systemischen Mitbetroffenheit von Angeh\u00f6rigen<\/li>\n<li>Den Inneren und \u00e4u\u00dferen Ver\u00e4nderungsambivalenzen<\/li>\n<li>Den verfestigten ung\u00fcnstigen Glaubensannahmen<\/li>\n<li>Den Ressourcenentwicklungen<\/li>\n<li>Den Therapievorerfahrungen<\/li>\n<\/ul>\n<p>Therapeutischen Online-Interventionen zu Ihren Email-Wochenberichten m\u00f6glich ggf. z.B. bei l\u00e4ngeren Abst\u00e4nden, schwierigen Situationen und Bedarf<\/p>\n","protected":false},"excerpt":{"rendered":"<p><a class=\"ninja_pages_read_more\"  href=\"https:\/\/www.institut-systeme.de\/html\/psychotherapie-aml\/psychotherapie-verfahren\/systemische-therapie\/\"><\/a><\/p>\n","protected":false},"author":1,"featured_media":0,"parent":35,"menu_order":0,"comment_status":"closed","ping_status":"closed","template":"","meta":{"footnotes":""},"class_list":["post-39","page","type-page","status-publish","hentry"],"aioseo_notices":[],"_links":{"self":[{"href":"https:\/\/www.institut-systeme.de\/html\/wp-json\/wp\/v2\/pages\/39","targetHints":{"allow":["GET"]}}],"collection":[{"href":"https:\/\/www.institut-systeme.de\/html\/wp-json\/wp\/v2\/pages"}],"about":[{"href":"https:\/\/www.institut-systeme.de\/html\/wp-json\/wp\/v2\/types\/page"}],"author":[{"embeddable":true,"href":"https:\/\/www.institut-systeme.de\/html\/wp-json\/wp\/v2\/users\/1"}],"replies":[{"embeddable":true,"href":"https:\/\/www.institut-systeme.de\/html\/wp-json\/wp\/v2\/comments?post=39"}],"version-history":[{"count":7,"href":"https:\/\/www.institut-systeme.de\/html\/wp-json\/wp\/v2\/pages\/39\/revisions"}],"predecessor-version":[{"id":1906,"href":"https:\/\/www.institut-systeme.de\/html\/wp-json\/wp\/v2\/pages\/39\/revisions\/1906"}],"up":[{"embeddable":true,"href":"https:\/\/www.institut-systeme.de\/html\/wp-json\/wp\/v2\/pages\/35"}],"wp:attachment":[{"href":"https:\/\/www.institut-systeme.de\/html\/wp-json\/wp\/v2\/media?parent=39"}],"curies":[{"name":"wp","href":"https:\/\/api.w.org\/{rel}","templated":true}]}}