{"id":37,"date":"2017-07-25T14:51:57","date_gmt":"2017-07-25T12:51:57","guid":{"rendered":"https:\/\/www.institut-systeme.de\/html?page_id=37"},"modified":"2018-11-19T16:13:52","modified_gmt":"2018-11-19T15:13:52","slug":"hypnotherapie","status":"publish","type":"page","link":"https:\/\/www.institut-systeme.de\/html\/psychotherapie-aml\/psychotherapie-verfahren\/hypnotherapie\/","title":{"rendered":"Kinder\/Jugendlichen-Hypnotherapie"},"content":{"rendered":"<p>Ericksonsche Hypnotherapie bei Kindern\/Jugendlichen wie bei Erwachsenen ist eine intensive konzentrierte Kurzzeit-Psychotherapie.<br \/>\nWir sind approbierte psychologische PsychotherapeutInnen mit langj\u00e4hriger Erfahrung in Hypnotherapie und Familientherapie und k\u00f6nnen so diese kompakte Form anbieten. Die Klienten werden bef\u00e4higt, ihren eigenen Prozess zu \u00fcbernehmen und mit daran aktiv zu arbeiten. Gerade Kinder\/Jugendliche machen auch gerne da mit. Hypnotherapie, also der Einsatz von Hypnose in einer Psychotherapie, ist gerade auch bei Kindern\/Jugendlichen hilfreich bei<\/p>\n<ul>\n<li>Psychosomatischen Beschwerden: Migr\u00e4ne, Kopfschmerzen, Hautprobleme usw.<\/li>\n<li>\u00c4ngsten z.B. Pr\u00fcfungen usw.<\/li>\n<li>Funktionalen Beschwerden ohne organ. Befund wie Einn\u00e4ssen, Tics usw.<\/li>\n<li>Sonstige Probleme in Schule, Familie, sozialen Situationen usw.<\/li>\n<\/ul>\n<p>Kinder\/Jugendliche mit ihrer nat\u00fcrlichen Phantasie- und Fokussierungsm\u00f6glichkeit erleben in der Hypnose eine besondere M\u00f6glichkeit, die Symptom-Behebung zu erreichen.<\/p>\n<p><strong>Dennoch bleibt dieser Einsatz von Hypnose ein Einsatz in einer Psychotherapie und das hei\u00dft:<\/strong><\/p>\n<ul>\n<li>Ver\u00e4nderung bleibt ein Prozess, bei dem die Hypnose intensiv unterst\u00fctzend hilft, aber nicht einseitig inputm\u00e4\u00dfig einsetzbar ist.<\/li>\n<li>Gerade bei Kindern ist die systemische Situation der Symptom-Ver\u00e4nderung im Umfeld zu ber\u00fccksichtigen. Das ist bei Kindern und Jugendlichen immer auch die Familie.<\/li>\n<li>Es ist wichtig, die Bezugspersonen &#8211; das sind in der Regel die Eltern &#8211; mit in die Psychotherapie d.h. die Ver\u00e4nderung einzubeziehen.<\/li>\n<li>Nicht die Hypnose macht die Psychotherapie und die Ver\u00e4nderung, sondern der Mensch nutzt zu seiner Ver\u00e4nderung und zur Entfaltung seiner M\u00f6glichkeiten die Hypnose.<\/li>\n<\/ul>\n<p><strong>Vorgehen:<\/strong><\/p>\n<p>Jeder Prozess ist nun anders. Wir arbeiten mit den Menschen und ihren St\u00e4rken und nicht mit Diagnosen.<br \/>\nBew\u00e4hrt hat sich in der Regel folgendes Vorgehen:<\/p>\n<ul>\n<li>2 Std.: Ausf\u00fchrliches Erstgespr\u00e4ch mit Eltern und Kind zur genauen Ziel- und Auftragskl\u00e4rung. Hier entstehen schon erste Ideen, wie der Prozess anzugehen ist und wie weiter geplant wird.<\/li>\n<li>1 Std.: Hypnotherapiesitzungen mit dem Kind\/Jugendlichen.<\/li>\n<li>5-15 Sitzungen: Je nach Dauer, Intensit\u00e4t und Vorgeschichte: Prozessbegleitung mit direkter und indirekter Hypnose mit 1-st\u00fcndigen Einzelsitzungen<\/li>\n<li>und 1-2 Std.: Systemische Sitzungen mit Kind\/Jugendlichem und Bezugspersonen.<\/li>\n<\/ul>\n","protected":false},"excerpt":{"rendered":"<p><a class=\"ninja_pages_read_more\"  href=\"https:\/\/www.institut-systeme.de\/html\/psychotherapie-aml\/psychotherapie-verfahren\/hypnotherapie\/\"><\/a><\/p>\n","protected":false},"author":1,"featured_media":0,"parent":35,"menu_order":0,"comment_status":"closed","ping_status":"closed","template":"","meta":{"footnotes":""},"class_list":["post-37","page","type-page","status-publish","hentry"],"aioseo_notices":[],"_links":{"self":[{"href":"https:\/\/www.institut-systeme.de\/html\/wp-json\/wp\/v2\/pages\/37","targetHints":{"allow":["GET"]}}],"collection":[{"href":"https:\/\/www.institut-systeme.de\/html\/wp-json\/wp\/v2\/pages"}],"about":[{"href":"https:\/\/www.institut-systeme.de\/html\/wp-json\/wp\/v2\/types\/page"}],"author":[{"embeddable":true,"href":"https:\/\/www.institut-systeme.de\/html\/wp-json\/wp\/v2\/users\/1"}],"replies":[{"embeddable":true,"href":"https:\/\/www.institut-systeme.de\/html\/wp-json\/wp\/v2\/comments?post=37"}],"version-history":[{"count":4,"href":"https:\/\/www.institut-systeme.de\/html\/wp-json\/wp\/v2\/pages\/37\/revisions"}],"predecessor-version":[{"id":1080,"href":"https:\/\/www.institut-systeme.de\/html\/wp-json\/wp\/v2\/pages\/37\/revisions\/1080"}],"up":[{"embeddable":true,"href":"https:\/\/www.institut-systeme.de\/html\/wp-json\/wp\/v2\/pages\/35"}],"wp:attachment":[{"href":"https:\/\/www.institut-systeme.de\/html\/wp-json\/wp\/v2\/media?parent=37"}],"curies":[{"name":"wp","href":"https:\/\/api.w.org\/{rel}","templated":true}]}}