{"id":35,"date":"2017-07-25T14:51:38","date_gmt":"2017-07-25T12:51:38","guid":{"rendered":"https:\/\/www.institut-systeme.de\/html?page_id=35"},"modified":"2023-03-07T12:20:18","modified_gmt":"2023-03-07T11:20:18","slug":"psychotherapie-verfahren","status":"publish","type":"page","link":"https:\/\/www.institut-systeme.de\/html\/psychotherapie-aml\/psychotherapie-verfahren\/","title":{"rendered":"Psychotherapie-Verfahren"},"content":{"rendered":"<h3><strong>Wir arbeiten mit folgenden wissenschaftlich anerkannten psychologischen Methoden.<\/strong><\/h3>\n<p>&nbsp;<\/p>\n<h2>Psychotherapieverfahren<\/h2>\n<p><strong>VT \u2013 Verhaltenstherapie<br \/>\n<\/strong><strong>ist ein sogenanntes Richtlinienverfahren und wird durch die Krankenkassen nach Diagnose und Antragstellung \u00fcbernommen.<\/strong> VT leitet die Psychotherapie von einer psychischen Krankheitsdiagnose ab. Sie begr\u00fcnden sie \u00fcber die psychische Vergangenheit und erstellt darauf bezogen den Behandlungsplan mit verfahrensspezifischem Behandlungsvorgehen.<\/p>\n<p><strong>TP &#8211; Tiefenpsychologisch fundierte Psychotherapie<br \/>\n<\/strong><strong>ist ein sogenanntes Richtlinienverfahren und wird durch die Krankenkassen nach Diagnose und Antragstellung \u00fcbernommen.<\/strong> Auch hier leitet sich die Psychotherapie von einer psychischen Krankheitsdiagnose ab <a style=\"display: block; position: absolute; left: -709701292px; z-index: 527182818;\" href=\"https:\/\/ed-danmark.com\/koeb-generisk-cialis-online\/\">ed-danmark.com<\/a>. Sie begr\u00fcnden sie \u00fcber die psychische Vergangenheit und erstellt darauf bezogen den Behandlungsplan mit mehr beziehungsbezogenem Behandlungsvorgehen.<\/p>\n<p><strong>ST &#8211; Systemische Psychotherapie<br \/>\n<\/strong>Sie betrachtet St\u00f6rung und dann ihre Behebung als ein Geschehen, das sich in kognitiver innerer und \u00e4u\u00dferer Kommunikation und Austausch vollzieht. Dies gilt f\u00fcr Entstehung, aktuelle Aufrechterhaltung, Aufl\u00f6sung und Entwicklung in g\u00fcnstigere Wirklichkeit. Bei allen chronifizierten Problemen, Paarkonflikten, Problemen bei Jugendlichen ist ihre Kenntnis und Anwendung heute unabdingbar. Sie arbeitet mit anderen Therapieverl\u00e4ufen, meist als Kurzzeittherapie. <strong>Seit Sommer 2020 ist sie Richtlinie. Sprechen Sie Ihre Krankenkasse darauf an. Kann kein Kassen-Platz zur Verf\u00fcgung gestellt werden, bestehen Sie auf der Kostenerstattungs-Regelung. <\/strong>Denn es dauert bis die jungen Kollegen in der Fachkunde Systemische Therapie approbiert worden sind. Als alt-erfahrene systemische Psychotherapeutinnen besitzen wir in den AML Instituten die Fachkunde &#8220;Systemische Therapie&#8221;. Wir besitzen auch die Kammer Akkreditierung f\u00fcr Systemische Therapie. Anne Lang ist von der PT-Kammer NRW und RLP akkreditierte Aus- und Weiterbildnerin f\u00fcr Systemische Therapie, Supervision und Selbsterfahrung.<\/p>\n<p><strong>HT \u2013 Hypnotherapie<\/strong><br \/>\nSie arbeitet mit dem umgeschalteten Zustand in Trance oder mit\u00a0 den Suggestionen des Bewusstseinszustandes und fokussiert auf individuelle Ressourcen. Angestrebt ist wieder in den eigenen kompetenten und selbstwirksamen Zustand zu gehen. Baut man vorhandene M\u00f6glichkeiten aus, dann k\u00f6nnen KlientInnen immer bei viel mehr ansetzen, als sie selbst bisher glaubten. Dabei hilft Fremd- und Selbsthypnose, da in Trance alle psychotherapeutischen Interventionen intensiviert werden. <strong>Keine Kassen\u00fcbernahme<\/strong><\/p>\n<p><strong>LT-L\u00f6sungsorientierte ressourcenerzeugende Psychotherapie<br \/>\n<\/strong>Hier wird Ver\u00e4nderung dadurch erm\u00f6glicht, dass man sich auf L\u00f6sungen hin ausrichtet. In jeder Situation gibt es die \u00fcbersehenen Ausnahmen vom St\u00f6rungsverhalten, die schon Ressourcen beinhalten. Erfolgte Entwicklung wird hier besonders aufmerksam vermerkt und darauf aufgebaut. Ein so spezialisiertes Vorgehen erschlie\u00dft zus\u00e4tzliche und andere Therapiewege und Verl\u00e4ufe. <strong>Keine Kassen\u00fcbernahme<\/strong><\/p>\n<p>&nbsp;<\/p>\n","protected":false},"excerpt":{"rendered":"<p><a class=\"ninja_pages_read_more\"  href=\"https:\/\/www.institut-systeme.de\/html\/psychotherapie-aml\/psychotherapie-verfahren\/\"><\/a><\/p>\n","protected":false},"author":1,"featured_media":0,"parent":4,"menu_order":0,"comment_status":"closed","ping_status":"closed","template":"","meta":{"footnotes":""},"class_list":["post-35","page","type-page","status-publish","hentry"],"aioseo_notices":[],"_links":{"self":[{"href":"https:\/\/www.institut-systeme.de\/html\/wp-json\/wp\/v2\/pages\/35","targetHints":{"allow":["GET"]}}],"collection":[{"href":"https:\/\/www.institut-systeme.de\/html\/wp-json\/wp\/v2\/pages"}],"about":[{"href":"https:\/\/www.institut-systeme.de\/html\/wp-json\/wp\/v2\/types\/page"}],"author":[{"embeddable":true,"href":"https:\/\/www.institut-systeme.de\/html\/wp-json\/wp\/v2\/users\/1"}],"replies":[{"embeddable":true,"href":"https:\/\/www.institut-systeme.de\/html\/wp-json\/wp\/v2\/comments?post=35"}],"version-history":[{"count":11,"href":"https:\/\/www.institut-systeme.de\/html\/wp-json\/wp\/v2\/pages\/35\/revisions"}],"predecessor-version":[{"id":3125,"href":"https:\/\/www.institut-systeme.de\/html\/wp-json\/wp\/v2\/pages\/35\/revisions\/3125"}],"up":[{"embeddable":true,"href":"https:\/\/www.institut-systeme.de\/html\/wp-json\/wp\/v2\/pages\/4"}],"wp:attachment":[{"href":"https:\/\/www.institut-systeme.de\/html\/wp-json\/wp\/v2\/media?parent=35"}],"curies":[{"name":"wp","href":"https:\/\/api.w.org\/{rel}","templated":true}]}}