{"id":3236,"date":"2023-07-20T12:24:05","date_gmt":"2023-07-20T10:24:05","guid":{"rendered":"https:\/\/www.institut-systeme.de\/html\/?page_id=3236"},"modified":"2026-01-14T15:50:38","modified_gmt":"2026-01-14T14:50:38","slug":"intervisionen","status":"publish","type":"page","link":"https:\/\/www.institut-systeme.de\/html\/intervisionen\/","title":{"rendered":"Intervisionen"},"content":{"rendered":"<h2><strong>Intervisionsgruppen zu unseren Weiterbildungsreihen<\/strong><\/h2>\n<h4>Anmeldung:<br \/>\n<strong>mit Mailadresse \u00fcber <\/strong><strong>das Sekretariat der AML Institute\/MEG RGST, unter <\/strong><a href=\"&#x6d;&#x61;&#105;l&#x74;&#x6f;&#58;in&#x66;&#x6f;&#64;i&#x6e;&#x73;&#116;&#105;t&#x75;&#x74;&#45;s&#x79;&#x73;&#116;&#101;m&#x65;&#x2e;&#100;e\"><strong>&#105;&#x6e;&#102;&#x6f;&#64;&#x69;&#110;&#x73;&#116;&#x69;&#116;&#x75;&#116;&#x2d;&#115;&#x79;&#115;&#x74;&#101;&#x6d;&#101;&#x2e;&#100;&#x65;<\/strong><\/a>. 1-2 Tage vor dem Termin der Intervision wird dann der ZOOM-Link an Sie\/Dich verschickt.<br \/>\n______________________________________________________________________________________________________<\/h4>\n<p><strong>MedHyp\u00a0 &#8211; Intervisionsgruppe<br \/>\n<\/strong>Intervision dient auch hier zur Praxis- und Wissensvertiefung f\u00fcr die MEG &#8220;Medizinische Hypnose&#8221;<strong><br \/>\nw\u00e4hrend und nach der Ausbildung bzw. wenn Sie sich f\u00fcr die Ausbildung interessieren.<\/strong><br \/>\nEs ist eine Plattform zum Austausch und zur Vorbereitung von F\u00e4llen und Situationen.<br \/>\nNat\u00fcrlich k\u00f6nnen auch m\u00f6glich Kollegen\/Kollegin zum \u201eSchnuppern\u201c dazu kommen.<\/p>\n<p><strong>Adrian David Grimshaw, M. Sc. Psychologie, HDZ NRW, Bad Oeynhausen &amp; Christoph Blank, Dr. med., Kardiologie am Ebertplatz, K\u00f6ln <\/strong>leiten die Gruppe.<strong><br \/>\n<\/strong>Die Struktur der Treffen wird aus einem 30-min\u00fctigen Wissens- und Fertigkeiten- und einem 90 min\u00fctigen Fallbesprechungs-Teil bestehen. Pausen lockern auf, so dass die Gesamtzeit 2,5 Stunden betragen wird. Die Intervisionsgruppe wird zudem als Qualit\u00e4tszirkel bei der \u00c4rztekammer Nordrhein registriert, so dass auch <strong>Fortbildungspunkte<\/strong> gesammelt werden k\u00f6nnen.<\/p>\n<p><strong>Anmeldung:<\/strong> in der MEG RGST Bonn, im Sekreteriat unter: i&#110;&#x66;&#x6f;&#64;&#105;&#x6e;&#x73;t&#105;&#116;&#x75;&#x74;-&#115;&#x79;&#x73;t&#101;&#x6d;&#x65;&#46;&#100;&#101; melden und die Email-Adresse hinterlassen.<br \/>\nEs sind 4 Termine pro Jahr avisiert und wir best\u00e4tigen bzw. planen jeweils zum Abschluss der Treffen die zwei nachfolgenden Termine.<\/p>\n<p><strong>\u00a0<\/strong><br \/>\n___________________________________________________________________________________________________<\/p>\n<p><strong>KomHyp &#8211; Intervisionsgruppe<\/strong><\/p>\n<p>In der f\u00fcr die Bonner AML Institute, DGSF zertifizierten Coachingausbildung ist Intervision verpflichtend.<br \/>\n<strong>Die aktuelle Intervisionsgruppe der AML Coachingweiterbildung wird geleitet von Vincent Haller. <\/strong>Alle aktuellen und ehemaligen Teilnehmenden der Bonner KomHyp-\/, Ressourcenerzeugenden Ver\u00e4nderungsarbeit\/, Coaching-Ausbildungen sind herzlich willkommen. Die Intervisionstreffen sind durch Anne Lang f\u00fcr die Weiterbildung zum Systemischen Coach AML anerkannt.<strong><br \/>\n<\/strong><\/p>\n<p class=\"p1\">Termine 1. Halbjahr:<\/p>\n<p class=\"p1\">Mittwochstermine: 20:00 \u2013 21:30 Uhr (2 UE)<br \/>\nSonntagstermine: 16:45 Uhr \u2013 19:00 Uhr (3 UE)<\/p>\n<p class=\"p1\">28.01.2026<br \/>\n22.02.2026<br \/>\n01.04.2026<br \/>\n13.05.2026<br \/>\n01.07.2026<\/p>\n<p class=\"p1\">Ansprechperson: Vincent Haller<br \/>\nE-Mail: &#x76;&#105;&#x6e;&#x63;&#101;&#x6e;&#116;&#46;&#x68;&#97;l&#x6c;&#101;r&#x40;&#112;o&#x73;&#116;&#x65;&#x6f;&#46;&#x64;&#x65;<\/p>\n<p class=\"p1\"><strong>Infos:<br \/>\n<\/strong>Die Intervision findet online statt, d.h. in den Tagen vor dem Termin der Intervision wird die Anwesenheit abgefragt.<\/p>\n<p class=\"p1\">Eine Interventions-, bzw. \u00dcbungseinheit (UE) geht 45 Minuten, d.h., pro Termin k\u00f6nnen 2-3 UE gesammelt werden. Wird die Gruppe so gross, sodass nicht alle Teilnehmer:innen einen Fall vorstellen k\u00f6nnen, so k\u00f6nnen zus\u00e4tzliche Termine gefunden, oder die Dauer der Intervision angepasst werden.Weiterbildungsbegleitend m\u00fcssen insgesamt 80 UE Intervision absolviert werden. Die Sitzungen werden von der Gruppe protokolliert \u2013 wie dies organisiert wird, wird stets zu Beginn der Termine besprochen.<\/p>\n<p>Ablauf der Intervision (Skizze):<\/p>\n<ul>\n<li>Begr\u00fcssung, kurze Befindlichkeitsrunde und kurze Vorstellungsrunde bei Eintritt neuer Teilnehmer:innen in die Gruppe<\/li>\n<li>Agenda \u2013 was steht heute an? Kurz: wer bringt welchen Fall mit?<\/li>\n<li>Fallbesprechung:<\/li>\n<li><span class=\"s2\">&#8211; <\/span>kompakte Beschreibung der Situation durch Falleinbringer:in (Klient:in, Kontext, Wo steht die Zusammenarbeit im Prozess?, Wo soll es hingehen?, \u00a0 Wonach sucht Berater:in in der Intervision?, etc.)<\/li>\n<li><span class=\"s2\">&#8211;<\/span> gemeinsames Brainstorming in der Gruppe<\/li>\n<li><span class=\"s2\">&#8211;<\/span> Was sagt Berater:in zu Ideen aus dem Brainstorming? Wie kann das Erarbeitete genutzt werden?<\/li>\n<li><span class=\"s2\">&#8211;<\/span> Wer aus der Gruppe kann das Erarbeitete auch f\u00fcr sich nutzen? Wie?<\/li>\n<li><span class=\"s2\">&#8211;<\/span> Fallabschluss und \u00dcbergang zur n\u00e4chsten Fallbesprechung<\/li>\n<\/ul>\n<p class=\"p1\">&#8211; Abschlussrunde<\/p>\n<p><strong>Weitere Infos:<\/strong> <a href=\"https:\/\/www.institut-systeme.de\/html\/wp-content\/uploads\/2019\/09\/faq-zur-intervisionsgruppe.pdf\">FAQ zur Intervisionsgruppe<\/a><\/p>\n","protected":false},"excerpt":{"rendered":"<p><a class=\"ninja_pages_read_more\"  href=\"https:\/\/www.institut-systeme.de\/html\/intervisionen\/\"><\/a><\/p>\n","protected":false},"author":2,"featured_media":0,"parent":0,"menu_order":0,"comment_status":"closed","ping_status":"closed","template":"","meta":{"footnotes":""},"class_list":["post-3236","page","type-page","status-publish","hentry"],"aioseo_notices":[],"_links":{"self":[{"href":"https:\/\/www.institut-systeme.de\/html\/wp-json\/wp\/v2\/pages\/3236","targetHints":{"allow":["GET"]}}],"collection":[{"href":"https:\/\/www.institut-systeme.de\/html\/wp-json\/wp\/v2\/pages"}],"about":[{"href":"https:\/\/www.institut-systeme.de\/html\/wp-json\/wp\/v2\/types\/page"}],"author":[{"embeddable":true,"href":"https:\/\/www.institut-systeme.de\/html\/wp-json\/wp\/v2\/users\/2"}],"replies":[{"embeddable":true,"href":"https:\/\/www.institut-systeme.de\/html\/wp-json\/wp\/v2\/comments?post=3236"}],"version-history":[{"count":21,"href":"https:\/\/www.institut-systeme.de\/html\/wp-json\/wp\/v2\/pages\/3236\/revisions"}],"predecessor-version":[{"id":4068,"href":"https:\/\/www.institut-systeme.de\/html\/wp-json\/wp\/v2\/pages\/3236\/revisions\/4068"}],"wp:attachment":[{"href":"https:\/\/www.institut-systeme.de\/html\/wp-json\/wp\/v2\/media?parent=3236"}],"curies":[{"name":"wp","href":"https:\/\/api.w.org\/{rel}","templated":true}]}}