{"id":291,"date":"2017-08-29T17:28:13","date_gmt":"2017-08-29T15:28:13","guid":{"rendered":"https:\/\/www.institut-systeme.de\/html?page_id=291"},"modified":"2018-11-20T11:54:27","modified_gmt":"2018-11-20T10:54:27","slug":"linkliste","status":"publish","type":"page","link":"https:\/\/www.institut-systeme.de\/html\/service\/linkliste\/","title":{"rendered":"Linkliste"},"content":{"rendered":"<h3 class=\"art-postheader\">Verbands-Zertifizierungen, Mitgliedschaften, Partnerinstitute:<\/h3>\n<div class=\"art-postcontent\">\n<div class=\"art-article\">\n<p><a href=\"http:\/\/www.bdp-verband.org\" target=\"_blank\" rel=\"noopener\">BDP Bonn, Bund Deutscher PsychologInnen<\/a><\/p>\n<p><a href=\"http:\/\/www.bdp-wirtschaftspsychologie.de\" target=\"_blank\" rel=\"noopener\">BDP \u2013 Sektion Wirtschaftspsychologie<\/a><\/p>\n<p><a href=\"http:\/\/www.centrale-fuer-mediation.de\" target=\"_blank\" rel=\"noopener\">CfM, K\u00f6ln (Centrale f\u00fcr Mediation)<\/a><\/p>\n<p><a href=\"http:\/\/www.dgsf.org\" target=\"_blank\" rel=\"noopener\">DGSF K\u00f6ln (Dachverband f\u00fcr Systemisches Arbeiten)<\/a><\/p>\n<p><a href=\"http:\/\/www.dgsv.de\" target=\"_blank\" rel=\"noopener\">DGSv K\u00f6ln (Deutsche Gesellschaft f\u00fcr Supervision)<\/a><\/p>\n<p><a href=\"http:\/\/www.dgzh.de\" target=\"_blank\" rel=\"noopener\">DZGH (Deutsche Gesellschaft f\u00fcr zahn\u00e4rztliche Hypnose) <\/a><\/p>\n<p><a href=\"http:\/\/www.gwg-ev.org\" target=\"_blank\" rel=\"noopener\">GwG K\u00f6ln (Gesellschaft f\u00fcr wissenschaftliche Gespr\u00e4chspsychotherapie)<\/a><\/p>\n<p><a href=\"http:\/\/www.wirtschaftspsychologie-ev.de\" target=\"_blank\" rel=\"noopener\">WIPs (Verband der Wirtschaftspsychologie)<\/a><\/p>\n<p><a href=\"http:\/\/www.meg-hypnose.de\" target=\"_blank\" rel=\"noopener\">M.E.G. &#8211; Milton H. Erickson Gesellschaft f\u00fcr Klinische Hypnose<\/a><\/p>\n<h3>Partnerinstitute des Bonner Milton Erickson Instituts in der M.E.G.:<\/h3>\n<p>\u2022\u00a0\u00a0 <a href=\"http:\/\/www.meg-bielefeld.de\" target=\"_blank\" rel=\"noopener\">Milton Erickson Institut Bielefeld<\/a><\/p>\n<p>\u2022\u00a0\u00a0 <a href=\"http:\/\/www.mei-berlin.de\" target=\"_blank\" rel=\"noopener\">Milton Erickson Institut Berlin<\/a><\/p>\n<p>\u2022\u00a0\u00a0 <a href=\"http:\/\/www.meg-frankfurt.de\" target=\"_blank\" rel=\"noopener\">Milton Erickson Institut Frankfurt<\/a><\/p>\n<p>\u2022\u00a0\u00a0 <a href=\"http:\/\/www.meg-gelsenkirchen.de\" target=\"_blank\" rel=\"noopener\">Milton Erickson Institut Gelsenkirchen<\/a><\/p>\n<p>\u2022\u00a0\u00a0 <a href=\"http:\/\/www.meg-goettingen.de\" target=\"_blank\" rel=\"noopener\">Milton Erickson Institut G\u00f6ttingen<\/a><\/p>\n<p>\u2022\u00a0\u00a0 <a href=\"http:\/\/www.mei-hamburg.de\/\" target=\"_blank\" rel=\"noopener\">Milton Erickson Institut Hamburg<\/a><\/p>\n<p>\u2022\u00a0\u00a0 <a href=\"http:\/\/www.meihei.de\/\" target=\"_blank\" rel=\"noopener\">Milton Erickson Institut Heidelberg<\/a><\/p>\n<p>\u2022\u00a0\u00a0 <a href=\"http:\/\/intakkt.de\/hypnoselernenkrefeld.html\" target=\"_blank\" rel=\"noopener\">Milton Erickson Institut Krefeld<\/a><\/p>\n<p>\u2022\u00a0\u00a0 <a href=\"http:\/\/www.meg-leipzig.de\/\" target=\"_blank\" rel=\"noopener\">Milton Erickson Institut Leipzig<\/a><\/p>\n<p>\u2022\u00a0\u00a0 <a href=\"http:\/\/www.meg-muenchen.de\/\" target=\"_blank\" rel=\"noopener\">Milton Erickson Institut M\u00fcnchen<\/a><\/p>\n<p>\u2022\u00a0\u00a0 <a href=\"http:\/\/www.ivs-nuernberg.de\/\" target=\"_blank\" rel=\"noopener\">Milton Erickson Institut N\u00fcrnberg<\/a><\/p>\n<p>\u2022\u00a0\u00a0 <a href=\"http:\/\/www.meg-rottweil.de\/\" target=\"_blank\" rel=\"noopener\">Milton Erickson Institut Rottweil<\/a><\/p>\n<p>\u2022\u00a0\u00a0 <a href=\"http:\/\/www.meg-saarbruecken.com\/\" target=\"_blank\" rel=\"noopener\">Milton Erickson Institut Saarbr\u00fccken<\/a><\/p>\n<p>\u2022\u00a0\u00a0 <a href=\"http:\/\/www.dgzh-stuttgart.de\/\" target=\"_blank\" rel=\"noopener\">Milton Erickson Institut Stuttgart<\/a><\/p>\n<p>\u2022\u00a0\u00a0 <a href=\"http:\/\/www.meg-tuebingen.de\/\" target=\"_blank\" rel=\"noopener\">Milton Erickson Institut T\u00fcbingen<\/a><\/p>\n<p>\u2022\u00a0\u00a0 <a href=\"http:\/\/www.meg-wandlitz.de\/\" target=\"_blank\" rel=\"noopener\">Milton Erickson Institut Wandlitz<\/a><\/p>\n<h3><strong>Weitere interessante Links:<\/strong><\/h3>\n<p><a href=\"http:\/\/www.carl-auer.de\/verlag\/\" target=\"_blank\" rel=\"noopener\">Carl-Auer Verlag &#8211; Der Verlag f\u00fcr Systemisches<\/a><\/p>\n<p><a href=\"http:\/\/www.igst.org\/\" target=\"_blank\" rel=\"noopener\">IGST &#8211; Internationale Gesellschaft f\u00fcr Systemische Therapie<\/a><\/p>\n<p><a href=\"http:\/\/www.managerseminare.de\/managerSeminare?gclid=CPTzpqyVtsICFWTHtAodWE0A3w\" target=\"_blank\" rel=\"noopener\">managerSeminare.de &#8211; das Weiterbildungsportal<\/a><\/p>\n<p><a href=\"http:\/\/www.mwonline.de\/db\/home\/\" target=\"_blank\" rel=\"noopener\">MWonline &#8211; Managementwissen online<\/a><\/p>\n<p><a href=\"http:\/\/www.pd-international.de\/\" target=\"_blank\" rel=\"noopener\">performance design international<\/a><\/p>\n<p><a href=\"https:\/\/www.ptk-nrw.de\/\" target=\"_blank\" rel=\"noopener\">Psychotherapeutenkammer NRW<\/a><\/p>\n<p><a href=\"http:\/\/www.lpk-rlp.de\/cms\/index.php\" target=\"_blank\" rel=\"noopener\">Psychotherapeutenkammer RLP<\/a><\/p>\n<p><a href=\"http:\/\/www.rauen.de\/\" target=\"_blank\" rel=\"noopener\">RAUEN Coaching<\/a><\/p>\n<p><a href=\"http:\/\/www.train.de\/\" target=\"_blank\" rel=\"noopener\">train &#8211; Gesellschaft f\u00fcr Personalentwicklung mbH<\/a><\/p>\n<\/div>\n<\/div>\n","protected":false},"excerpt":{"rendered":"<p><a class=\"ninja_pages_read_more\"  href=\"https:\/\/www.institut-systeme.de\/html\/service\/linkliste\/\"><\/a><\/p>\n","protected":false},"author":1,"featured_media":0,"parent":286,"menu_order":2,"comment_status":"closed","ping_status":"closed","template":"","meta":{"footnotes":""},"class_list":["post-291","page","type-page","status-publish","hentry"],"aioseo_notices":[],"_links":{"self":[{"href":"https:\/\/www.institut-systeme.de\/html\/wp-json\/wp\/v2\/pages\/291","targetHints":{"allow":["GET"]}}],"collection":[{"href":"https:\/\/www.institut-systeme.de\/html\/wp-json\/wp\/v2\/pages"}],"about":[{"href":"https:\/\/www.institut-systeme.de\/html\/wp-json\/wp\/v2\/types\/page"}],"author":[{"embeddable":true,"href":"https:\/\/www.institut-systeme.de\/html\/wp-json\/wp\/v2\/users\/1"}],"replies":[{"embeddable":true,"href":"https:\/\/www.institut-systeme.de\/html\/wp-json\/wp\/v2\/comments?post=291"}],"version-history":[{"count":4,"href":"https:\/\/www.institut-systeme.de\/html\/wp-json\/wp\/v2\/pages\/291\/revisions"}],"predecessor-version":[{"id":1087,"href":"https:\/\/www.institut-systeme.de\/html\/wp-json\/wp\/v2\/pages\/291\/revisions\/1087"}],"up":[{"embeddable":true,"href":"https:\/\/www.institut-systeme.de\/html\/wp-json\/wp\/v2\/pages\/286"}],"wp:attachment":[{"href":"https:\/\/www.institut-systeme.de\/html\/wp-json\/wp\/v2\/media?parent=291"}],"curies":[{"name":"wp","href":"https:\/\/api.w.org\/{rel}","templated":true}]}}