{"id":2752,"date":"2022-03-31T12:51:48","date_gmt":"2022-03-31T10:51:48","guid":{"rendered":"https:\/\/www.institut-systeme.de\/html\/?page_id=2752"},"modified":"2024-05-07T12:17:21","modified_gmt":"2024-05-07T10:17:21","slug":"fachbeitraege","status":"publish","type":"page","link":"https:\/\/www.institut-systeme.de\/html\/fachwissen\/fachbeitraege\/","title":{"rendered":"Fachbeitr\u00e4ge"},"content":{"rendered":"<p>Hier finden Sie Fachbeitr\u00e4ge Materialien, die in den AML Instituten erstellt wurden oder genutzt werden, da sie Sie in Ihrer prozess-hypno-systemischen Reflektion und Arbeit unterst\u00fctzen. Weiterhin Beitr\u00e4ge, die f\u00fcr Blogs oder f\u00fcr Mailing-Listen erstellt wurden und spezielle Konzeptionen beinhalten.<\/p>\n<ul>\n<li><a href=\"https:\/\/www.youtube.com\/watch?v=JBjPzB7A8jg&amp;ab_channel=Carl-AuerVerlag\" target=\"_blank\" rel=\"noopener\">Youtube-Interview<\/a> (2024) \u00fcber Konstruktivismus, Hypnose, Therapie #HypnoTalk<\/li>\n<li><a href=\"https:\/\/www.youtube.com\/watch?v=P2a028fY24U\" target=\"_blank\" rel=\"noopener\">Youtube-Interview<\/a> (2022) zur <a href=\"https:\/\/www.institut-systeme.de\/html\/wp-content\/uploads\/2022\/07\/interview-coaching-weiterbildung-aml-institut.pdf\" target=\"_blank\" rel=\"noopener\">Coaching Weiterbildung in den AML Instituten<\/a><\/li>\n<li><a href=\"https:\/\/www.youtube.com\/watch?v=NfK7JlO171U\" target=\"_blank\" rel=\"noopener\">Youtube-Interview<\/a> (2022) zu den <a href=\"https:\/\/www.youtube.com\/watch?v=NfK7JlO171U\" target=\"_blank\" rel=\"noopener\">Weiterbildungsg\u00e4ngen in den AML Instituten<\/a><\/li>\n<li><a href=\"https:\/\/www.youtube.com\/watch?v=yBJ5G9WOOv4\" target=\"_blank\" rel=\"noopener\">Youtube-Interview<\/a> (2022) zum Buch<a href=\"https:\/\/www.youtube.com\/watch?v=yBJ5G9WOOv4\" target=\"_blank\" rel=\"noopener\"> &#8220;Konstruktivistische Psychotherapie: Prozess-Hypno-Systemisch &#8211; das Bonner Ressourcen-Modell&#8221;<\/a><\/li>\n<li>Interview (2022) zu den <a href=\"https:\/\/www.institut-systeme.de\/html\/wp-content\/uploads\/2022\/06\/interview_weiterbildung_aml.pdf\" target=\"_blank\" rel=\"noopener\">Weiterbildungsg\u00e4ngen in den AML Instituten und der Arbeit von Anne M. Lang<\/a><\/li>\n<li>Beitrag Hypnoliste (2022) zu <a href=\"https:\/\/www.institut-systeme.de\/html\/wp-content\/uploads\/2022\/01\/2022_hypnoliste_problemtalk_loesungstalk.pdf\" target=\"_blank\" rel=\"noopener\">Problem- und Lo\u0308sungstalk<\/a><\/li>\n<li>Konstruktivistische Kommentare zu einem DLF-Bericht \u00fcber die <a href=\"https:\/\/www.institut-systeme.de\/html\/wp-content\/uploads\/2022\/03\/dlf-beitrag-neuerungen-icd-11-mit-konstruktivistischen-diskussionsbeitraegen.pdf\">Neuerungen im ICD-11 (2022)<\/a><\/li>\n<li>Audio Beitrag auf dem M.E.G. Blog (2020) <a href=\"https:\/\/hypnose.de\/blog\/category\/trancen\/page\/2\/\" target=\"_blank\" rel=\"noopener\">Trancespaziergang in die Innenwelt<\/a><\/li>\n<li>Interview auf dem M.E.G. Blog (2020) \u00fcber <a href=\"https:\/\/hypnose.de\/blog\/anne-m-lang\/\" target=\"_blank\" rel=\"noopener\">hilfreiche Beziehungsgestaltung und den Wandel nach dem Psychotherapeutengesetz<\/a><\/li>\n<\/ul>\n<p><strong>Noch nicht ver\u00f6ffentlicht<br \/>\n<\/strong><\/p>\n<ul>\n<li>Artikel (2022) \u00fcber die Antragsberichte zur Systemischen Therapie. <a href=\"https:\/\/www.institut-systeme.de\/html\/wp-content\/uploads\/2022\/09\/beantragung-von-systemischer-therapie-im-pathologischen-berichtmantel.pdf\" target=\"_blank\" rel=\"noopener\">Beantragung von Systemischer Therapie im pathologischen Berichtmantel<\/a><\/li>\n<\/ul>\n<p><strong>Nicht angenommene Artikel und Beitr\u00e4ge<br \/>\n<\/strong><\/p>\n<ul>\n<li>Artikel (2022) zu den <a href=\"https:\/\/www.institut-systeme.de\/html\/wp-content\/uploads\/2022\/03\/von-der-behandlung-zur-entwicklung_lang.pdf\" target=\"_blank\" rel=\"noopener\">zu den inhaltlichen Auswirkungen des Psychotherapeutengesetzes,<\/a> eingereicht bei der Zeitschrift &#8220;Psychotherapeutenjournal&#8221;, nicht angenommen<\/li>\n<li>Blogbeitrag (2021) <a href=\"https:\/\/www.institut-systeme.de\/html\/wp-content\/uploads\/2022\/03\/systemische-psychotherapie.pdf\">\u201eWas hei\u00dft Systemische Psychotherapie? Und wie kommt es zum Hypnosystemischen?\u201c<\/a><\/li>\n<\/ul>\n<p><strong>Fachartikel \u00c4rtzeblatt<\/strong><\/p>\n<ul>\n<li>Interview im \u00c4rtzeblatt (2018) mit Prof. Leichsenring \u201eWir brauchen eine Vielfalt an evidenzbasierter Psychotherapie\u201c: <a href=\"https:\/\/www.aerzteblatt.de\/archiv\/201560\/Interview-mit-Prof-Dr-rer-nat-Falk-Leichsenring-Professor-fuer-Psychotherapieforschung-an-der-Universitaetsklinik-Giessen-Wir-brauchen-eine-Vielfalt-an-evidenzbasierter-Psychotherapie\">https:\/\/www.aerzteblatt.de\/archiv\/201560\/Interview-mit-Prof-Dr-rer-nat-Falk-Leichsenring-Professor-fuer-Psychotherapieforschung-an-der-Universitaetsklinik-Giessen-Wir-brauchen-eine-Vielfalt-an-evidenzbasierter-Psychotherapie<\/a><\/li>\n<li>Artikel im \u00c4rtzeblatt (2012) zu Noceboph\u00e4nomenen in der Medizin: <a href=\"https:\/\/www.aerzteblatt.de\/archiv\/127205\/Nocebophaenomene-in-der-Medizin\">https:\/\/www.aerzteblatt.de\/archiv\/127205\/Nocebophaenomene-in-der-Medizin<\/a><\/li>\n<\/ul>\n<p>&nbsp;<\/p>\n<p>&nbsp;<\/p>\n","protected":false},"excerpt":{"rendered":"<p><a class=\"ninja_pages_read_more\"  href=\"https:\/\/www.institut-systeme.de\/html\/fachwissen\/fachbeitraege\/\"><\/a><\/p>\n","protected":false},"author":2,"featured_media":0,"parent":15,"menu_order":0,"comment_status":"closed","ping_status":"closed","template":"","meta":{"footnotes":""},"class_list":["post-2752","page","type-page","status-publish","hentry"],"aioseo_notices":[],"_links":{"self":[{"href":"https:\/\/www.institut-systeme.de\/html\/wp-json\/wp\/v2\/pages\/2752","targetHints":{"allow":["GET"]}}],"collection":[{"href":"https:\/\/www.institut-systeme.de\/html\/wp-json\/wp\/v2\/pages"}],"about":[{"href":"https:\/\/www.institut-systeme.de\/html\/wp-json\/wp\/v2\/types\/page"}],"author":[{"embeddable":true,"href":"https:\/\/www.institut-systeme.de\/html\/wp-json\/wp\/v2\/users\/2"}],"replies":[{"embeddable":true,"href":"https:\/\/www.institut-systeme.de\/html\/wp-json\/wp\/v2\/comments?post=2752"}],"version-history":[{"count":18,"href":"https:\/\/www.institut-systeme.de\/html\/wp-json\/wp\/v2\/pages\/2752\/revisions"}],"predecessor-version":[{"id":3556,"href":"https:\/\/www.institut-systeme.de\/html\/wp-json\/wp\/v2\/pages\/2752\/revisions\/3556"}],"up":[{"embeddable":true,"href":"https:\/\/www.institut-systeme.de\/html\/wp-json\/wp\/v2\/pages\/15"}],"wp:attachment":[{"href":"https:\/\/www.institut-systeme.de\/html\/wp-json\/wp\/v2\/media?parent=2752"}],"curies":[{"name":"wp","href":"https:\/\/api.w.org\/{rel}","templated":true}]}}