{"id":2738,"date":"2022-03-31T12:40:17","date_gmt":"2022-03-31T10:40:17","guid":{"rendered":"https:\/\/www.institut-systeme.de\/html\/?page_id=2738"},"modified":"2024-05-07T15:37:03","modified_gmt":"2024-05-07T13:37:03","slug":"fachzeitschriften","status":"publish","type":"page","link":"https:\/\/www.institut-systeme.de\/html\/fachwissen\/fachzeitschriften\/","title":{"rendered":"Fachzeitschriften"},"content":{"rendered":"<p>Lang, Anne M. (2023) \u201cProzess-Hypno-Systemisch &#8211; Das Bonner Ressourcen Modell\u201d Artikel in \u201cSpezielle Coaching-Methoden\u201d Sammlung Infoline Armin Fichtner, 02\/2023<\/p>\n<p>Lang, Anne M. (2022) &#8220;Von der &#8220;Behandlungsidee&#8221; zur &#8220;Prozess-hypno-systemischen Psychotherapie&#8221;&#8221; Artikel in &#8220;HypnoSystemisches &#8211; f\u00fcr Therapie und Beratung &#8211; Appetizer die Lust auf Meer machen&#8221;, Seite 109-121<\/p>\n<p>Lang, Anne M. (2018) \u201cDie M.E.G.-Curricula KomHyp, KliHyp und ihre Kontexte\u201d M.E.G.A.PHON\u00a0 (Ausgabe 51\/2018), Seite 17 \u2013 19<\/p>\n<p>Lang, Anne M. (2017) \u201cIntegrieren oder Psychotherapie mit(hypno-)systemischer Philosophie grunds\u00e4tzlich metareflektieren\u201d Leserbrief in \u201cReport Psychologie\u201d 09\/2016 auf Fokus-Artikel \u201cIntegratives Denken in der Psychotherapie\u201d Report Psychologie Ausgabe 05-2017<\/p>\n<p>Lang, Anne M. (2016) \u201cCoaching-Ausbildung und Weiterbildung an den beiden Bonner AML Instituten\u201d Artikel in \u201cCoaching \u2013 Ausbildung und Weiterbildung\u201d Sammlung Infoline Armin Fichtner, 11\/2016<\/p>\n<p>Lang, Anne M. (2015) \u201cSystemische Hypnotherapie bei psychosomatischen St\u00f6rungen\u201d in Zeitschrift Erfahrungsheilkunde (EHK 2015; 64: 334-338)<\/p>\n<p>Lang, Anne M. (2015) \u201cKasuistik: Systemische Hypnotherapie bei 39-j\u00e4hriger Patientin mit Reizdarmsyndrom\u201d in Zeitschrift Erfahrungsheilkunde (EHK 2015; 64: 340-341)<\/p>\n<p>Lang, Anne M. (2011) Essay in der Zeitschrift Psychologie Heute \u201cPsychotherapeuten \u2013 verloren im System?\u201d Februar 2011<\/p>\n<p>Lang, Anne M. (2009) \u201c\u00dcber die Konsequenzen von Interesse und Empathie bzw. Ignorieren und Vernachl\u00e4ssigen\u201d. In: Junglas, J\u00fcrgen (Hrsg.), Beitr\u00e4ge zur allgemeinen PSYCHOtherapie 7, \u201cLieben oder Verwahrlosen?\u201d\u00a0 Bonn, Deutscher Psychologen Verlag<\/p>\n<p>Lang, Anne M. (2008) \u201cTranskulturell kompetente Vorgehensweisen aus Ericksonschem ressourcenorientiertem Hintergrund\u201d. In: Junglas, J\u00fcrgen (Hrsg.), Beitr\u00e4ge zur allgemeinen PSYCHOtherapie 6, \u201cKultur der Therapie der Kulturen\u201d.\u00a0 Bonn, Deutscher Psychologen Verlag<\/p>\n<p>Lang, Anne M. (2007) \u201cSuizidalit\u00e4t in der Psychotherapeutischen Praxis \u2013 ein Hypno-Systemischer Zugang\u201d. In: Junglas, J\u00fcrgen (Hrsg.), Beitr\u00e4ge zur allgemeinen PSYCHOtherapie 5, \u201cT\u00f6dliche Gedanken\u201d . Bonn, Deutscher Psychologen Verlag<\/p>\n<p>Lang, Anne M. (2005) \u201cAnsto\u00df zur Selbstorganisation von Menschen in Systemen \u2013 Systemisches Coaching\u201d managerSeminare (Heft 82\/2005) Seite 8<\/p>\n<p>Lang, Anne M. (2005) \u201cCoaching und Anforderungsmanagement\u201d Wandel im Coaching \u2013 Wandel durch Coaching? (Zum Coaching Kongress 05, Frankfurt) Seite 48 \u2013 49<\/p>\n<p>Lang, Anne M. (2005) \u201cDie therapeutische Arbeit mit dem Aufmerksamkeitsfokus\u201d Entspannungsverfahren \u2013 Zeitschrift der psychologischen Fachgruppe Entspannungsverfahren (Ausgabe 22 \/ 22. Jahrgang 2005) Seite 80 \u2013 90<\/p>\n<p>Lang, Anne M. (2005) \u201cIst Supervision konzeptabh\u00e4ngig? \u2013 Gedanken zur (Fall-) Supervision im Ericksonschen Stil\u201d M.E.G.A.PHON (Ausgabe 09\/05), Seite 6 \u2013 8<\/p>\n<p>Lang, Anne M. (2005) \u201cRessourcenorientierung in Psychotherapie, Lehre und Supervision\u201d. In: Junglas, J\u00fcrgen (Hrsg.),\u00a0Beitr\u00e4ge zur allgemeinen PSYCHOtherapie 3 \u201cGeschlechtergerechte Psychotherapie und Psychiatrie\u201d.\u00a0 Bonn, Deutscher Psychologen Verlag<\/p>\n<p>Lang, Anne M. (2004) \u201cWie wirkt konstruktivistische Beratung?\u201d In: Schmitz-Buhl, Mario (Hrsg.), Wirtschaftspsychologie \u2013 Perspektiven f\u00fcr die Zukunft (Beitr\u00e4ge zur Wirtschaftspsychologie 2004, Seite 76) Hamburg, R.v. Decker<\/p>\n<p>Lang, Anne M. (2004) \u201cWelchen Gewinn bringt eine konstruktivistische Perspektive f\u00fcr Beratung und Coaching von F\u00fchrungskr\u00e4ften.\u201d In: Schmitz-Buhl, Mario (Hrsg.), Wirtschaftspsychologie \u2013 Perspektiven f\u00fcr die Zukunft (Beitr\u00e4ge zur Wirtschaftspsychologie 2004, Seite 240 \u2013 241) Hamburg, R.v. Decker<\/p>\n<p>Lang, Anne M. (2003) \u201cEricksonsche Methoden in der Paartherapie\u201d Suggestionen (Nr. 1 . 2003), Seite 6 \u2013 22<\/p>\n<p>Lang, Anne M. (2003) \u201cMit den Ressourcen zum Coachingziel \u2013 Ericksonsche Prinzipien der Prozessf\u00fchrung!\u201d In: Schmitz-Buhl \/ Faulhammer \/ Rauen \/ Tomaschek \/ Webers \/ Weise (Hrsg.)Coaching: Zukunft der Branche\u00a0 \u2013 Branche der Zukunft (Beitr\u00e4ge zur Wirtschaftspsychologie 2003, Seite 96 \u2013 99) Wiesbaden, R.v. Decker<\/p>\n<p>Lang, Anne M. (2002) \u201cCoaching als spezielle Psychologische Ver\u00e4nderungskommunikation\u201d Report Psychologie (Mai \/ Juni 2002), Seite 348 \u2013 351<\/p>\n<p><strong>\u00a0<\/strong><\/p>\n<p><strong>\u00a0<\/strong><\/p>\n<p><strong>\u00a0<\/strong><\/p>\n<p><strong>\u00a0<\/strong><\/p>\n","protected":false},"excerpt":{"rendered":"<p><a class=\"ninja_pages_read_more\"  href=\"https:\/\/www.institut-systeme.de\/html\/fachwissen\/fachzeitschriften\/\"><\/a><\/p>\n","protected":false},"author":2,"featured_media":0,"parent":15,"menu_order":0,"comment_status":"closed","ping_status":"closed","template":"","meta":{"footnotes":""},"class_list":["post-2738","page","type-page","status-publish","hentry"],"aioseo_notices":[],"_links":{"self":[{"href":"https:\/\/www.institut-systeme.de\/html\/wp-json\/wp\/v2\/pages\/2738","targetHints":{"allow":["GET"]}}],"collection":[{"href":"https:\/\/www.institut-systeme.de\/html\/wp-json\/wp\/v2\/pages"}],"about":[{"href":"https:\/\/www.institut-systeme.de\/html\/wp-json\/wp\/v2\/types\/page"}],"author":[{"embeddable":true,"href":"https:\/\/www.institut-systeme.de\/html\/wp-json\/wp\/v2\/users\/2"}],"replies":[{"embeddable":true,"href":"https:\/\/www.institut-systeme.de\/html\/wp-json\/wp\/v2\/comments?post=2738"}],"version-history":[{"count":5,"href":"https:\/\/www.institut-systeme.de\/html\/wp-json\/wp\/v2\/pages\/2738\/revisions"}],"predecessor-version":[{"id":3570,"href":"https:\/\/www.institut-systeme.de\/html\/wp-json\/wp\/v2\/pages\/2738\/revisions\/3570"}],"up":[{"embeddable":true,"href":"https:\/\/www.institut-systeme.de\/html\/wp-json\/wp\/v2\/pages\/15"}],"wp:attachment":[{"href":"https:\/\/www.institut-systeme.de\/html\/wp-json\/wp\/v2\/media?parent=2738"}],"curies":[{"name":"wp","href":"https:\/\/api.w.org\/{rel}","templated":true}]}}