{"id":2728,"date":"2022-03-31T12:29:08","date_gmt":"2022-03-31T10:29:08","guid":{"rendered":"https:\/\/www.institut-systeme.de\/html\/?page_id=2728"},"modified":"2022-08-24T14:35:15","modified_gmt":"2022-08-24T12:35:15","slug":"buch-konstruktivistische-psychotherapie","status":"publish","type":"page","link":"https:\/\/www.institut-systeme.de\/html\/fachwissen\/buch-konstruktivistische-psychotherapie\/","title":{"rendered":"Buch &#8220;Konstruktivistische Psychotherapie&#8221;"},"content":{"rendered":"<p><strong>Das Buch zum Bonner Ressourcen Modell &#8211; ab sofort verf\u00fcgbar!<\/strong><\/p>\n<p>Das Buch \u201eKonstruktivistische Psychotherapie: Prozess-Hypno-Systemisch &#8211; Das Bonner Ressourcen Modell\u201c von Anne M. Lang (AML Institute Bonn) ist im M\u00e4rz im Elsevier-Verlag erscheinen.<br \/>\n<a href=\"https:\/\/www.institut-systeme.de\/html\/wp-content\/uploads\/2022\/08\/978-3-437-21911-5-leseprobe-lang-konstruktiv.-psychotherpie-prozess-hypno-systemisch.pdf\">Leseprobe-Lang-Konstruktiv. Psychotherpie-Prozess-Hypno-Systemisch<\/a><\/p>\n<p>Es ist ab sofort portofrei beziehbar: <a href=\"https:\/\/lnkd.in\/gKzk7TPQ\" target=\"_blank\" rel=\"noopener\">https:\/\/lnkd.in\/gKzk7TPQ<\/a><\/p>\n<p>&nbsp;<\/p>\n<p><img loading=\"lazy\" decoding=\"async\" class=\"size-medium wp-image-2730 alignright\" src=\"https:\/\/www.institut-systeme.de\/html\/wp-content\/uploads\/2022\/03\/cover-300x300.jpg\" alt=\"\" width=\"300\" height=\"300\" srcset=\"https:\/\/www.institut-systeme.de\/html\/wp-content\/uploads\/2022\/03\/cover-300x300.jpg 300w, https:\/\/www.institut-systeme.de\/html\/wp-content\/uploads\/2022\/03\/cover-1024x1024.jpg 1024w, https:\/\/www.institut-systeme.de\/html\/wp-content\/uploads\/2022\/03\/cover-150x150.jpg 150w, https:\/\/www.institut-systeme.de\/html\/wp-content\/uploads\/2022\/03\/cover-768x768.jpg 768w, https:\/\/www.institut-systeme.de\/html\/wp-content\/uploads\/2022\/03\/cover.jpg 1080w\" sizes=\"auto, (max-width: 300px) 100vw, 300px\" \/><strong>Raus aus der Pathologiefalle \u2026<\/strong><\/p>\n<p>\u2026 so k\u00f6nnte das Motto hei\u00dfen f\u00fcr die in diesem Buch aufgezeigte psychologische Ver\u00e4nderungsarbeit, die den Menschen selbst aktiv in den Prozess einbezieht, ihn zur Entwicklung herausfordert und ihn nicht \u201ebehandelt\u201c in einer \u201eRolle als Patient*in\u201c.<\/p>\n<p>Damit zeigt eine so verstandene Psychotherapie konsequent neue Wege auf f\u00fcr Patient*innen, Klient*innen und ihre Therapeut*innen. Das Bonner Ressourcen Modell bietet daf\u00fcr 3 prozess-hypno-systemische Arbeitsdimensionen an. Es reflektiert systemisch auch die gesamte Therapiesituation. Damit hat es zum Ziel, die Klient*innen flexibel zu erreichen, ihre M\u00f6glichkeiten zu heben und sie unterst\u00fctzend zu fordern. Es macht das Vorgehen von M. Erickson, De Shazer und das einer Systemik 2. Ordnung in diesem Zusammenhang verst\u00e4ndlich. Verbunden mit diesem Ziel ist eine zeitgem\u00e4\u00dfe, konstruktivistisch gef\u00fchrte Psychotherapie-Vorstellung, die die Gestaltung von Wirklichkeit weder als fachlich oder verfahrensm\u00e4\u00dfig vorgegeben versteht noch als einseitig instruierbar.<\/p>\n<p>&nbsp;<\/p>\n<p>Das Buch richtet sich an:<\/p>\n<p>Psychotherapeut*innen, psychologische Berater*innen und Coaches, die ihre Patient*innen, Klient*innen und Coachees auf konstruktivistischer Grundlage und im Rahmen prozess-hypno-systemischer Reflektion begleiten wollen.<\/p>\n<p>Das, was Anne M. Lang in den Bonner AML Instituten und ihren Weiterbildungsbereichen lehrt und im Buch beschreibt, setzt sie und ihr Team in der Psychotherapie-Praxis und im Coaching\/Supervisions-Bereich um. In dem Buch wird die entstehende Synergie in der Anwendung von Praxis, Supervision und Lehre aufgezeigt.<\/p>\n<p>&nbsp;<\/p>\n<p>&nbsp;<\/p>\n","protected":false},"excerpt":{"rendered":"<p><a class=\"ninja_pages_read_more\"  href=\"https:\/\/www.institut-systeme.de\/html\/fachwissen\/buch-konstruktivistische-psychotherapie\/\"><\/a><\/p>\n","protected":false},"author":2,"featured_media":0,"parent":15,"menu_order":0,"comment_status":"closed","ping_status":"closed","template":"","meta":{"footnotes":""},"class_list":["post-2728","page","type-page","status-publish","hentry"],"aioseo_notices":[],"_links":{"self":[{"href":"https:\/\/www.institut-systeme.de\/html\/wp-json\/wp\/v2\/pages\/2728","targetHints":{"allow":["GET"]}}],"collection":[{"href":"https:\/\/www.institut-systeme.de\/html\/wp-json\/wp\/v2\/pages"}],"about":[{"href":"https:\/\/www.institut-systeme.de\/html\/wp-json\/wp\/v2\/types\/page"}],"author":[{"embeddable":true,"href":"https:\/\/www.institut-systeme.de\/html\/wp-json\/wp\/v2\/users\/2"}],"replies":[{"embeddable":true,"href":"https:\/\/www.institut-systeme.de\/html\/wp-json\/wp\/v2\/comments?post=2728"}],"version-history":[{"count":14,"href":"https:\/\/www.institut-systeme.de\/html\/wp-json\/wp\/v2\/pages\/2728\/revisions"}],"predecessor-version":[{"id":2989,"href":"https:\/\/www.institut-systeme.de\/html\/wp-json\/wp\/v2\/pages\/2728\/revisions\/2989"}],"up":[{"embeddable":true,"href":"https:\/\/www.institut-systeme.de\/html\/wp-json\/wp\/v2\/pages\/15"}],"wp:attachment":[{"href":"https:\/\/www.institut-systeme.de\/html\/wp-json\/wp\/v2\/media?parent=2728"}],"curies":[{"name":"wp","href":"https:\/\/api.w.org\/{rel}","templated":true}]}}