{"id":2505,"date":"2021-10-22T14:25:21","date_gmt":"2021-10-22T12:25:21","guid":{"rendered":"https:\/\/www.institut-systeme.de\/html\/?page_id=2505"},"modified":"2022-05-04T11:52:55","modified_gmt":"2022-05-04T09:52:55","slug":"psychologische-beratung","status":"publish","type":"page","link":"https:\/\/www.institut-systeme.de\/html\/psychotherapie-aml\/psychologische-beratung\/","title":{"rendered":"Psychologische Beratung"},"content":{"rendered":"<p>Vielleicht sind Sie gerade dabei zu \u00fcberlegen, ob Sie lieber eine Beratung oder eine Psychotherapie wahrnehmen m\u00f6chten.<\/p>\n<p>In den AML-Instituten arbeiten psychologische Psychotherapeutinnen, die sowohl Psychotherapie als auch Psychologische Beratung anbieten, und Psychologinnen, die nur Psychologische Beratung anbieten. Sie wenden somit das an, was wir in unseren Weiterbildungen zur Ressourcenorientierten Beratung nach dem Bonner Ressourcen Modell lehren.<\/p>\n<p>In der Psychologischen Beratung werden keine Diagnosen gestellt und nur am Rande mit Krankheitsbildern gearbeitet. Dies erlaubt einen anderen Umgang mit Problemen und erlaubt so einen ganzheitlichen Blick auf die Person mit ihren individuellen St\u00e4rken und Schw\u00e4chen.<\/p>\n<p>&nbsp;<\/p>\n<p><strong>Was ist das? F\u00fcr wen ist das?<br \/>\n<\/strong>Dipl. Psychologen\/ Master Psychologen haben die Kompetenzen, \u00a0zu Lebensthemen zu beraten.<\/p>\n<p>Sie helfen mit einer intensiven Begleitung in psychologischer Gespr\u00e4chsf\u00fchrung, damit Sie Ihre eigenen Entwicklungen gehen k\u00f6nnen. Dazu verwenden wir die in den AML Instituten genutzten psychologischen Verfahren und systemische, l\u00f6sungsfokussierte, hypnosystemische Vorgehensweisen und die Vorgehensweise des Bonner Ressourcen Modells.<\/p>\n<p><strong>Solche Lebensthemen k\u00f6nnen sein:<\/strong><br \/>\nPr\u00fcfungs\u00e4ngste, Gesundheitsoptimierung, Beziehungsthemen, Themen aller Lebensphasen, wie Jugendzeit, Familienzeit, \u00c4lterwerden.<\/p>\n<p>Und alle beruflichen Themen, wie Berufsfindung, Einarbeitung, Karriereplanung, Ausstieg.<\/p>\n<p><strong>Im Unterschied<\/strong> zur Psychotherapie werden in einer psychologischen Beratung\/einem psychologischen Coaching keine Krankheits- Diagnosen gegeben und keine Krankenkassenberichte geschrieben. Sie kommen selbstbestimmt als Selbstzahler.<br \/>\nAuch aus diesem Grunde bevorzugen Klienten diese Leistung.<\/p>\n<p><strong>Die Honorare richten sich nach der Anfrage.<br \/>\n<\/strong><strong>Melden Sie sich in unserer Sekretariatssprechstunde, um einen Termin zu vereinbaren und die Organisation und anfallenden Kosten zu besprechen.<\/strong><\/p>\n<p>&nbsp;<\/p>\n","protected":false},"excerpt":{"rendered":"<p><a class=\"ninja_pages_read_more\"  href=\"https:\/\/www.institut-systeme.de\/html\/psychotherapie-aml\/psychologische-beratung\/\"><\/a><\/p>\n","protected":false},"author":2,"featured_media":0,"parent":4,"menu_order":0,"comment_status":"closed","ping_status":"closed","template":"","meta":{"footnotes":""},"class_list":["post-2505","page","type-page","status-publish","hentry"],"aioseo_notices":[],"_links":{"self":[{"href":"https:\/\/www.institut-systeme.de\/html\/wp-json\/wp\/v2\/pages\/2505","targetHints":{"allow":["GET"]}}],"collection":[{"href":"https:\/\/www.institut-systeme.de\/html\/wp-json\/wp\/v2\/pages"}],"about":[{"href":"https:\/\/www.institut-systeme.de\/html\/wp-json\/wp\/v2\/types\/page"}],"author":[{"embeddable":true,"href":"https:\/\/www.institut-systeme.de\/html\/wp-json\/wp\/v2\/users\/2"}],"replies":[{"embeddable":true,"href":"https:\/\/www.institut-systeme.de\/html\/wp-json\/wp\/v2\/comments?post=2505"}],"version-history":[{"count":8,"href":"https:\/\/www.institut-systeme.de\/html\/wp-json\/wp\/v2\/pages\/2505\/revisions"}],"predecessor-version":[{"id":2808,"href":"https:\/\/www.institut-systeme.de\/html\/wp-json\/wp\/v2\/pages\/2505\/revisions\/2808"}],"up":[{"embeddable":true,"href":"https:\/\/www.institut-systeme.de\/html\/wp-json\/wp\/v2\/pages\/4"}],"wp:attachment":[{"href":"https:\/\/www.institut-systeme.de\/html\/wp-json\/wp\/v2\/media?parent=2505"}],"curies":[{"name":"wp","href":"https:\/\/api.w.org\/{rel}","templated":true}]}}