{"id":1816,"date":"2020-01-15T15:54:08","date_gmt":"2020-01-15T14:54:08","guid":{"rendered":"https:\/\/www.institut-systeme.de\/html\/?page_id=1816"},"modified":"2020-03-10T13:23:50","modified_gmt":"2020-03-10T12:23:50","slug":"athypnose-kv-abrechnungsziffer","status":"publish","type":"page","link":"https:\/\/www.institut-systeme.de\/html\/weiterbildung-meg-dgfs\/athypnose-kv-abrechnungsziffer\/","title":{"rendered":"AT und Hypnose &#8211; KV-Abrechnungsziffern"},"content":{"rendered":"<p>Zur Beantragung der <strong>GOP\/GO\u00c4 Ziffer 845<\/strong> und <strong>EBM 35120<\/strong> k\u00f6nnen wir als akkreditiertes Bonner M.E.G.-Aus- und Weiterbildungsinstitut f\u00fcr <strong>Autogenes Training<\/strong> und <strong>Hypnose<\/strong> jeweils die daf\u00fcr erforderlichen Seminare anbieten. Es geht um jeweils zwei 2 t\u00e4gige Seminare im halbj\u00e4hrlichen Abstand.<\/p>\n<p><a href=\"https:\/\/www.institut-systeme.de\/html\/termine\/\">zum Terminkalender<\/a><\/p>\n<p><strong>Hier die Seminarinhalte dazu im \u00dcberblick<\/strong><\/p>\n<p><strong>Autogenes Training I. 16 Ustd. 2-t\u00e4gig<\/strong><\/p>\n<ul>\n<li>Historie und Begr\u00fcnder Ideen<\/li>\n<li>AT- die Besonderheit im Kreise der Entspannungsverfahren<\/li>\n<li>Indikationen<\/li>\n<li>Vorbereitung<\/li>\n<li>Die Grundformeln einzelne Hintergr\u00fcnde<\/li>\n<li>Teilnehmervermittlung<\/li>\n<li>Teilnehmerbegleitung<\/li>\n<li>Auftretende Schwierigkeiten und Umgang damit<\/li>\n<li>Settings &#8211; Einzel, Gruppe, Gro\u00dfgruppe<\/li>\n<li>Besondere Situationen<\/li>\n<li>Supervision<\/li>\n<\/ul>\n<p><strong>Autogenes Training II. 16 Ustd. 2 t\u00e4gig<\/strong><\/p>\n<ul>\n<li>Teilnehmervorbereitung<\/li>\n<li>Indikationen und Eignung bzw. Hinf\u00fchrung<\/li>\n<li>Besondere F\u00e4lle und Situationen<\/li>\n<li>Formelhafte Vorsatzbildung und ihre Hintergr\u00fcnde<\/li>\n<li>Suggestionen und Sprache<\/li>\n<li>Zielsetzungen<\/li>\n<li>Farben sehen<\/li>\n<li>Formen sehen<\/li>\n<li>Settings: Einzel, Gruppe<\/li>\n<li>Usw.<\/li>\n<li>Besondere Situationen<\/li>\n<li>Supervision<\/li>\n<\/ul>\n<p><strong>Hypnose I. 16 Ustd. 2 t\u00e4gig<\/strong><\/p>\n<ul>\n<li>Klassische Hypnose &#8211; Vertreter<\/li>\n<li>Moderne Hypnose \u2013 Milton H. Erickson<\/li>\n<li>Was ist Hypnose?, Was ist Trance?, Was sind Suggestionen?, Was ist Problemtrance?<\/li>\n<li>Einfache idealtypische Induktion: die \u201eLankton Induktion\u201c\u00a0 und ihre abschnittsweise Herleitung.<\/li>\n<li>Aufkl\u00e4rung zur Hypnose \u2013 Demo, \u00dcbung<\/li>\n<li>Zentrieren der Aufmerksamkeit \u2013 Demo, \u00dcbung<\/li>\n<li>VAKOG- Sinneswahrnehmungen- Demo, \u00dcbungen<\/li>\n<li>Ratifizieren von Tranceph\u00e4nomenen- Demo, \u00dcbungen<\/li>\n<li>Bewusst\/unbewusst &#8211; Dissoziation- Demo, \u00dcbung<\/li>\n<li>Hypnotisches Geschichtenerz\u00e4hlen \u2013 Demo, \u00dcbungen<\/li>\n<li>Inhaltliche Arbeit \u2013 Demo, \u00dcbungen<\/li>\n<li>\u00dcberblick \u00fcber ein gro\u00dfes Hypnose Curriculum der M.E.G.<\/li>\n<\/ul>\n<p><strong>Hypnose II. 16 Ustd. 2-t\u00e4gig<br \/>\n<\/strong><\/p>\n<ul>\n<li>Trancearbeit in der Psychotherapie im \u00dcberblick<\/li>\n<li>Nutzen von Tranceph\u00e4nomenen am Beispiel der Zeit-Regressions-Einf\u00fchrung<\/li>\n<li>Anwendung bei Traumata, Demo, \u00dcbungen<\/li>\n<li>Bedingungen einer g\u00fcnstigen Vorbereitung vor dem Ritual- Demo, \u00dcbungen<\/li>\n<li>Vorkommnisse, Utilisation, Ressourcentherapie<\/li>\n<li>Anwendung bei und Supervision eigener F\u00e4lle der Teilnehmer &#8211; Demo<\/li>\n<li>Nutzen von Tranceph\u00e4nomenen am Beispiel der Zukunftsprogression<\/li>\n<li>Unterschied zur Regression<\/li>\n<li>Dissoziation als hypnotisches Prinzip- Beispiele<\/li>\n<li>Assoziation als hypnotisches Prinzip- Beispiele<\/li>\n<li>Re-Assoziieren von Ressourcen<\/li>\n<li>Hypnotische Vorstellungsarbeit als hypnotische Therapiearbeit- Demo<\/li>\n<li>Hypnotische Sprache, Hypnotische Rahmung- Demo<\/li>\n<\/ul>\n","protected":false},"excerpt":{"rendered":"<p><a class=\"ninja_pages_read_more\"  href=\"https:\/\/www.institut-systeme.de\/html\/weiterbildung-meg-dgfs\/athypnose-kv-abrechnungsziffer\/\"><\/a><\/p>\n","protected":false},"author":2,"featured_media":0,"parent":9,"menu_order":4,"comment_status":"closed","ping_status":"closed","template":"","meta":{"footnotes":""},"class_list":["post-1816","page","type-page","status-publish","hentry"],"aioseo_notices":[],"_links":{"self":[{"href":"https:\/\/www.institut-systeme.de\/html\/wp-json\/wp\/v2\/pages\/1816","targetHints":{"allow":["GET"]}}],"collection":[{"href":"https:\/\/www.institut-systeme.de\/html\/wp-json\/wp\/v2\/pages"}],"about":[{"href":"https:\/\/www.institut-systeme.de\/html\/wp-json\/wp\/v2\/types\/page"}],"author":[{"embeddable":true,"href":"https:\/\/www.institut-systeme.de\/html\/wp-json\/wp\/v2\/users\/2"}],"replies":[{"embeddable":true,"href":"https:\/\/www.institut-systeme.de\/html\/wp-json\/wp\/v2\/comments?post=1816"}],"version-history":[{"count":4,"href":"https:\/\/www.institut-systeme.de\/html\/wp-json\/wp\/v2\/pages\/1816\/revisions"}],"predecessor-version":[{"id":1877,"href":"https:\/\/www.institut-systeme.de\/html\/wp-json\/wp\/v2\/pages\/1816\/revisions\/1877"}],"up":[{"embeddable":true,"href":"https:\/\/www.institut-systeme.de\/html\/wp-json\/wp\/v2\/pages\/9"}],"wp:attachment":[{"href":"https:\/\/www.institut-systeme.de\/html\/wp-json\/wp\/v2\/media?parent=1816"}],"curies":[{"name":"wp","href":"https:\/\/api.w.org\/{rel}","templated":true}]}}