{"id":149,"date":"2017-07-25T15:09:28","date_gmt":"2017-07-25T13:09:28","guid":{"rendered":"https:\/\/www.institut-systeme.de\/html?page_id=149"},"modified":"2022-04-05T16:10:00","modified_gmt":"2022-04-05T14:10:00","slug":"literaturhinweise","status":"publish","type":"page","link":"https:\/\/www.institut-systeme.de\/html\/fachwissen\/literaturhinweise\/","title":{"rendered":"Literaturhinweise"},"content":{"rendered":"<p>Die folgende Liste ist gegliedert nach<\/p>\n<ul>\n<li style=\"list-style-type: none;\">\n<ul>\n<li>Coaching<\/li>\n<li>Stressbew\u00e4ltigung &#8211; Entspannung &#8211; Selbstmanagement<\/li>\n<li>Paartherapie<\/li>\n<li>Hypnose\/Ericksonsches Vorgehen<\/li>\n<li>Systemisches Denken und Arbeiten<\/li>\n<li>Einf\u00fchrung f\u00fcr Nicht-Systemiker<\/li>\n<li>Konstruktivismus und Systemisches Denken zweiter Ordnung<\/li>\n<li>Mail\u00e4nder Schule<\/li>\n<li>L\u00f6sungsorientierte Beratung, Psychotherapie und Familientherapie<\/li>\n<li>Narrativer Ansatz<\/li>\n<li>Humanistische Familientherapie<\/li>\n<li>Strategische Familientherapie<\/li>\n<li>Medizin<\/li>\n<\/ul>\n<\/li>\n<\/ul>\n<p>&nbsp;<\/p>\n<p><strong><u>Coaching<\/u><\/strong><\/p>\n<ul>\n<li>Bachhausen, W., Thommen, J.-P. (2003). Coaching.<\/li>\n<li>J\u00e4ger, R. (2001). Praxisbuch Coaching. Offenbach: GABAL Verlag GmbH.<\/li>\n<li>Kibed, V. v. &amp; Sparrer, I. (2002). Ganz im Gegenteil. Heidelberg: Carl-Auer-Systeme Verlag.<\/li>\n<li>K\u00f6nigswieser, R. &amp;Hillebrand, M. (2004). Einf\u00fchrung in die systemische Organisationsberatung. Heidelberg: Carl-Auer-Systeme Verlag.<\/li>\n<li>Krusche, B. (2008). Paradoxien der F\u00fchrungsaufgaben und Funktionen f\u00fcr ein zukunftsf\u00e4higes Management. Heidelberg: Carl-Auer-Systeme Verlag.<\/li>\n<li>Pfannenschwarz, A. Nachfolge und Nicht-Nachfolge in Familienunternehmen (Band 1 und 2). Heidelberg: Carl-Auer-Systeme Verlag.<\/li>\n<li>Prior, M. (2002). MiniMax-Intervensionen. Heidelberg: Carl-Auer-Systeme Verlag.<\/li>\n<li>Radatz, S. (2006). Einf\u00fchrung in das systemische Coaching. Heidelberg: Carl-Auer-Systeme Verlag.<\/li>\n<li>Rauen, C. (Hrsg.) (2004). Coaching Tools. Bonn: managerSeminare Verlag GmbH.<\/li>\n<li>Schlippe, A. v., El Hachimi &amp; J\u00fcrgens. (2003). Multikulturelle systemische Praxis. Heidelberg: Carl-Auer-Systeme Verlag.<\/li>\n<li>Schmitz, Gester &amp; Heitger (Hrsg.) (1992). Managerie- Systemisches Denken und Handeln im Management. Band 1-4. Heidelberg: Carl-Auer-Systeme Verlag.<\/li>\n<li>Simon, F. B. (2002). Die Kunst, nicht zu lernen. Heidelberg: Carl-Auer-Systeme Verlag.<\/li>\n<li>Simon, F. B. &amp; Rech-Simon C. (2001). Zirkul\u00e4res Fragen. Heidelberg: Carl-Auer-Systeme Verlag.<\/li>\n<li>Wilker, F. (1999). Supervision und Coaching. Bonn: Deutscher Psychologen Verlag.<\/li>\n<li>Wittkuhn, K. &amp; Bartscher, Th. (Hrsg.). (2001). Improving Perfomance.<\/li>\n<\/ul>\n<p><strong>\u00a0<\/strong><\/p>\n<p><strong><u>Stressbew\u00e4ltigung- Entspannung- Selbstmanagement<\/u><\/strong><\/p>\n<ul>\n<li>Brenner, H. (2002). Autogenes Training. Der Weg zur innereen Ruhe. Lengerich: Pabst Science.<\/li>\n<li>Brenner, H. (2002). Progressives Entspannungstraining. Lengerich: Pabst Science.<\/li>\n<li>O\u2019Hanlon, B. (2007). Probiers mal anderes!Zehn Strategien, die Ihr Leben ver\u00e4ndern. Heidelberg: Carl-Auer-Systeme Verlag.<\/li>\n<li>Revenstorf,D., Zeher &amp; Reinhold. (2008). Hypnose Lernen- Anleitung zur Selbsthypnose f\u00fcr mehr leistung und weniger Stress. Heidelberg: Carl-Auer-Systeme Verlag.<\/li>\n<li>Stroch, M. &amp; Krause. (2003). Selbstmanagement ressourcenorientirt. Bern: Verlag Heinz Huber.<\/li>\n<\/ul>\n<p>&nbsp;<\/p>\n<p><strong><u>Paartherapie<\/u><\/strong><\/p>\n<ul>\n<li>Gottman, J.M. (1995). La\u00df uns einfach gl\u00fccklich sein. M\u00fcnchen: Heyne.<\/li>\n<li>Retzer, A. (2004). Systemische Paartherapie. Konzepte, Methode, Praxis. Stuttgart: Klett Cotta.<\/li>\n<li>(1999). Die Grundlagen der Systemischen Therapie. G\u00f6ttingen: Vanderhoeck &amp; Ruprecht.<\/li>\n<li>Schlippe, A. v. &amp; Schweitzer, J. (1996). Lehrbuch der Systemischen Therapie und Beratung. G\u00f6ttingen: Vanderhoeck &amp; Ruprecht.<\/li>\n<li>Willi, J. (2002). Psychologie der Liebe. Stuttgart: Klett-Cotta.<\/li>\n<li>Willi, J. (1985). Koevolution. Die Kunst des gemeinsamen Wachsens, Reinbeck: Rowohlt.<\/li>\n<li>Welter Enderlin, R. (1996). Deine Liebe ist nicht meine Liebe. Partnerprobleme und L\u00f6sungsmodelle aus systemischer Sicht. Herder.<\/li>\n<li>Ziegler, P. &amp; Tobey, H, (2001). Verliebt, verlobt und dann\u2026.. Paartherapie l\u00f6sungsorientiert. Dortmund: Verlag Borgmann.<\/li>\n<\/ul>\n<p>&nbsp;<\/p>\n<p><strong><u>Hypnose\/ Ericksonsches Vorgehen<\/u><\/strong><\/p>\n<ul>\n<li>Alman, B. M. &amp; Lambrou P. (1996). Selbsthypnose \u2013 Ein Handbuch zur Selbsttherapie. Heidelberg: Carl-Auer-Systeme Verlag.<\/li>\n<li>Beaulieu, D. (2005). Impact-Techniken f\u00fcr die Psychotherapie. Heidelberg: Carl-Auer-Systeme.<\/li>\n<li>Ebell, H. &amp; Schuckall, H. (2004). Warum therapeutische Hypnose? Pflaum Verlag.<\/li>\n<li>Haley, J. (2007). Die Jesusstrategie \u2013 Die macht der Ohnm\u00e4chtigen. Heidelberg: Carl-Auer Verlag.<\/li>\n<li>Haley, J. (1978). Die Psychotherapie Milton H. Erickson. M\u00fcnchen: Pfeiffer.<\/li>\n<li>Hamond, D.G. (1990). Handbook of Hypnotic Suggestions and Metaphors. NY; London: W. W. Norton &amp; Company, Inc.<\/li>\n<li>Holtz, K.L. &amp; Mrochen, S. (2005). Einf\u00fchrung in die Hypnotherapie mit Kindern und Jugendlichen. Heidelberg: Carl-Auer-Systeme Verlag.<\/li>\n<li>Junker, S. (2004). Hypnose und Magenspiegelung \u2013 Eine teilrandomisierte kontrollierte Evaluationsstudie. Heidelberg: Carl-Auer-Systeme Verlag.<\/li>\n<li>Kaiser Rekkas, A. (2005). Im Atelier der Hypnose \u2013 Entwurf, technik, Therapieverlauf. Heidelberg: Carl-Auer-Systeme Verlag.<\/li>\n<li>Kaiser Rekkas, A. (2005). Die Fee, das Tier und der Freund. Heidelberg: Carl-Auer-Systeme Verlag. (auch erh\u00e4ltlich zuz\u00fcglich CD Seifenblasen)<\/li>\n<li>Kossak, H.-Gh. (1989). Hypnose: ein Lehrbuch. M\u00fcnchen: PVU.<\/li>\n<li>Klippstein, H. (Hrsg.). (1994). Das Vergessen vergessen. Hypnotherapeutische Gruppeninduktion nach Milton Erickson. Heidelberg: Carl-Auer-Systeme Verlag.<\/li>\n<li>Mills, J.C. &amp; Crowley, R.J. (1998). Therapeutische Metaphern f\u00fcr Kinder und das Kind in uns. Heidelberg: Carl-Auer Verlag.<\/li>\n<li>Milzner, G. (2005). Ericksons S\u00f6hne \u2013 Hypnotherapeutische Konzepte von Rossi, Gilligan und Yapko. Heidelberg: Carl-Auer Verlag.<\/li>\n<li>Mrochen, Holtz &amp; Trenkle (Hrsg.). (1993). Die Pupille des Bettn\u00e4ssers. Hypnotherapeutische Arbeit mit Kindern und Jugendlichen. Heidelberg: Carl-Auer-Systeme Verlag.<\/li>\n<li>Olness, K. &amp;Kohen, D.P. (2006). Lehrbuch der Kinderhypnose und \u2013hypnotherapie. Heidelberg: Carl-Auer-Systeme Verlag.<\/li>\n<li>Peter, B. (Hrsg.). (1985). Hypnose und Hypnotherapie nach Milton H. Erickson. Leben Lernen, Band 58. M\u00fcnchen: Pfeiffer.<\/li>\n<li>Peter, B. &amp; Schmidt, G. (1992). Erickson in Europa. Heidelberg: Carl-Auer-Systeme Verlag.<\/li>\n<li>Peter, B. (2006). Einf\u00fchrung in die Hypnotherapie. Heidelberg: Carl-Auer-Systeme Verlag.<\/li>\n<li>Rossi, E. (1998). Gesamte Schriften von M. Erickson.<\/li>\n<li>Band 1: Von Wesen der Hypnose;<\/li>\n<li>Band 2: Indirekte Suggestionen und Gefahren der Hypnose;<\/li>\n<li>Band 3: Die Ver\u00e4nderung sensorischer, perzeptueller und psychophysiologischer Prozesse;<\/li>\n<li>Band 4: Untersuchung psychodynamischer Prozesse mittels Hypnose;<\/li>\n<li>Band 5: Innovative Hypnotherapie;<\/li>\n<li>Band 6: Innovative Hypnotherapie 2.<\/li>\n<li>Schmidt, G. (2005). Einf\u00fchrung in die hypnosystemische Therapie und Beratung. Heidelberg: Carl-Auer-Systeme Verlag.<\/li>\n<li>Short, D. &amp; Weinspach, C. (2007). Hoffnung und Resilienz \u2013 Therapeutische Strategien von Milton H. Erikson. Heidelberg: Carl-Auer Verlag.<\/li>\n<li>Zeig, J. (2005). Einzelnunterricht bei Erickson \u2013 Hypnotherapeutische Lektionen bei Milton H. Erickson. Heidelberg: Carl-Auer-Systeme Verlag<\/li>\n<\/ul>\n<p><strong>\u00a0<\/strong><\/p>\n<p><strong><u>Systemisches Denken und Arbeiten<\/u><\/strong><\/p>\n<ul>\n<li>Fuchs, H. &amp; Huber, A. (2002). Metaphoring \u2013 Komplexit\u00e4t erfolgreich managen. Offenbach: Gabal Verlag.<\/li>\n<li>Hargens, J. (2007). Bitte nicht helfen! Es ist auch so schon schwer genug. Heidelberg: Carl-Auer Verlag.<\/li>\n<li>Klein, R. &amp; Kann nicht, A. (2007). Einf\u00fchrung in die Praxis der systemischen Therapie und Beratung. Heidelberg: Carl-Auer-Systeme Verlag.<\/li>\n<li>Lakoff, G. (2007). Leben in Metaphern \u2013 Konstruktion und Gebrauch von Sprachbildern. Heidelberg: Carl-Auer-Systeme Verlag.<\/li>\n<li>Lehnmann, K. (2006). Umgang mit komplexen Situationen \u2013 Perspektiven Erweiterung durch Organisationsaufstellungen. Eine empirische Studie. Heidelberg: Carl-Auer-Systeme Verlag.<\/li>\n<li>Ludewig, K. (2005). Einf\u00fchrung in die theoretischen Grundlagen der systemischen Therapie. Heidelberg: Carl-Auer-Systeme Verlag.<\/li>\n<li>M\u00fccke, K. (2003). Probleme sind L\u00f6sungen. Potsdam: \u00d6koSysteme Verlag.<\/li>\n<li>Pfeffer, t. (2004). Das \u201ezirkul\u00e4re Fragen\u201c als Forschungsmethode zur Luhmannschen Systemtheorie. Heidelberg: Carl-Auer-Systeme Verlag.<\/li>\n<li>Sagebiel, J. &amp; Vanhoefer, E. (2006). Es konnte auch anderes sein- Systemische Variationen der Teamberatung. Heidelberg: Carl-Auer-Systeme Verlag.<\/li>\n<li>Schlippe, A. von &amp; Scweizer, J. (1996). Lehrbuch der systemischen Theorie und Beratung. G\u00f6ttingen: Vanderhoeck &amp; Ruprecht.<\/li>\n<li>Simon, Fritz B: 6 Rech-Simon, C. (2001). Zirkul\u00e4res Fragen. Heidelberg: Carl-Auer-Systeme Verlag.<\/li>\n<li>Tomaschek, N. (Hrsg.). (2007). Perspektiven der systemischen Entwicklung und Beratung von Organisationen. Heidelberg: Carl-Auer-Systeme Verlag.<\/li>\n<li>Tomaschek, N. (2007). Systemische Organisationsentwicklung und Beratung bei Ver\u00e4nderungsprozessen. Heidelberg: Carl-Auer-Systeme Verlag.<\/li>\n<li>Wimmer, R. (2004). Organisation und Beratung \u2013 Systemtheoretische Perspektiven f\u00fcr die Praxis. Heidelberg: Carl-Auer-Systeme Verlag.<\/li>\n<\/ul>\n<p>&nbsp;<\/p>\n<p><strong><u>Einf\u00fchrungen f\u00fcr Nichtsystemiker:<\/u><\/strong><\/p>\n<ul>\n<li>Lieb, H. (2009). So hab ich das noch nie gesehen \u2013 Systemische Therapie f\u00fcr Verhaltenstherapeuten. Heidelberg: Carl-Auer Verlag.<\/li>\n<\/ul>\n<p><strong>\u00a0<\/strong><\/p>\n<p><strong><u>Konstruktivismus und Systemisches Denken zweiter Ordnung<\/u><\/strong><\/p>\n<ul>\n<li>Andersen, T. (1996). Das Reflektion Team, Dialoge und Dialoge \u00fcber die Dialoge. Systemische Studien Band 5. Dortmund: Verlag modernes Lernen.<\/li>\n<li>Bradford, K. (1987).Konstruieren therapeutischer Wirklichkeiten. Praxis und Theorie systemischer Therapie. Systemische Studien Band 2. Dortmund: Verlag modernes Lernen.<\/li>\n<li>Bradford, K. (1987). \u00c4sthetik des Wandels. Hamburg: Isko Press.<\/li>\n<li>Cecchin, G. Respektlosigkeit. Heidelberg: Carl-Auer-Systeme Verlag.<\/li>\n<li>Fischer, H.R. Wissenschaft und Konstruktivismus. Heidelberg: Carl-Auer Verlag.<\/li>\n<li>Dell, P. (1986). Klinische Erkenntnis. Zu den Grundlagen der systemischen Therapie.<\/li>\n<li>Krieg, P. &amp; Watzlawick, P. (Hrsg.). (2002). Das Auge des Betrachters. Heidelberg: Carl-Auer-Systeme Verlag.<\/li>\n<li>K\u00f6nigswieser, R. &amp; Hillebrand, M. 82004). Einf\u00fchrung in die systemische Organisationsberatung. Heidelberg: Carl-Auer Verlag.<\/li>\n<li>Hillebrand, M., Sonuc, E &amp; K\u00f6nigswieser, R. (Hrsg.). (2006). Essenzen der systemischen Organisationsberatung. Heidelberg: Carl-Auer Verlag.<\/li>\n<li>Keeney, B. (1987). \u00c4sthetik des Wandels. Hamburg: Isko-Press.<\/li>\n<li>Krieg, P. &amp; Watzlawik, P. (Hrsg.). (2002). Das Auge des Betrachters. Beitr\u00e4ge zum Konstruktivismus. Heidelberg: Carl-Auer-Systeme Verlag.<\/li>\n<li>Lehnert, M. (200&amp;9. Gibt es Konflikte? Eine systemtheoretische Beobachtung. Heidelberg: Carl-Auer-Systeme Verlag.<\/li>\n<li>Lutterer, W. (2002). Gregory Bateson. Eine Einf\u00fchrung in sein Denken. Heidelberg: Carl-Auer-Systeme Verlag.<\/li>\n<li>Nardone, G. (2007). Pirouetten im Supermarkt \u2013 Strategische Interventionen f\u00fcr Therapie und Selbsthilfe. Heidelberg: Carl-Auer-Systeme Verlag.<\/li>\n<li>Maturana, H. &amp; P\u00f6rksen, B. (2002). Vom Sein zum Tun \u2013 Die Urspr\u00fcnge der Biologie des Erkennens. Heidelberg: Carl-Auer-Systeme Verlag.<\/li>\n<li>P\u00f6rksen, B. (2001). Abschied vom Absoluten. Gespr\u00e4che zum Konstruktivismus. Heidelberg: Carl-Auer-Systeme Verlag.<\/li>\n<li>P\u00f6rksen, B. (2002). Die Gewissheit der Ungewissheit. Gespr\u00e4che zum Konstruktivismus. Heidelberg: Carl-Auer-Systeme Verlag.<\/li>\n<li>Schweitzer, J., Retzer, A. &amp; Fischer, H.R. (1992). Systemische Praxis und Postmoderne. Frankfurt: Suhrkamp Taschenbuch Wissenschaft.<\/li>\n<li>Simon, F.B. (1999). Meine Psychose, mein Fahrrad und ich. Heidelberg: Carl-Auer Verlag.<\/li>\n<li>Simon, B. (2006). Einf\u00fchrung in die Systemtheorie und Konstruktivismus. Heidelberg: Carl-Auer-Systeme Verlag.<\/li>\n<li>Simon, F. &amp; Weber, G. (2004). Vom Navigieren beim Driften. \u201ePost aus der Werkstatt\u201c der systemischen Therapie. Heidelberg: Carl-Auer-Systeme Verlag.<\/li>\n<li>Tomm, K. (2001). Die Frage des Beobachters. Heidelberg: Carl-Auer-Systeme Verlag.<\/li>\n<li>Von Foerster, H. &amp; Br\u00f6cker, M. (2002). Teil der Welt. Fraktaler einer Ethik \u2013 Ein Drama in drei Akten. Heidelberg: Carl-Auer-Systeme Verlag.<\/li>\n<li>Von Foerster, H. &amp; P\u00f6rksen, B. Wahrheit ist die Erfindung eines L\u00fcgners. Heidelberg: Carl-Auer-Systeme Verlag.<\/li>\n<li>Von Foerster, H. &amp; von Glaserfeld, E. (1999). Wie wir uns erfinden. Heidelberg: Carl-Auer-Systeme Verlag.<\/li>\n<li>Walker, W. (2000). Abenteuer Kommunikation. Verlag Klett Cotta \u2013 Konzepte der Wissenschaft.<\/li>\n<li>Watzlawik, P. (1982). Wie wirklich ist die Wirklichkeit? Wahn. T\u00e4uschung. Verstehen. M\u00fcnchen: R. Piper &amp; Co. Verlag<\/li>\n<li>Watzlawik, P. (2003). Kurzzeittherapie und Wirklichkeit. Eine Einf\u00fchrung. M\u00fcnchen: Piper.<\/li>\n<\/ul>\n<p><strong>\u00a0<\/strong><\/p>\n<p><strong><u>Mail\u00e4nder Schule<\/u><\/strong><\/p>\n<ul>\n<li>Boscolo, L. &amp; Bertrando, P. (2000). Systemische Einzeltherapie. Heidelberg: Carl-Auer-Systeme Verlag.<\/li>\n<li>Boscolo, L., Cecchin, G. &amp; Penn, P. (1988). Familientherapie- Systemtherapie. Das Mail\u00e4nder Modell. Systemische Studien, Band 4. Dortmund: Verlag Moderne Studien.<\/li>\n<li>Cecchin, G., Lane, G &amp; Ray, W. (2005). Respektlosigkeit. Provokative Strategien f\u00fcr Therapeuten. Heidelberg: Carl-Auer-Systeme Verlag.<\/li>\n<\/ul>\n<p><strong>\u00a0<\/strong><\/p>\n<p><strong><u>L\u00f6sungsorientierte Beratung, Psychotherapie und Familientherapie<\/u><\/strong><\/p>\n<ul>\n<li>Bamberger, G. (2001). L\u00f6sungsorientierte Beratung. Weinheim: Praxishandbuch Beltz PVU.<\/li>\n<li>Furman, B. (2005). Ich schaffs! \u2013 Spielerisch und praktisch L\u00f6sungen mit Kindern finden \u2013 Das 15-Schritte-Programm f\u00fcr Eltern, Erzieher und Therapeuten. Heidelberg: Carl-Auer-Systeme Verlag.<\/li>\n<li>Jong, de P. &amp; Berg, I.K. (1998). L\u00f6sungen (er)finden. Dortmund: Verlag Modernes Lernen.<\/li>\n<li>Jong, de P. (1999). L\u00f6sungen (er)finden. Das Werkstattbuch der l\u00f6sungsorientierten Kurztherapie. Dortmund: Verlag modernes Lernen.<\/li>\n<li>Mehlmann, R. &amp; R\u00f6se (200).Das LOT-Prinzip. Vandenhoeck &amp; Ruprecht.<\/li>\n<li>Miller, S. D. &amp; Berg, I.K. (19979. Die Wundermethode!?! \u2013 Ein v\u00f6llig neuer Ansatz bei Alkoholproblemen, Dortmund<\/li>\n<li>Shazer, de S. (1998). Das Spiel mit Unterschieden. Wie therapeutische L\u00f6sungen l\u00f6sen. Heidelberg: Carl-Auer-Systeme Verlag.<\/li>\n<li>Shazer, de S. (2008). Mehr als ein Wunder. L\u00f6sungsfokussierte Kurzzeittherapie heute. Heidelberg: Carl-Auer-Systeme Verlag.<\/li>\n<li>Steiner, T. &amp; Berg, I.K. (2005). Handbuch l\u00f6sungsorientiertes Arbeiten mit Kindern. Heidelberg: Carl-Auer-Systeme Verlag.<\/li>\n<\/ul>\n<p><strong>\u00a0<\/strong><\/p>\n<p><strong><u>Narrativer Ansatz<\/u><\/strong><\/p>\n<ul>\n<li>Grossmann, K.P. (2000). Der Fluss des Erz\u00e4hlens. Narrative Formen der Therapie. Heidelberg: Carl-Auer-Systeme Verlag.<\/li>\n<li>White, M. &amp; Epson, D. (2002). Die Z\u00e4hmung der Monster. Der narativer Ansatz in der Familientherapie. Heidelberg: Carl-Auer-Systeme Verlag.<\/li>\n<\/ul>\n<p><strong>\u00a0<\/strong><\/p>\n<p><strong><u>Humanistische Familientherapie<\/u><\/strong><\/p>\n<ul>\n<li>Satir, V. (1992). Vitamil L. Wie Ihr Leben zur aktiven Mediation wir. Wessobrunn: Integral.<\/li>\n<\/ul>\n<p><strong>\u00a0<\/strong><\/p>\n<p><strong><u>Strategische Familientherapie<\/u><\/strong><\/p>\n<ul>\n<li>Haley, J. (2007). Die Jesusstrategie \u2013 Die Macht der Ohnm\u00e4chtigen. Heidelberg: Carl-Auer-Systeme Verlag.<\/li>\n<li>Madanes, C. (1989). Hinter dem Einwegspiegel. Fortschritte in der strategischen Therapie. Hamburg: Isko-Press.<\/li>\n<li>Madanes, C. (1997). Sex, Liebe und Gewalt \u2013 Therapeutische Strategien zur Ver\u00e4nderung. Heidelberg: Carl-Auer-Systeme Verlag.<\/li>\n<\/ul>\n<p>&nbsp;<\/p>\n<p><strong><u>Medizin<\/u><\/strong><\/p>\n<ul>\n<li>Hargens, J., Hansen-Magnusson, B. &amp; Hansen-Magnusson, E. (2008). Psychotherapie und Medizin oder Zusammenarbeit ein wenig anderes\u2026 Skizzen eines erfolgreichen Modells. Dortmund: borgmann Verlag.<\/li>\n<\/ul>\n","protected":false},"excerpt":{"rendered":"<p><a class=\"ninja_pages_read_more\"  href=\"https:\/\/www.institut-systeme.de\/html\/fachwissen\/literaturhinweise\/\"><\/a><\/p>\n","protected":false},"author":1,"featured_media":0,"parent":15,"menu_order":4,"comment_status":"closed","ping_status":"closed","template":"","meta":{"footnotes":""},"class_list":["post-149","page","type-page","status-publish","hentry"],"aioseo_notices":[],"_links":{"self":[{"href":"https:\/\/www.institut-systeme.de\/html\/wp-json\/wp\/v2\/pages\/149","targetHints":{"allow":["GET"]}}],"collection":[{"href":"https:\/\/www.institut-systeme.de\/html\/wp-json\/wp\/v2\/pages"}],"about":[{"href":"https:\/\/www.institut-systeme.de\/html\/wp-json\/wp\/v2\/types\/page"}],"author":[{"embeddable":true,"href":"https:\/\/www.institut-systeme.de\/html\/wp-json\/wp\/v2\/users\/1"}],"replies":[{"embeddable":true,"href":"https:\/\/www.institut-systeme.de\/html\/wp-json\/wp\/v2\/comments?post=149"}],"version-history":[{"count":7,"href":"https:\/\/www.institut-systeme.de\/html\/wp-json\/wp\/v2\/pages\/149\/revisions"}],"predecessor-version":[{"id":2792,"href":"https:\/\/www.institut-systeme.de\/html\/wp-json\/wp\/v2\/pages\/149\/revisions\/2792"}],"up":[{"embeddable":true,"href":"https:\/\/www.institut-systeme.de\/html\/wp-json\/wp\/v2\/pages\/15"}],"wp:attachment":[{"href":"https:\/\/www.institut-systeme.de\/html\/wp-json\/wp\/v2\/media?parent=149"}],"curies":[{"name":"wp","href":"https:\/\/api.w.org\/{rel}","templated":true}]}}