{"id":139,"date":"2017-07-25T15:07:56","date_gmt":"2017-07-25T13:07:56","guid":{"rendered":"https:\/\/www.institut-systeme.de\/html?page_id=139"},"modified":"2025-12-19T16:08:49","modified_gmt":"2025-12-19T15:08:49","slug":"praktikum","status":"publish","type":"page","link":"https:\/\/www.institut-systeme.de\/html\/aml-institute\/jobskarriere\/praktikum\/","title":{"rendered":"Praktikum"},"content":{"rendered":"<p>Am AML Institut Systeme wie auch am Milton Erickson Institut Bonn k\u00f6nnen StudentInnen der Psychologie und der Sozialwissenschaften Praktika machen. In der Regel haben wir einen Praktikantin\/eine Praktikantin, der\/die einen festen Schreibtisch im Seminarraum hat. Wir bevorzugen 3 Monatspraktikanten. Schreiben Sie uns Ihre Praktikumszeitvorstellung.<\/p>\n<p>Mit jetzt 37j\u00e4hriger Berufst\u00e4tigkeit f\u00fchle ich mich dem Nachwuchs verpflichtet. Ich bekomme immer wieder zu h\u00f6ren: Das, was wir hier im Institut lernen, haben wir noch nie an der Uni geh\u00f6rt.<\/p>\n<p>Im Institut praktizieren wir eine Psychologie mit systemischem und hypnosystemischem Denken und Vorgehen. Auch wenn wir in Diagnostik und tradtioneller Psychotherapie fundiert ausgebildet sind, arbeiten wir heute mit der professionellen Haltung, bei Individuen deren Entwicklung zu rahmen und nicht einseitig &#8220;nur&#8221; einen &#8220;Patienten&#8221; zu &#8220;behandeln&#8221;. Auch im Coaching geht es weniger darum, einen Menschen in defizit\u00e4rer Situation zu sehen, als seine Situation systemisch aufzuarbeiten und neue Bew\u00e4ltigung zu initieren.<\/p>\n<p>Unsere Arbeit macht einen bedeutsamen psychologischen Unterschied!<\/p>\n<p>Nicht zuletzt sind es die Praktikanten, die einen tiefen Einblick in unsere Arbeit bekommen und auf diesem Hintergrund sich vielleicht sp\u00e4ter im Institut als Mitrbeiter bewerben wollen.<\/p>\n<p>Ihre Bewerbung zum Praktikum erreicht mich unter <a href=\"&#109;&#x61;&#x69;&#108;&#x74;&#x6f;:&#x49;&#x6e;f&#111;&#x40;i&#110;&#x73;t&#105;&#x74;u&#116;&#x2d;s&#121;&#x73;&#x74;&#101;&#x6d;&#x65;&#46;&#x64;&#x65;\">&#x49;&#110;f&#x6f;&#x40;&#105;n&#x73;&#x74;&#105;t&#x75;&#x74;&#45;s&#x79;&#x73;&#116;e&#x6d;&#101;&#46;d&#x65;<\/a>.<br \/>\nWenn wir einen Platz frei haben, freuen wir uns auf Sie!<\/p>\n<p>&nbsp;<\/p>\n<p><a href=\"https:\/\/www.institut-systeme.de\/html\/wp-content\/uploads\/2018\/09\/praktikantenfeedback-1.pdf\">Praktikantenfeedback vor 2020<\/a><strong> \u00a0\u00a0\u00a0\u00a0\u00a0\u00a0\u00a0\u00a0\u00a0\u00a0\u00a0\u00a0\u00a0 <a href=\"https:\/\/www.institut-systeme.de\/html\/wp-content\/uploads\/2025\/12\/abschlussberichte-praktikum_ab2020.pdf\" target=\"_blank\" rel=\"noopener\">Abschlussberichte Praktikum_ab2020<\/a><br \/>\n<\/strong><\/p>\n<p>&nbsp;<\/p>\n<p><strong>In Ihrem Praktikum bei uns bekommen Sie Einblick und \u00dcberblick<\/strong><\/p>\n<ul>\n<li>In unsere Schwerpunktmethoden (Systemische Therapie und Hpnotherapie &#8211; nat\u00fcrlich auch VT u.TP)<\/li>\n<li>In die interne und externe Organisation zweier psychologischer Institute<\/li>\n<li>Sie lernen im Milton Erickson Institut und im AML Institut Systeme mit seinen verschiedenen\u00a0psychologischen Arbeitsbereichen und 7 zertifizierten Weiterbildungsreihen<\/li>\n<li>Sie lernen auf vielf\u00e4ltige Art und Weise<\/li>\n<\/ul>\n<p><strong>Im Bereich Ausbildungsseminare:<\/strong><\/p>\n<ul>\n<li>Sie arbeiten mit in der Vorbereitung, Durchf\u00fchrung und Nachbetreuung der 4 M.E.G.-Curricula:<\/li>\n<li>KliHyp (Psychotherapie), KomHyp (Coaching), MedHyp (Medizin) und KiHyp (Kindertherapie).<\/li>\n<li>Sie k\u00f6nnen an den Seminaren der beiden Institute beobachtend teilnehmen. Dies gilt f\u00fcr die Ausbildungs- und Anwendungsseminare beider zertifizierten (DGSF und MEG) und akkreditierten (PT- Kammer) Institute.<\/li>\n<\/ul>\n<p>Sie nehmen an den Angebote aus unserer Gemeinschaftspraxis teil zur Stressbew\u00e4ltigung, zum Erlernen der Selbsthypnose &#8220;Ressourcengruppe &#8211; Hypnose erfahren &#8211; Selbsthypnose erlernen&#8221;<br \/>\nSie nehmen an den Supervisionen und Lehrsupervisionen teil.<\/p>\n<p><strong>Im Bereich Institutsorganisation:<\/strong>\u00b7<br \/>\nSie bekommen Einblick in die Institutsorganisation, hinsichtlich Planung von Aktivit\u00e4ten zur Information, Internetaktualisierung, Newsletter usw.<\/p>\n<p><strong>In Praktikumsprojekten:<\/strong><br \/>\nIhren Vorkenntnissen entsprechend\u00a0 nehmen Sie an bestimmten laufenden Optimierungsprojekten teil:<\/p>\n<ul>\n<li>Anfragebeantwortung, Informationsflyer<\/li>\n<li>Statistik und Evaluation der Teilnehmerkontakte<\/li>\n<li>Internetauftritt, Verlinkungen, Au\u00dfendarstellung und externe\/interne Information<\/li>\n<li>Wissensmanagement, Dokumentation, Materialien, Produktentwicklung &#8211;\u00a0vor allem in der Vor- und Nachbereitung von Seminaren<\/li>\n<li>B\u00fccher, Videos, Kassetten der Institute stehen zur Verf\u00fcgung.<\/li>\n<\/ul>\n<p><strong>Weitere Seminarbegleitung:<br \/>\n<\/strong>Erfahrene Praktikanten k\u00f6nnen auch \u00fcber ihr Praktikum hinaus hier unsere Seminare begleiten. Ihre Aufgabe besteht dann in der organisatorischen Vor-\/Nachbereitung und dem Aufnehmen von Videoszenen. Wenn Sie Interesse haben, melden Sie sich bei uns.<\/p>\n","protected":false},"excerpt":{"rendered":"<p><a class=\"ninja_pages_read_more\"  href=\"https:\/\/www.institut-systeme.de\/html\/aml-institute\/jobskarriere\/praktikum\/\"><\/a><\/p>\n","protected":false},"author":1,"featured_media":0,"parent":137,"menu_order":1,"comment_status":"closed","ping_status":"closed","template":"","meta":{"footnotes":""},"class_list":["post-139","page","type-page","status-publish","hentry"],"aioseo_notices":[],"_links":{"self":[{"href":"https:\/\/www.institut-systeme.de\/html\/wp-json\/wp\/v2\/pages\/139","targetHints":{"allow":["GET"]}}],"collection":[{"href":"https:\/\/www.institut-systeme.de\/html\/wp-json\/wp\/v2\/pages"}],"about":[{"href":"https:\/\/www.institut-systeme.de\/html\/wp-json\/wp\/v2\/types\/page"}],"author":[{"embeddable":true,"href":"https:\/\/www.institut-systeme.de\/html\/wp-json\/wp\/v2\/users\/1"}],"replies":[{"embeddable":true,"href":"https:\/\/www.institut-systeme.de\/html\/wp-json\/wp\/v2\/comments?post=139"}],"version-history":[{"count":36,"href":"https:\/\/www.institut-systeme.de\/html\/wp-json\/wp\/v2\/pages\/139\/revisions"}],"predecessor-version":[{"id":4057,"href":"https:\/\/www.institut-systeme.de\/html\/wp-json\/wp\/v2\/pages\/139\/revisions\/4057"}],"up":[{"embeddable":true,"href":"https:\/\/www.institut-systeme.de\/html\/wp-json\/wp\/v2\/pages\/137"}],"wp:attachment":[{"href":"https:\/\/www.institut-systeme.de\/html\/wp-json\/wp\/v2\/media?parent=139"}],"curies":[{"name":"wp","href":"https:\/\/api.w.org\/{rel}","templated":true}]}}