{"id":1346,"date":"2019-01-24T16:19:59","date_gmt":"2019-01-24T15:19:59","guid":{"rendered":"https:\/\/www.institut-systeme.de\/html\/?page_id=1346"},"modified":"2025-06-12T09:37:22","modified_gmt":"2025-06-12T07:37:22","slug":"praxis-team","status":"publish","type":"page","link":"https:\/\/www.institut-systeme.de\/html\/psychotherapie-aml\/praxis-team\/","title":{"rendered":"Praxis-Team"},"content":{"rendered":"<p><img loading=\"lazy\" decoding=\"async\" class=\"alignnone wp-image-509\" src=\"https:\/\/www.institut-systeme.de\/html\/wp-content\/uploads\/2018\/09\/sitzend-mangerimg_7658_klein-248x300.jpg\" alt=\"\" width=\"125\" height=\"152\" srcset=\"https:\/\/www.institut-systeme.de\/html\/wp-content\/uploads\/2018\/09\/sitzend-mangerimg_7658_klein-248x300.jpg 248w, https:\/\/www.institut-systeme.de\/html\/wp-content\/uploads\/2018\/09\/sitzend-mangerimg_7658_klein.jpg 559w\" sizes=\"auto, (max-width: 125px) 100vw, 125px\" \/><\/p>\n<h4>Anne M. Lang, Dipl.-Psychologin PP<br \/>\nMitglied der Psychotherapeutenkammer NRW<br \/>\nMitglied der Psychotherapeutenkammer Rheinland-Pfalz<\/h4>\n<p><!--more--><\/p>\n<p><strong>Institute-Leitung<\/strong><\/p>\n<p><strong>Lehre<\/strong>:<br \/>\n\u2022 Zertifizierte\u00a0Lehrende\/Supervisorin f\u00fcr systemische Therapie DGSF<br \/>\n\u2022 Zertifizierte\u00a0Lehrende\/Supervisorin f\u00fcr systemische Beratung DGSF<br \/>\n\u2022 Zertifizierte\u00a0Lehrende\/Supervisorin f\u00fcr systemisches Coaching DGSF<br \/>\n\u2022 Zertifizierte\u00a0Ausbilderin\/Supervisorin f\u00fcr medizinische Hypnose MEG<br \/>\n\u2022 Zertifizierte\u00a0Ausbilderin\/Supervisorin f\u00fcr klinische Hypnose MEG<br \/>\n\u2022 Zertifizierte Ausbilderin\/Supervisorin f\u00fcr hypnosystemische Kommunikation MEG<br \/>\n\u2022 Zertifizierte Ausbilderin\/Supervisorin f\u00fcr KinderHypnotherapie MEG<br \/>\n\u2022 Lehrsupervisorin DPA<br \/>\n\u2022 Weiterbildnerin f\u00fcr Systemische Therapie der PT-Kammern NRW und RLP<br \/>\n\u2022 Systemische Therapeutin der PT-Kammer NRW<\/p>\n<p><strong>Coaching<\/strong>:<br \/>\n\u2022 Zert. Senior Coach BDP, DGSF<\/p>\n<p><strong>Psychotherapie<\/strong>:<br \/>\n\u2022 Anerkannte systemische Psychotherapeutin der PT-Kammern NRW und RLP<br \/>\n\u2022 Approbation Psychologische Psychotherapie<br \/>\n\u2022 Psychotherapeutenregister-Eintr\u00e4ge der Kassen\u00e4rztlichen Vereinigung\/Fachkunde<br \/>\n&#8211; Eintrag f\u00fcr Systemische Therapie<br \/>\n&#8211; Eintrag f\u00fcr Verhaltenstherapie<br \/>\n&#8211; Eintrag f\u00fcr Tiefenpsychologische Therapie<br \/>\n&#8211; Eintr\u00e4ge f\u00fcr AT, PMR, Hypnose<\/p>\n<p>Zertifikate der Fachgesellschaften:<br \/>\n\u2022 Zertifizierte Einzel-\/Paar-\/Familientherapeutin DGSF<br \/>\n\u2022 Zertifizierte\u00a0Hypnotherapeutin M.E.G.<br \/>\n\u2022 Zertifiziert\u00a0Stressmanagement \u00a0BDP<br \/>\n\u2022 Zertifiziert\u00a0Notfallmanagement BDP<br \/>\n\u2022 Zertifizierte\u00a0Trainerin AT, PMR BDP<\/p>\n<p>&nbsp;<\/p>\n<p>&nbsp;<\/p>\n<p><img loading=\"lazy\" decoding=\"async\" class=\"alignnone wp-image-560\" src=\"https:\/\/www.institut-systeme.de\/html\/wp-content\/uploads\/2018\/09\/anke0141-1-225x300.jpg\" alt=\"\" width=\"125\" height=\"167\" srcset=\"https:\/\/www.institut-systeme.de\/html\/wp-content\/uploads\/2018\/09\/anke0141-1-225x300.jpg 225w, https:\/\/www.institut-systeme.de\/html\/wp-content\/uploads\/2018\/09\/anke0141-1-768x1024.jpg 768w, https:\/\/www.institut-systeme.de\/html\/wp-content\/uploads\/2018\/09\/anke0141-1-1320x1760.jpg 1320w\" sizes=\"auto, (max-width: 125px) 100vw, 125px\" \/><\/p>\n<h4>Anke Uhlemann, Dipl.-Psychologin PP<br \/>\nMitglied der Psychotherapeutenkammer NRW<\/h4>\n<p><!--more--><\/p>\n<p><strong>Psychologische Beratung<\/strong>:<br \/>\n\u2022 Zertifiziert\u00a0Hypno-Systemische Kommunikation MEG<br \/>\n\u2022 Systemische Beratung und Systemberatung<br \/>\n\u2022 Beratung zu Suchtfragen und Suchtpr\u00e4vention<\/p>\n<p><strong>Psychotherapie<\/strong>:<br \/>\n\u2022 Anerkannte systemische Psychotherapeutin der PT-Kammer NRW<br \/>\n\u2022 Approbation Psychologische Psychotherapie<br \/>\n\u2022 Psychotherapeutenregister-Eintr\u00e4ge der Kassen\u00e4rztlichen Vereinigung\/Fachkunde<br \/>\n&#8211; Eintrag f\u00fcr Systemische Therapie<br \/>\n&#8211; Eintrag f\u00fcr Tiefenpsychologische Therapie<\/p>\n<p>\u2022 Zertifizierte\u00a0Systemische Therapeutin DGSF<br \/>\n\u2022\u00a0Einzel-, Paar-,\u00a0 Familien-, Gruppentherapie<br \/>\n\u2022 Familientherapie und Systemberatung<br \/>\n\u2022 Suchttherapie<br \/>\n\u2022 zertifizierte\u00a0Hypnotherapeutin MEG<br \/>\n\u2022 Supervisorin am Institut f\u00fcr Psychotherapie und Psychoanalyse Rhein-Eifel GmbH -Annelise Heigl-Evers Institut<br \/>\n\u2022 Supervisorin am ifs &#8211; Institut f\u00fcr Systemische Familientherapie, Supervision und Organisationsentwicklung<\/p>\n<p>&nbsp;<\/p>\n<p>&nbsp;<\/p>\n<p><img loading=\"lazy\" decoding=\"async\" class=\"alignnone wp-image-3276\" src=\"https:\/\/www.institut-systeme.de\/html\/wp-content\/uploads\/2023\/07\/wittkuhn_eva-300x295.jpg\" alt=\"\" width=\"150\" height=\"147\" srcset=\"https:\/\/www.institut-systeme.de\/html\/wp-content\/uploads\/2023\/07\/wittkuhn_eva-300x295.jpg 300w, https:\/\/www.institut-systeme.de\/html\/wp-content\/uploads\/2023\/07\/wittkuhn_eva-1024x1007.jpg 1024w, https:\/\/www.institut-systeme.de\/html\/wp-content\/uploads\/2023\/07\/wittkuhn_eva-768x755.jpg 768w, https:\/\/www.institut-systeme.de\/html\/wp-content\/uploads\/2023\/07\/wittkuhn_eva-1536x1510.jpg 1536w, https:\/\/www.institut-systeme.de\/html\/wp-content\/uploads\/2023\/07\/wittkuhn_eva-1320x1297.jpg 1320w, https:\/\/www.institut-systeme.de\/html\/wp-content\/uploads\/2023\/07\/wittkuhn_eva.jpg 2048w\" sizes=\"auto, (max-width: 150px) 100vw, 150px\" \/><\/p>\n<h4>Eva Wittkuhn, M.Sc. Psychologie PP<\/h4>\n<p><!--more--><\/p>\n<p><strong>Beratung:<br \/>\n<\/strong>\u2022 Scottish Association for Mental Health : \u00d6ffentlichkeits- u. Aufkl\u00e4rungsarbeit zu<br \/>\npsychischen Diagnosen innerhalb der Anti-Stigma Kampagne \u201eSee Me\u201c<br \/>\n\u2022 Universit\u00e4t Hamburg: Projekt-Leitung der Studienbegleitung f\u00fcr Gefl\u00fcchtete<br \/>\nim Programm UHHhilft \u2013 Studienorientierung f\u00fcr Gefl\u00fcchtete<br \/>\n\u2022 Universit\u00e4t Hamburg: Projekt- Leitung des Frauentreffen<br \/>\nim Programm UHHhilft \u2013 Studienorientierung f\u00fcr Gefl\u00fcchtete<\/p>\n<p><strong>Psychotherapie:<br \/>\n<\/strong>\u2022 Psychologischen Psychotherapeutin,<br \/>\nFachkunde Systemische Psychotherapie<br \/>\n\u2022 Zertifiziert in Hypno-Systemischer Kommunikation nach Milton Erickson (M.E.G.)<br \/>\n\u2022 In Ausbildung der klinischen Hypnotherapie im Milton Erickson Institut Bonn<\/p>\n<p><strong>Lehre:<br \/>\n<\/strong>\u2022 Dozentin am Institut f\u00fcr Psychotherapie und Psychoanalyse Rhein-Eifel GmbH -Annelise Heigl-Evers Institut-<br \/>\n\u2022 Zertifikat &#8220;Hypnosystemische Kommunikation nach Milton Erickson&#8221; Hospitantin zur Ausbilderin M.E.G.<\/p>\n<p><strong>Erfahrung:<br \/>\n<\/strong>\u2022 Klinik f\u00fcr Psychiatrie, Psychotherapie und Psychosomatik<br \/>\nMarienhaus Klinikum Haus St. Antonius, Waldbreitbach<br \/>\n\u2022 Fl\u00fcchtlingsambulanz des Universit\u00e4tsklinikums Eppendorf, Hamburg<br \/>\n\u2022 Psychosomatischen Kinderklinik SOMNIA, H\u00fcrth<\/p>\n<p>&nbsp;<\/p>\n<p>&nbsp;<\/p>\n<p>&nbsp;<\/p>\n<p>&nbsp;<\/p>\n<p><a href=\"https:\/\/www.institut-systeme.de\/html\/wp-content\/uploads\/2020\/11\/bettina.jpg\"><img loading=\"lazy\" decoding=\"async\" class=\"alignnone wp-image-2118\" src=\"https:\/\/www.institut-systeme.de\/html\/wp-content\/uploads\/2020\/11\/bettina.jpg\" alt=\"\" width=\"109\" height=\"164\" \/><\/a><\/p>\n<h4>Bettina Schmitz-B\u00f6hling<br \/>\nInstitutssekretariat<\/h4>\n<p>&nbsp;<\/p>\n<h4><!--more--><\/h4>\n<p>Anmeldung und Terminvergabe<br \/>\nSeminarorganisation<br \/>\nRechnungswesen<\/p>\n","protected":false},"excerpt":{"rendered":"<p><a class=\"ninja_pages_read_more\"  href=\"https:\/\/www.institut-systeme.de\/html\/psychotherapie-aml\/praxis-team\/\"><\/a><\/p>\n","protected":false},"author":2,"featured_media":0,"parent":4,"menu_order":0,"comment_status":"closed","ping_status":"closed","template":"","meta":{"footnotes":""},"class_list":["post-1346","page","type-page","status-publish","hentry"],"aioseo_notices":[],"_links":{"self":[{"href":"https:\/\/www.institut-systeme.de\/html\/wp-json\/wp\/v2\/pages\/1346","targetHints":{"allow":["GET"]}}],"collection":[{"href":"https:\/\/www.institut-systeme.de\/html\/wp-json\/wp\/v2\/pages"}],"about":[{"href":"https:\/\/www.institut-systeme.de\/html\/wp-json\/wp\/v2\/types\/page"}],"author":[{"embeddable":true,"href":"https:\/\/www.institut-systeme.de\/html\/wp-json\/wp\/v2\/users\/2"}],"replies":[{"embeddable":true,"href":"https:\/\/www.institut-systeme.de\/html\/wp-json\/wp\/v2\/comments?post=1346"}],"version-history":[{"count":25,"href":"https:\/\/www.institut-systeme.de\/html\/wp-json\/wp\/v2\/pages\/1346\/revisions"}],"predecessor-version":[{"id":3946,"href":"https:\/\/www.institut-systeme.de\/html\/wp-json\/wp\/v2\/pages\/1346\/revisions\/3946"}],"up":[{"embeddable":true,"href":"https:\/\/www.institut-systeme.de\/html\/wp-json\/wp\/v2\/pages\/4"}],"wp:attachment":[{"href":"https:\/\/www.institut-systeme.de\/html\/wp-json\/wp\/v2\/media?parent=1346"}],"curies":[{"name":"wp","href":"https:\/\/api.w.org\/{rel}","templated":true}]}}