{"id":131,"date":"2017-07-25T15:06:57","date_gmt":"2017-07-25T13:06:57","guid":{"rendered":"https:\/\/www.institut-systeme.de\/html?page_id=131"},"modified":"2020-11-16T11:53:08","modified_gmt":"2020-11-16T10:53:08","slug":"milton-erickson-institut-m-e-g","status":"publish","type":"page","link":"https:\/\/www.institut-systeme.de\/html\/aml-institute\/milton-erickson-institut-m-e-g\/","title":{"rendered":"Milton Erickson Institut M.E.G."},"content":{"rendered":"<p><strong>Das Milton Erickson Institut Bonn MEG Regionalstelle &#8211; Leitung Anne M. Lang &#8211; ist ein Mitgliedsinstitut und Fortbildungsinstitut der Milton Erickson Gesellschaft e.V.<\/strong><br \/>\nZusammen mit dem AML Institut Systeme bietet es Hypnotherapeutische und Hypnosystemische Weiterbildungen an. Alle Verfahren, worin wir weiterbilden, bieten wir auch in unseren Institutsbereichen f\u00fcr Klienten und Patienten an.<\/p>\n<p>Hier finden Sie:<\/p>\n<ol>\n<li>unsere Psychotherapie-Gemeinschaftspraxis &#8211; ein Schwerpunkt Hypnotherapie<\/li>\n<li>unseren Coaching-Institutsbereich &#8211; Schwerpunkt Hypnosystemisches Coaching<\/li>\n<li>die 4 MEG-Weiterbildungen in Hypnose\/Hypnotherapie\/Hypnokommunikation<\/li>\n<li>unsere Weiterbildung im Baukasten tzm DGSF zertifierten &#8220;Systemischen Coach&#8221;<\/li>\n<li>verschiedene Anwendungsseminare\u00a0und Supervisionen (alle kammerakkreditiert)<\/li>\n<\/ol>\n<p><strong>Unsere vier Bonner M.E.G.-Ausbildungsg\u00e4nge<\/strong><\/p>\n<p>1.<strong>&#8220;KliHyp-Klinische Hypnose\u201c M.E.G.<\/strong> f\u00fcr psychologische und \u00e4rztliche PsychotherapeutInnen &#8211; seit 1999 j\u00e4hrlich<br \/>\n<strong><a href=\"https:\/\/www.institut-systeme.de\/html\/weiterbildung-meg-dgfs\/hypnotherapie-weiterbildung-m-e-g\/klinische-hypnose-klihyp\/\">zur \u201eKliHyp-Ausbildung\u201c<\/a> <\/strong><\/p>\n<p>2.<strong>&#8220;KomHyp\u2013Hypno-Systemische Gespr\u00e4chsf\u00fchrung nach Milton Erickson\u201c M.E.G. <\/strong>f\u00fcr BeraterInnen, MediatorInnen und Coaches &#8211; seit 2003 j\u00e4hrlich<br \/>\n<a href=\"https:\/\/www.institut-systeme.de\/html\/weiterbildung-meg-dgfs\/hypnotherapie-weiterbildung-m-e-g\/hynpo-systemische-kommunikation-komhyp\/\"><strong>zur \u201eKomHyp-Ausbildung\u201c<\/strong><\/a><\/p>\n<p>3.<strong>&#8220;MedHyp- Medizinische Hypnose&#8221; M.E.G.<\/strong> f\u00fcr \u00c4rztinnen und \u00c4rzte in Allgemeinmedizin, An\u00e4sthesie, Dermatologie, Gyn\u00e4kologie, Innere Medizin, Neurologie, Onkologie, Orthop\u00e4die, P\u00e4diatrie, Radiologie, Urologie u.a.. -seit 2006<br \/>\n<a href=\"https:\/\/www.institut-systeme.de\/html\/weiterbildung-meg-dgfs\/hypnotherapie-weiterbildung-m-e-g\/medizinische-hypnose-medhyp\/\"><strong>zur &#8220;MedHypAusbildung&#8221;<\/strong><\/a><\/p>\n<p>4.<strong>&#8220;KiHyp &#8211; Hypnotherapeutische und systemische Konzepte f\u00fcr die Arbeit mit Kindern und Jugendlichen&#8221; M.E.G<\/strong>.\u00a0\u00a0 Die Teilnehmer*innen m\u00fcssen in einem therapeutischen Bereich t\u00e4tig sein und eine staatliche Erm\u00e4chtigung zur therapeutischen Arbeit mit Kindern und Jugendlichen nachweisen.-<br \/>\n<a href=\"https:\/\/www.institut-systeme.de\/html\/psychitherapie-aml\/psychotherapie-verfahren\/hypnotherapie\/\"><strong>zur &#8220;KiH<\/strong><strong>ypAusbildung<\/strong><strong>&#8220;<\/strong><\/a><\/p>\n<p>Im Rahmen dieser Curricula bieten wir Supervisions- und Anwendungsseminare an, die auch offen zu buchen sind. Seminare zur&#8230;<\/p>\n<ul>\n<li>Ressourcenorientierung und Ericksonscher Methodik<\/li>\n<li>Anwendungsseminare f\u00fcr Hypnotherapie und Klinische Hypnose<\/li>\n<li>Anwendungsseminare Coaching, berufliche Beratung, Ericksonsche Gespr\u00e4chsf\u00fchrung<\/li>\n<\/ul>\n<p>Auf Fachtagungen und Kongressen berichten wir \u00fcber unsere Arbeit in der Weiterbildung, aber auch der unserer Konsultationss\u00e4ulen.<\/p>\n<p><strong>Zur Person Milton H. Ericksons<\/strong><\/p>\n<p>Die Arbeit des amerikanischen Psychiaters Milton H. Erickson (1901-1980), der als der bedeutendsten Praktiker und Lehrer der modernen Hypnotherapie angesehen werden kann, ist in den letzten 20 Jahren im deutschen Sprachraum immer bekannter geworden. Inzwischen sind auch die gesammelten Werke von Erickson ins Deutsche \u00fcbersetzt. Es finden regelm\u00e4\u00dfig Tagungen und Kongresse zur Hypnose statt, die von der Milton Erickson Gesellschaft e.V. organisiert werden. International wird das Erbe von Erickson durch die Erickson Foundation Ph\u00f6nix weiterentwickelt und gef\u00f6rdert.<\/p>\n<p><img loading=\"lazy\" decoding=\"async\" class=\"alignnone size-full wp-image-706\" src=\"https:\/\/www.institut-systeme.de\/html\/wp-content\/uploads\/2018\/10\/erik2.jpg\" alt=\"\" width=\"170\" height=\"208\" \/><\/p>\n<p><strong>&#8220;Jeder Mensch ist ein Individuum.<\/strong> Die Psychotherapie sollte deshalb so definiert werden, da\u00df sie der Einzigartigkeit der Bed\u00fcrfnisse eines Individuums gerecht wird, statt den Menschen so zurechtzustutzen, dass er in das Prokrustesbett einer hypothetischen Theorie vom menschlichen Verhalten passt.&#8221;\u00a0 Milton Erickson 1979<\/p>\n<p>Obwohl Erickson eine Vielfalt origineller L\u00f6sungsstrategien (<strong>strategischer Ansatz<\/strong>) entwarf und das therapeutische Interventionsrepertoire ganz wesentlich durch seine hypnotherapeutischen Ans\u00e4tze bereicherte, bestand sein eigentliches Genie wohl darin, klientenspezifische Pers\u00f6nlichkeits-Eigenschaften, F\u00e4higkeiten, Lebenserfahrungen und Erinnerungen als therapeutische Ressourcen in kurzzeittherapeutischen Verfahren so zu aktivieren (statt <strong>Defizit-Ressourcen-Orientierung<\/strong>), dass sie dem Klienten zur Realisierung seiner eigenen Ziele wirkungsvoll verhelfen (<strong>Utilisationsansatz<\/strong>).<\/p>\n<p>Man kann <strong>seine Methode<\/strong> vielleicht beschreiben als: &#8220;Alles zu nutzen, was hilft!&#8221;\u00a0 (Utilisationsprinzip). Erickson sah jeden Menschen als einzigartig an, und er nutzte deshalb f\u00fcr die Therapie, was immer der Klient in der Sitzung anbot oder in die Praxis &#8220;mitbrachte&#8221;.<br \/>\nZudem besteht sein Verdienst in der &#8220;Wiederentdeckung&#8221; und Erweiterung der <strong>Klinischen Hypnose<\/strong> f\u00fcr die Arbeit in Beratung und Therapie. Seine Methoden regen vor allem die nichtdominanten inneren Verarbeitungsprozesse an. Diese Psychotherapiearbeit wird intensiviert in leichten und tieferen Trancen und der Beachtung besonderer Bewusstseinszust\u00e4nde. Wir wissen heute aus der modernen Hirnforschung, dass in Trance die wichtigen physiologischen Zentren der Erlebnisverarbeitung mit Erinnerung, Ged\u00e4chtnis, Angst- und Erregungsaktivierung aktiviert sind und so Verarbeitung und Neuformung angeregt werden.<\/p>\n<p><strong>Der Trancezustand ist dabei\u00a0 ein nat\u00fcrlich angelegter Bewusstheitszustand<\/strong>, der gezielt in Selbsthypnose oder therapeutischer Klinischer Hypnose genutzt werden kann. Trance ist sozusagen ein Geschenk der Natur, da wir in Trance offener f\u00fcr Ver\u00e4nderungen werden k\u00f6nnen, diese besser visionieren, \u00fcberschauen und verankern k\u00f6nnen.<br \/>\nIn der <strong>Psychotherapie und Behandlung von psychosomatischen Beschwerden<\/strong> (z.B. Bluthochdruck, Hautprobleme, chronische Schmerzen, Fibromyalgie, Tinnitus, \u00c4ngste) bildet die <strong>Klinische Hypnose<\/strong> die Br\u00fccke zwischen K\u00f6rper und Seele und bietet somit die Chance alte Beschwerdemuster aufzul\u00f6sen. Aber alle psychotherapeutischen Vorg\u00e4nge k\u00f6nnen in einer solchen Arbeit, die die Sprache, Kommunikation und k\u00f6rperlich-mentale Verarbeitung besonders beachtet, unterst\u00fctzt werden.<\/p>\n<p><strong>Milton Erickson ist in der Hypnose- und Suggestionsforschung mit drei Innovationen bekannt geworden:<\/strong><\/p>\n<ol>\n<li>Er bewirkte eine Renaissance der <strong>Hypnose<\/strong>. Dies, indem er eine zeitgem\u00e4\u00dfe Hypnose als wissenschaftliches Verfahren in der Psychotherapie einsetzte. Durch seinen kontext-,\u00a0 individuen- und methodenspezifischen Einsatz erm\u00f6glichte er eine grundlegende Erweiterung in der Anwendung von Hypnose. So erzeugt die von ihm eingebrachte Ressourcenhaltung in der Psychotherapie einen unterscheidbaren anderen Rahmen.<\/li>\n<li>Er arbeitete nicht nur mit <strong>formalen Tranceinduktionen<\/strong>, sondern auch in der von ihm entwickelten Konversationstrance. Diese erm\u00f6glicht es, im Behandlungs- und Beratungsgespr\u00e4ch Interventionen anzubieten, die erweiternd fokussieren, vertiefende Suchprozesse ausl\u00f6sen und zielgerichtete Erfahrungen erm\u00f6glichen.<\/li>\n<li>Seine <strong>strategische Kommunikationsf\u00fchrung<\/strong> machte ihn bekannt daf\u00fcr, ung\u00fcnstige Muster, Suggestionen, Implikationen und Paradoxien der Alltagskommunikation, der inneren und systemischen Kommunikation zu erkennen, zu unterbrechen und in g\u00fcnstigere Muster zu \u00fcberf\u00fchren. Gleichzeitig bewirkte seine hypnotherapeutische Kommunikation der Mehrebigkeit wieder Zuversicht, Bew\u00e4ltigungsverm\u00f6gen und Selbstwirksamkeit zu erzeugen und Menschen wieder &#8220;ins Handeln zu bringen&#8221;.<\/li>\n<\/ol>\n","protected":false},"excerpt":{"rendered":"<p><a class=\"ninja_pages_read_more\"  href=\"https:\/\/www.institut-systeme.de\/html\/aml-institute\/milton-erickson-institut-m-e-g\/\"><\/a><\/p>\n","protected":false},"author":1,"featured_media":0,"parent":11,"menu_order":2,"comment_status":"closed","ping_status":"closed","template":"","meta":{"footnotes":""},"class_list":["post-131","page","type-page","status-publish","hentry"],"aioseo_notices":[],"_links":{"self":[{"href":"https:\/\/www.institut-systeme.de\/html\/wp-json\/wp\/v2\/pages\/131","targetHints":{"allow":["GET"]}}],"collection":[{"href":"https:\/\/www.institut-systeme.de\/html\/wp-json\/wp\/v2\/pages"}],"about":[{"href":"https:\/\/www.institut-systeme.de\/html\/wp-json\/wp\/v2\/types\/page"}],"author":[{"embeddable":true,"href":"https:\/\/www.institut-systeme.de\/html\/wp-json\/wp\/v2\/users\/1"}],"replies":[{"embeddable":true,"href":"https:\/\/www.institut-systeme.de\/html\/wp-json\/wp\/v2\/comments?post=131"}],"version-history":[{"count":9,"href":"https:\/\/www.institut-systeme.de\/html\/wp-json\/wp\/v2\/pages\/131\/revisions"}],"predecessor-version":[{"id":2058,"href":"https:\/\/www.institut-systeme.de\/html\/wp-json\/wp\/v2\/pages\/131\/revisions\/2058"}],"up":[{"embeddable":true,"href":"https:\/\/www.institut-systeme.de\/html\/wp-json\/wp\/v2\/pages\/11"}],"wp:attachment":[{"href":"https:\/\/www.institut-systeme.de\/html\/wp-json\/wp\/v2\/media?parent=131"}],"curies":[{"name":"wp","href":"https:\/\/api.w.org\/{rel}","templated":true}]}}