{"id":129,"date":"2017-07-25T15:06:43","date_gmt":"2017-07-25T13:06:43","guid":{"rendered":"https:\/\/www.institut-systeme.de\/html?page_id=129"},"modified":"2025-05-08T12:54:10","modified_gmt":"2025-05-08T10:54:10","slug":"aml-institut-systeme-dgsf","status":"publish","type":"page","link":"https:\/\/www.institut-systeme.de\/html\/aml-institute\/aml-institut-systeme-dgsf\/","title":{"rendered":"AML Institut Systeme DGSF"},"content":{"rendered":"<p><strong>Das AML Institut Systeme \u00b7 Bonn ist ein akkreditiertes Mitgliedsinstitut der DGSF \u00a0<\/strong>(<strong>Dtsch.\u00a0Gesellschaft f. Systemische Therapie, Beratung, Familientherapie)<\/strong><\/p>\n<p>Es ist ein <strong>psychologisches Institut <\/strong>mit langj\u00e4hriger praktischer Fachkompetenz und Erfahrung in\u00a0<strong>vier verschiedenen Arbeitsbereichen:<\/strong><\/p>\n<ul>\n<li>der\u00a0 <strong>Psychotherapie-Praxis seit 1978 (Approbierte Psychologische\u00a0Psychother<\/strong><strong>apeutInnen<\/strong>)<\/li>\n<li>dem <strong>Coaching &#8211; Bereich seit 1990 (Senior Coaches)<\/strong><\/li>\n<li>dem <strong>Mediation, Supervisions- Bereich<\/strong><\/li>\n<li><strong>mit vielf\u00e4ltigen Aus-, Fort-, Weiterbildungen, Lehrsupervision, Kongressbeitr\u00e4gen (LehrtherapeutInnen) seit 1985<br \/>\n<\/strong><\/li>\n<\/ul>\n<p><strong>\u00a0<\/strong>Sie finden hier Wissen aus<\/p>\n<ul>\n<li>\u00fcber <strong>40-j\u00e4hriger Praxiserfahrung <\/strong>in Beratung und Psychotherapie<\/li>\n<li>langj\u00e4hriger Lehr-Erfahrung mit <strong>Fort- und Weiterbildungen \u00a0u.a.:<\/strong><\/li>\n<li>seit 1995 in Zusammenarbeit mit der Deutschen Psychologen Akademie DPA<\/li>\n<li>seit 1999 mit der Milton Erickson Gesellschaft e.V. M\u00fcnchen<\/li>\n<li>seit den 90er Jahren stellen wir unsere Arbeit auf Fachkongressen vor.<\/li>\n<\/ul>\n<p>Aufbauend auf den klassischen psychologischen Verfahren der Tiefenpsychologie, Verhaltenstherapie und den humanistischen Verfahren wie der Gespr\u00e4chspsychotherapie nach Carl Rogers, liegt der methodische Schwerpunkt heute <strong>auf einem konstruktivistischen Verst\u00e4ndnis von Ver\u00e4nderung.<\/strong><\/p>\n<p><strong>Der Name Institut Systeme<\/strong> bezieht sich also auf diese systemische Ausrichtung, die sich \u00fcber alle vier Institutsbereiche erstreckt. Eingebettet in die Haltung von Respekt vor menschlicher Selbstorganisation beachten wir insbesondere<\/p>\n<ul>\n<li>den Sinn f\u00fcr das Bestehende, aber auch der Erfordernis vom gew\u00fcnschtem\u00a0Wandel<\/li>\n<li>die Perspektivenvielfalt und Kontextabh\u00e4ngigkeit der geschilderten Ph\u00e4nomen bzw. Symptome, Probleme, St\u00f6rungen<\/li>\n<\/ul>\n<p>wir unterst\u00fctzen konsequent hin zu L\u00f6sungen und Handlungsschritten<\/p>\n<ul>\n<li>wir ber\u00fccksichtigen dabei den eigenen Prozess des Klienten<\/li>\n<li>wir erweitern Problemsituationen so, dass daraus wieder Ressourcen entstehen<\/li>\n<li>wir beachten die Wirklichkeitserzeugung durch Kommunikation und Selbstkommunikation<\/li>\n<li>wir beachten die Wirklichkeitskonstruktion vernetzter interaktionaler Kommunikation durch Suggestion und Sprache<\/li>\n<li>wir reduzieren Komplexit\u00e4t auf handlungsf\u00e4hige Dimensionen<\/li>\n<li>wir erweitern einengende, ung\u00fcnstige Reduzierungen wieder in unterschiedliche Perspektiven<\/li>\n<\/ul>\n<p><strong>Der Name AML Institut Systeme<\/strong> steht dabei auch f\u00fcr die verschiedenen Systeme mit denen wir arbeiten, wie<\/p>\n<ul>\n<li>die Einzelperson<\/li>\n<li>Paare und Familien als Systeme<\/li>\n<li>Team-, Gruppen-, Abteilungssysteme<\/li>\n<li>Behandlungs- und Beratungssysteme<\/li>\n<li>Ausbildungssysteme<\/li>\n<\/ul>\n<p><strong>Das Bonner Ressourcen Modell\u00a0<\/strong><\/p>\n<p>In den letzten Jahren bildete sich ein Vorgehen heraus, das mit dem Namen <strong>&#8220;Bonner Ressourcen Modell&#8221;<\/strong> bekannt wurde. Das von uns entwickelte Modell arbeitet mit der Wirksamkeit von zentrierender Struktur in der &#8220;Prozessarbeit&#8221;, erweiternder &#8220;Schleifenarbeit&#8221;\u00a0 und metadissoziativer &#8220;Draufsicht&#8221;. Es kombiniert Systemisches, L\u00f6sungsorientiertes und Ericksonsches Vorgehen in einer effektiven Kombination. Dabei verst\u00e4rken sich die Wirkfaktoren dieser drei Verfahren gegenseitig ideal. Wir entwickelten Tools, bei denen eine mitgef\u00fchrte Metaebene des Prozesses immer wieder durch innere Suchprozesse angeregt wird.<\/p>\n","protected":false},"excerpt":{"rendered":"<p><a class=\"ninja_pages_read_more\"  href=\"https:\/\/www.institut-systeme.de\/html\/aml-institute\/aml-institut-systeme-dgsf\/\"><\/a><\/p>\n","protected":false},"author":1,"featured_media":0,"parent":11,"menu_order":1,"comment_status":"closed","ping_status":"closed","template":"","meta":{"footnotes":""},"class_list":["post-129","page","type-page","status-publish","hentry"],"aioseo_notices":[],"_links":{"self":[{"href":"https:\/\/www.institut-systeme.de\/html\/wp-json\/wp\/v2\/pages\/129","targetHints":{"allow":["GET"]}}],"collection":[{"href":"https:\/\/www.institut-systeme.de\/html\/wp-json\/wp\/v2\/pages"}],"about":[{"href":"https:\/\/www.institut-systeme.de\/html\/wp-json\/wp\/v2\/types\/page"}],"author":[{"embeddable":true,"href":"https:\/\/www.institut-systeme.de\/html\/wp-json\/wp\/v2\/users\/1"}],"replies":[{"embeddable":true,"href":"https:\/\/www.institut-systeme.de\/html\/wp-json\/wp\/v2\/comments?post=129"}],"version-history":[{"count":10,"href":"https:\/\/www.institut-systeme.de\/html\/wp-json\/wp\/v2\/pages\/129\/revisions"}],"predecessor-version":[{"id":3932,"href":"https:\/\/www.institut-systeme.de\/html\/wp-json\/wp\/v2\/pages\/129\/revisions\/3932"}],"up":[{"embeddable":true,"href":"https:\/\/www.institut-systeme.de\/html\/wp-json\/wp\/v2\/pages\/11"}],"wp:attachment":[{"href":"https:\/\/www.institut-systeme.de\/html\/wp-json\/wp\/v2\/media?parent=129"}],"curies":[{"name":"wp","href":"https:\/\/api.w.org\/{rel}","templated":true}]}}