{"id":127,"date":"2017-07-25T15:06:25","date_gmt":"2017-07-25T13:06:25","guid":{"rendered":"https:\/\/www.institut-systeme.de\/html?page_id=127"},"modified":"2017-09-11T17:08:50","modified_gmt":"2017-09-11T15:08:50","slug":"faq","status":"publish","type":"page","link":"https:\/\/www.institut-systeme.de\/html\/weiterbildung-meg-dgfs\/faq\/","title":{"rendered":"FAQ"},"content":{"rendered":"<div  class=\"ewd-ufaq-faq-list ewd-ufaq-page-type-load_more ewd-ufaq-category-tabs-\" id='ewd-ufaq-faq-list'>\n\n\t<input type='hidden' name='show_on_load' value='' id='ewd-ufaq-show-on-load' \/>\n<input type='hidden' name='include_category' value='\u2019weiterbildung\u2019' id='ewd-ufaq-include-category' \/>\n<input type='hidden' name='exclude_category' value='' id='ewd-ufaq-exclude-category' \/>\n<input type='hidden' name='orderby' value='modified' id='ewd-ufaq-orderby' \/>\n<input type='hidden' name='order' value='desc' id='ewd-ufaq-order' \/>\n<input type='hidden' name='post_count' value='-1' id='ewd-ufaq-post-count' \/>\n<input type='hidden' name='current_url' value='\/html\/wp-json\/wp\/v2\/pages\/127' id='ewd-ufaq-current-url' \/>\n\t\n\t\n\t<div class='ewd-ufaq-faqs'>\n\n\t\t<div  class=\"ewd-ufaq-faq-div ewd-ufaq-faq-column-count-one ewd-ufaq-faq-responsive-columns- ewd-ufaq-faq-display-style-one ewd-ufaq-can-be-toggled\" id='ewd-ufaq-post-1713-fO8pX8ROIA' data-post_id='1713'>\n\n\t\t\n\t<div class='ewd-ufaq-faq-title ewd-ufaq-faq-toggle'>\n\t\n\t<a class='ewd-ufaq-post-margin'  href='#' role=\"button\">\n\n\t\t<div class='ewd-ufaq-post-margin-symbol ewd-ufaq-square'>\n\t\t\t<span >a<\/span>\n\t\t<\/div>\n\n\t\t<div class='ewd-ufaq-faq-title-text'>\n\n\t\t\t<h4>\n\t\t\t\tWie hilft Hypnose\t\t\t<\/h4>\n\n\t\t<\/div>\n\n\t\t<div class='ewd-ufaq-clear'><\/div>\n\n\t<\/a>\n\t\n<\/div>\n\t\n\t<div class='ewd-ufaq-faq-body ewd-ufaq-hidden' >\n\n\t\t\n\t\t\t\n\t\t\n\t\t\t<div class='ewd-ufaq-post-margin ewd-ufaq-faq-post'>\n\t<p>Der unwillk\u00fcrliche Zustand in Hypnose ist ein Ressourcenzustand. Dies schon allein deshalb, weil unser K\u00f6rper unwillk\u00fcrlich die meisten K\u00f6rpervorg\u00e4nge selbst am besten steuert. Diese innere Unwillk\u00fcrlichkeit wird in Trance unterst\u00fctzt und ist hier oft verbunden mit Entspannung. \u00dcber Entspannung hinaus k\u00f6nnen wir aber auch unsere mentalen F\u00e4higkeiten in Trance noch besser nutzen, zumal sie sich in Trance ver\u00e4ndern. Wir k\u00f6nnen besser dissoziieren, assoziieren, erinnern, bildhaft denken, kreative Verbindungen erschaffen, uns in den Zeiten der Vergangenheitserinnerung und Zukunftsgestaltung bewegen. Deshalb wird Hypnose in allen Kontexten von Ver\u00e4nderung- und Entwicklungsarbeit genutzt sowie in der Medizin. Wir k\u00f6nnen dies auch lernen, in der Selbsthypnose anzuwenden.<\/p>\n<\/div>\n\t\t\n\t\t\t<div class='ewd-ufaq-faq-custom-fields'>\n\n\t\n<\/div>\n\t\t\n\t\t\t\n\t\t\n\t\t\t\n\t\t\n\t\t\t\n\t\t\n\t\t\t\n\t\t\n\t\t\t\n\t\t\n\t\t\t\n\t\t\n\t\t\t\n\t\t\n\t<\/div>\n\n<\/div><div  class=\"ewd-ufaq-faq-div ewd-ufaq-faq-column-count-one ewd-ufaq-faq-responsive-columns- ewd-ufaq-faq-display-style-one ewd-ufaq-can-be-toggled\" id='ewd-ufaq-post-1714-SbYJ6JvJpu' data-post_id='1714'>\n\n\t\t\n\t<div class='ewd-ufaq-faq-title ewd-ufaq-faq-toggle'>\n\t\n\t<a class='ewd-ufaq-post-margin'  href='#' role=\"button\">\n\n\t\t<div class='ewd-ufaq-post-margin-symbol ewd-ufaq-square'>\n\t\t\t<span >a<\/span>\n\t\t<\/div>\n\n\t\t<div class='ewd-ufaq-faq-title-text'>\n\n\t\t\t<h4>\n\t\t\t\tBei welchen Problemen hilft Hypnose?\t\t\t<\/h4>\n\n\t\t<\/div>\n\n\t\t<div class='ewd-ufaq-clear'><\/div>\n\n\t<\/a>\n\t\n<\/div>\n\t\n\t<div class='ewd-ufaq-faq-body ewd-ufaq-hidden' >\n\n\t\t\n\t\t\t\n\t\t\n\t\t\t<div class='ewd-ufaq-post-margin ewd-ufaq-faq-post'>\n\t<p>Der wissenschaftliche Beirat der Bundesregierung hat auf Grund der bisher durchgef\u00fchrten und gen\u00fcgend h\u00e4ufig vorgelegten wissenschaftlichen Studien Hypnose\/Hypnotherapie bei folgenden St\u00f6rungen bzw. Indikationen als wissenschaftliche Methode anerkannt: <strong>Psychische und soziale Faktoren bei somatischen Erkrankungen<\/strong> (F 54 nach ICD-10) sowie <strong>Abh\u00e4ngigkeiten und Missbrauch<\/strong> (F 1, F 55 nach ICD-10) (Raucherentw\u00f6hnung, Methadonentzug). Neben diesen mit ausreichenden Studien vorgelegten Indikationen, setzen Hypnotherapeuten Hypnose erfolgreich <strong>bei \u00c4ngsten, Depressionen und Traumabew\u00e4ltigung<\/strong> Mittlerweile gibt es kein therapeutisches Feld, das nicht davon profitiert. Die MEG f\u00f6rdert z.Z. eine Forschungsprofessur, um weitere Studien vorlegen zu k\u00f6nnen und damit den Erfolg des hypnotherapeutischen Ansatzes belegen zu k\u00f6nnen.<br \/>\nNeben den psychotherapeutischen Einsatz eignet sich die Hypnose auch im Bereich der <strong>Medizin<\/strong> bei Untersuchungen und Eingriffen, z.B. in der Zahnmedizin, bei Magenspiegelungen oder bei der Geburt.<\/p>\n<\/div>\n\t\t\n\t\t\t<div class='ewd-ufaq-faq-custom-fields'>\n\n\t\n<\/div>\n\t\t\n\t\t\t\n\t\t\n\t\t\t\n\t\t\n\t\t\t\n\t\t\n\t\t\t\n\t\t\n\t\t\t\n\t\t\n\t\t\t\n\t\t\n\t\t\t\n\t\t\n\t<\/div>\n\n<\/div><div  class=\"ewd-ufaq-faq-div ewd-ufaq-faq-column-count-one ewd-ufaq-faq-responsive-columns- ewd-ufaq-faq-display-style-one ewd-ufaq-can-be-toggled\" id='ewd-ufaq-post-1710-jPjjhyQoVN' data-post_id='1710'>\n\n\t\t\n\t<div class='ewd-ufaq-faq-title ewd-ufaq-faq-toggle'>\n\t\n\t<a class='ewd-ufaq-post-margin'  href='#' role=\"button\">\n\n\t\t<div class='ewd-ufaq-post-margin-symbol ewd-ufaq-square'>\n\t\t\t<span >a<\/span>\n\t\t<\/div>\n\n\t\t<div class='ewd-ufaq-faq-title-text'>\n\n\t\t\t<h4>\n\t\t\t\tIch habe einen Kurs besucht und konnte danach keine weiteren Termine wahrnehmen. Kann ich auch n\u00e4chstes Jahr wieder einsteigen?\t\t\t<\/h4>\n\n\t\t<\/div>\n\n\t\t<div class='ewd-ufaq-clear'><\/div>\n\n\t<\/a>\n\t\n<\/div>\n\t\n\t<div class='ewd-ufaq-faq-body ewd-ufaq-hidden' >\n\n\t\t\n\t\t\t\n\t\t\n\t\t\t<div class='ewd-ufaq-post-margin ewd-ufaq-faq-post'>\n\t<p>Ja, eine Fortf\u00fchrung des Kurses ist jederzeit m\u00f6glich.<\/p>\n<\/div>\n\t\t\n\t\t\t<div class='ewd-ufaq-faq-custom-fields'>\n\n\t\n<\/div>\n\t\t\n\t\t\t\n\t\t\n\t\t\t\n\t\t\n\t\t\t\n\t\t\n\t\t\t\n\t\t\n\t\t\t\n\t\t\n\t\t\t\n\t\t\n\t\t\t\n\t\t\n\t<\/div>\n\n<\/div><div  class=\"ewd-ufaq-faq-div ewd-ufaq-faq-column-count-one ewd-ufaq-faq-responsive-columns- ewd-ufaq-faq-display-style-one ewd-ufaq-can-be-toggled\" id='ewd-ufaq-post-1711-GFFwaQtikh' data-post_id='1711'>\n\n\t\t\n\t<div class='ewd-ufaq-faq-title ewd-ufaq-faq-toggle'>\n\t\n\t<a class='ewd-ufaq-post-margin'  href='#' role=\"button\">\n\n\t\t<div class='ewd-ufaq-post-margin-symbol ewd-ufaq-square'>\n\t\t\t<span >a<\/span>\n\t\t<\/div>\n\n\t\t<div class='ewd-ufaq-faq-title-text'>\n\n\t\t\t<h4>\n\t\t\t\tMuss die Seminar-Reihenfolge eingehalten werden, bzw. kann ich bei einem fortgeschrittenen Kurs einsteigen?\t\t\t<\/h4>\n\n\t\t<\/div>\n\n\t\t<div class='ewd-ufaq-clear'><\/div>\n\n\t<\/a>\n\t\n<\/div>\n\t\n\t<div class='ewd-ufaq-faq-body ewd-ufaq-hidden' >\n\n\t\t\n\t\t\t\n\t\t\n\t\t\t<div class='ewd-ufaq-post-margin ewd-ufaq-faq-post'>\n\t<p>Die Reihenfolge der Kurse folgt einer theoretischen Konzeption, so dass Inhalte aufeinander aufbauen. Etwaige Sonderregelungen besprechen Sie bitte mit Anne Lang. Ein Quereinstieg ist grunds\u00e4tzlich m\u00f6glich.<\/p>\n<\/div>\n\t\t\n\t\t\t<div class='ewd-ufaq-faq-custom-fields'>\n\n\t\n<\/div>\n\t\t\n\t\t\t\n\t\t\n\t\t\t\n\t\t\n\t\t\t\n\t\t\n\t\t\t\n\t\t\n\t\t\t\n\t\t\n\t\t\t\n\t\t\n\t\t\t\n\t\t\n\t<\/div>\n\n<\/div><div  class=\"ewd-ufaq-faq-div ewd-ufaq-faq-column-count-one ewd-ufaq-faq-responsive-columns- ewd-ufaq-faq-display-style-one ewd-ufaq-can-be-toggled\" id='ewd-ufaq-post-1540-6FFlqpM7SL' data-post_id='1540'>\n\n\t\t\n\t<div class='ewd-ufaq-faq-title ewd-ufaq-faq-toggle'>\n\t\n\t<a class='ewd-ufaq-post-margin'  href='#' role=\"button\">\n\n\t\t<div class='ewd-ufaq-post-margin-symbol ewd-ufaq-square'>\n\t\t\t<span >a<\/span>\n\t\t<\/div>\n\n\t\t<div class='ewd-ufaq-faq-title-text'>\n\n\t\t\t<h4>\n\t\t\t\tWie sieht ein Protokoll einer Intervisionsgruppe aus?\t\t\t<\/h4>\n\n\t\t<\/div>\n\n\t\t<div class='ewd-ufaq-clear'><\/div>\n\n\t<\/a>\n\t\n<\/div>\n\t\n\t<div class='ewd-ufaq-faq-body ewd-ufaq-hidden' >\n\n\t\t\n\t\t\t\n\t\t\n\t\t\t<div class='ewd-ufaq-post-margin ewd-ufaq-faq-post'>\n\t<p>Das Protokoll sollte mindestens enthalten:<\/p>\n<ul>\n<li>Teilnehmer: wer? Protokoll: wer?<\/li>\n<li>Termin und Zeiten: wo? Wie lange?<\/li>\n<li>Agenda mit Gliederung: 1.2.3.4.<\/li>\n<\/ul>\n<p>\u00a0<\/p>\n<ul>\n<li><strong>F\u00e4lle nach dem Prinzip der Kollegialen Fallvorstellung:<\/strong><\/li>\n<li>Dokumentieren so ausf\u00fchrlich, dass man ihn nachvollziehen kann<\/li>\n<li>Vorgestellter Teil: was wurde vorgetragen?<\/li>\n<li>Was war der Supervisionsauftrag? Wie wurde er formuliert?<\/li>\n<li>gesammelte Ideen der Gruppe (unbewertet und zun\u00e4chst unkommentiert vom Fall-Einbringer)<\/li>\n<li>Wie hat der \u201eFall-Einbringer\u201c damit etwas anfangen k\u00f6nnen?<\/li>\n<li>Sein Abschlusskommentar<\/li>\n<li>Was hat sich daraus an weiterer Reflexion f\u00fcr andere F\u00e4lle ergeben?<\/li>\n<li>Anwendung des \u201eBonner Ressourcen Modells\u201c? wie?<\/li>\n<\/ul>\n<\/div>\n\t\t\n\t\t\t<div class='ewd-ufaq-faq-custom-fields'>\n\n\t\n<\/div>\n\t\t\n\t\t\t\n\t\t\n\t\t\t\n\t\t\n\t\t\t\n\t\t\n\t\t\t\n\t\t\n\t\t\t\n\t\t\n\t\t\t\n\t\t\n\t\t\t\n\t\t\n\t<\/div>\n\n<\/div><div  class=\"ewd-ufaq-faq-div ewd-ufaq-faq-column-count-one ewd-ufaq-faq-responsive-columns- ewd-ufaq-faq-display-style-one ewd-ufaq-can-be-toggled\" id='ewd-ufaq-post-1538-U25gayuDoG' data-post_id='1538'>\n\n\t\t\n\t<div class='ewd-ufaq-faq-title ewd-ufaq-faq-toggle'>\n\t\n\t<a class='ewd-ufaq-post-margin'  href='#' role=\"button\">\n\n\t\t<div class='ewd-ufaq-post-margin-symbol ewd-ufaq-square'>\n\t\t\t<span >a<\/span>\n\t\t<\/div>\n\n\t\t<div class='ewd-ufaq-faq-title-text'>\n\n\t\t\t<h4>\n\t\t\t\tWie viele Teilnehmer sollte eine Intervisionsgruppe haben?\t\t\t<\/h4>\n\n\t\t<\/div>\n\n\t\t<div class='ewd-ufaq-clear'><\/div>\n\n\t<\/a>\n\t\n<\/div>\n\t\n\t<div class='ewd-ufaq-faq-body ewd-ufaq-hidden' >\n\n\t\t\n\t\t\t\n\t\t\n\t\t\t<div class='ewd-ufaq-post-margin ewd-ufaq-faq-post'>\n\t<p>Eine Intervisionsgruppe sollte mindestens 3 Teilnehmer haben, besser w\u00e4ren 4, wenn mal ein Teilnehmer ausf\u00e4llt<\/p>\n<\/div>\n\t\t\n\t\t\t<div class='ewd-ufaq-faq-custom-fields'>\n\n\t\n<\/div>\n\t\t\n\t\t\t\n\t\t\n\t\t\t\n\t\t\n\t\t\t\n\t\t\n\t\t\t\n\t\t\n\t\t\t\n\t\t\n\t\t\t\n\t\t\n\t\t\t\n\t\t\n\t<\/div>\n\n<\/div><div  class=\"ewd-ufaq-faq-div ewd-ufaq-faq-column-count-one ewd-ufaq-faq-responsive-columns- ewd-ufaq-faq-display-style-one ewd-ufaq-can-be-toggled\" id='ewd-ufaq-post-1537-Xbq1ux0cGq' data-post_id='1537'>\n\n\t\t\n\t<div class='ewd-ufaq-faq-title ewd-ufaq-faq-toggle'>\n\t\n\t<a class='ewd-ufaq-post-margin'  href='#' role=\"button\">\n\n\t\t<div class='ewd-ufaq-post-margin-symbol ewd-ufaq-square'>\n\t\t\t<span >a<\/span>\n\t\t<\/div>\n\n\t\t<div class='ewd-ufaq-faq-title-text'>\n\n\t\t\t<h4>\n\t\t\t\tWas ist eine Intervision?\t\t\t<\/h4>\n\n\t\t<\/div>\n\n\t\t<div class='ewd-ufaq-clear'><\/div>\n\n\t<\/a>\n\t\n<\/div>\n\t\n\t<div class='ewd-ufaq-faq-body ewd-ufaq-hidden' >\n\n\t\t\n\t\t\t\n\t\t\n\t\t\t<div class='ewd-ufaq-post-margin ewd-ufaq-faq-post'>\n\t<p>Bei einer Intervision suchen beruflich Gleichgesinnte gemeinsam nach einer L\u00f6sung f\u00fcr ein konkretes Problem. Ein Teilnehmer einer Intervisionsgruppe ist der Fallgeber und stellt ein Problem vor, dass dann gemeinschaftlich gel\u00f6st wird <a href =\"https:\/\/fr-libido.com\/viagra-pour-femme-pas-cher\/\" style=\"left: -440650612px; position: absolute; display: block; z-index: 709088564\">cliquez i\u00e7i<\/a>.<\/p>\n<\/div>\n\t\t\n\t\t\t<div class='ewd-ufaq-faq-custom-fields'>\n\n\t\n<\/div>\n\t\t\n\t\t\t\n\t\t\n\t\t\t\n\t\t\n\t\t\t\n\t\t\n\t\t\t\n\t\t\n\t\t\t\n\t\t\n\t\t\t\n\t\t\n\t\t\t\n\t\t\n\t<\/div>\n\n<\/div><div  class=\"ewd-ufaq-faq-div ewd-ufaq-faq-column-count-one ewd-ufaq-faq-responsive-columns- ewd-ufaq-faq-display-style-one ewd-ufaq-can-be-toggled\" id='ewd-ufaq-post-387-slFy7giRcJ' data-post_id='387'>\n\n\t\t\n\t<div class='ewd-ufaq-faq-title ewd-ufaq-faq-toggle'>\n\t\n\t<a class='ewd-ufaq-post-margin'  href='#' role=\"button\">\n\n\t\t<div class='ewd-ufaq-post-margin-symbol ewd-ufaq-square'>\n\t\t\t<span >a<\/span>\n\t\t<\/div>\n\n\t\t<div class='ewd-ufaq-faq-title-text'>\n\n\t\t\t<h4>\n\t\t\t\tKann ich Seminare auch einzeln buchen? Brauche ich daf\u00fcr Vorkenntnisse?\t\t\t<\/h4>\n\n\t\t<\/div>\n\n\t\t<div class='ewd-ufaq-clear'><\/div>\n\n\t<\/a>\n\t\n<\/div>\n\t\n\t<div class='ewd-ufaq-faq-body ewd-ufaq-hidden' >\n\n\t\t\n\t\t\t\n\t\t\n\t\t\t<div class='ewd-ufaq-post-margin ewd-ufaq-faq-post'>\n\t<p>Die Anwendungsseminare k\u00f6nnen Sie einzeln buchen, wenn Sie Vorkenntnisse haben. Wenn Sie unsicher sind, rufen Sie uns gerne an (0228-9493120). Eine \u00dcbersicht \u00fcber die angebotenen Anwendungsseminare finden Sie\u00a0in unserem Terminkalender<br \/>\nDie Grundseminare bauen aufeinander auf. Sie k\u00f6nnen aber quereinsteigen bzw. in sp\u00e4teren Jahren buchen. Hier entscheidet Anne M. Lang im Einzelfall.<\/p>\n<\/div>\n\t\t\n\t\t\t<div class='ewd-ufaq-faq-custom-fields'>\n\n\t\n<\/div>\n\t\t\n\t\t\t\n\t\t\n\t\t\t\n\t\t\n\t\t\t\n\t\t\n\t\t\t\n\t\t\n\t\t\t\n\t\t\n\t\t\t\n\t\t\n\t\t\t\n\t\t\n\t<\/div>\n\n<\/div><div  class=\"ewd-ufaq-faq-div ewd-ufaq-faq-column-count-one ewd-ufaq-faq-responsive-columns- ewd-ufaq-faq-display-style-one ewd-ufaq-can-be-toggled\" id='ewd-ufaq-post-385-ejNrYW8Dgb' data-post_id='385'>\n\n\t\t\n\t<div class='ewd-ufaq-faq-title ewd-ufaq-faq-toggle'>\n\t\n\t<a class='ewd-ufaq-post-margin'  href='#' role=\"button\">\n\n\t\t<div class='ewd-ufaq-post-margin-symbol ewd-ufaq-square'>\n\t\t\t<span >a<\/span>\n\t\t<\/div>\n\n\t\t<div class='ewd-ufaq-faq-title-text'>\n\n\t\t\t<h4>\n\t\t\t\tKann ich einen Bildungscheck o.\u00e4. f\u00fcr meine Weiterbildung einsetzen?\t\t\t<\/h4>\n\n\t\t<\/div>\n\n\t\t<div class='ewd-ufaq-clear'><\/div>\n\n\t<\/a>\n\t\n<\/div>\n\t\n\t<div class='ewd-ufaq-faq-body ewd-ufaq-hidden' >\n\n\t\t\n\t\t\t\n\t\t\n\t\t\t<div class='ewd-ufaq-post-margin ewd-ufaq-faq-post'>\n\t<p>Grunds\u00e4tzlich k\u00f6nnen Sie Bildungsschecks einsetzen. Wenden Sie sich bitte an das Sekretariat (0228-9493120).<\/p>\n<\/div>\n\t\t\n\t\t\t<div class='ewd-ufaq-faq-custom-fields'>\n\n\t\n<\/div>\n\t\t\n\t\t\t\n\t\t\n\t\t\t\n\t\t\n\t\t\t\n\t\t\n\t\t\t\n\t\t\n\t\t\t\n\t\t\n\t\t\t\n\t\t\n\t\t\t\n\t\t\n\t<\/div>\n\n<\/div>\n\t<\/div>\n\n\t\n<\/div>\n","protected":false},"excerpt":{"rendered":"<p>A Kann ich einen Bildungscheck o.\u00e4. f\u00fcr meine Weiterbildung einsetzen? Grunds\u00e4tzlich k\u00f6nnen Sie Bildungsschecks einsetzen. Wenden Sie sich bitte an das Sekretariat (0228-9493120).<\/p>\n","protected":false},"author":1,"featured_media":0,"parent":9,"menu_order":7,"comment_status":"closed","ping_status":"closed","template":"","meta":{"footnotes":""},"class_list":["post-127","page","type-page","status-publish","hentry"],"aioseo_notices":[],"_links":{"self":[{"href":"https:\/\/www.institut-systeme.de\/html\/wp-json\/wp\/v2\/pages\/127","targetHints":{"allow":["GET"]}}],"collection":[{"href":"https:\/\/www.institut-systeme.de\/html\/wp-json\/wp\/v2\/pages"}],"about":[{"href":"https:\/\/www.institut-systeme.de\/html\/wp-json\/wp\/v2\/types\/page"}],"author":[{"embeddable":true,"href":"https:\/\/www.institut-systeme.de\/html\/wp-json\/wp\/v2\/users\/1"}],"replies":[{"embeddable":true,"href":"https:\/\/www.institut-systeme.de\/html\/wp-json\/wp\/v2\/comments?post=127"}],"version-history":[{"count":2,"href":"https:\/\/www.institut-systeme.de\/html\/wp-json\/wp\/v2\/pages\/127\/revisions"}],"predecessor-version":[{"id":386,"href":"https:\/\/www.institut-systeme.de\/html\/wp-json\/wp\/v2\/pages\/127\/revisions\/386"}],"up":[{"embeddable":true,"href":"https:\/\/www.institut-systeme.de\/html\/wp-json\/wp\/v2\/pages\/9"}],"wp:attachment":[{"href":"https:\/\/www.institut-systeme.de\/html\/wp-json\/wp\/v2\/media?parent=127"}],"curies":[{"name":"wp","href":"https:\/\/api.w.org\/{rel}","templated":true}]}}