{"id":119,"date":"2017-07-25T15:04:51","date_gmt":"2017-07-25T13:04:51","guid":{"rendered":"https:\/\/www.institut-systeme.de\/html?page_id=119"},"modified":"2021-02-22T10:20:29","modified_gmt":"2021-02-22T09:20:29","slug":"supervision","status":"publish","type":"page","link":"https:\/\/www.institut-systeme.de\/html\/weiterbildung-meg-dgfs\/supervision\/","title":{"rendered":"Lehr-Supervision hypnotherapeutisch kontextspezifisch"},"content":{"rendered":"<p><strong>Einzel-Supervision\u00a0 oder Gruppen- Supervision. Anmeldung erforderlich<br \/>\n<\/strong><\/p>\n<p><strong>Supervisionen sind auch unabh\u00e4ngig von der Teilnahme an der Weiterbildung buchbar und offen f\u00fcr Kollegen.<\/strong><\/p>\n<p><strong>Kontextspezifische Supervisionen und Praxisintegration<\/strong>. Die M.E.G. erkennt f\u00fcr die Zertifikate die Supervisionen kontextunabh\u00e4ngig an. Sie k\u00f6nnen in Bonn frei w\u00e4hlen. Wir bieten in Bonn f\u00fcr unsere 4 Weiterbildungsg\u00e4nge in Hypnose auch 3 kontextspezifische Supervisionen an f\u00fcr<\/p>\n<ol>\n<li>Psychotherapeuten und KollegInnen aus dem psychosozialen Feld, die mit Kindern und Jugendlichen arbeiten (KliHyp\/KiHyp-Supervision),<\/li>\n<li>\u00c4rzte (MedHyp-Supervision)<\/li>\n<li>Coaches\/Berater (KomHyp-Supervision und &#8220;Ressourcenerzeugende Beratung &#8211; Ver\u00e4nderungsarbeit&#8221;). &#8220;Coach the Coach&#8221; f\u00fcr externe und interne BeraterInnen und Coaches<\/li>\n<\/ol>\n<p><strong>Sie fnden hier zun\u00e4chst die Termine und <\/strong><strong>weiter unten die inhaltlichen Beschreibungen dazu:<\/strong><\/p>\n<h2>Aktuelle Termine<\/h2>\n<h3>Supervision<\/h3>\n<ul class='eme_events_list'><li><span class=\"bold border-bottom\">11. Juni 2026 <\/span><br \/> <a href='https:\/\/www.institut-systeme.de\/html\/events\/komhyp-supervision-coaches-und-beraterinnen-17\/'  title='KomHyp-Supervision - Coaches und BeraterInnen'>KomHyp-Supervision &#8211; Coaches und BeraterInnen<\/a><br \/><\/li><li><span class=\"bold border-bottom\">14. Juli 2026 <\/span><br \/> <a href='https:\/\/www.institut-systeme.de\/html\/events\/kostenfreier-infoabend-das-bonner-ressourcen-modell-konstruktivistische-veraenderungsarbeit-in-psychotherapie-und-coaching\/'  title='Kostenfreier Infoabend: Das Bonner Ressourcen Modell - Konstruktivistische Ver\u00e4nderungsarbeit in Psychotherapie und Coaching'>Kostenfreier Infoabend: Das Bonner Ressourcen Modell &#8211; Konstruktivistische Ver\u00e4nderungsarbeit in Psychotherapie und Coaching<\/a><br \/><\/li><li><span class=\"bold border-bottom\">24. September 2026 <\/span><br \/> <a href='https:\/\/www.institut-systeme.de\/html\/events\/komhyp-supervision-coaches-und-beraterinnen-18\/'  title='KomHyp-Supervision - Coaches und BeraterInnen'>KomHyp-Supervision &#8211; Coaches und BeraterInnen<\/a><br \/><\/li><\/ul>\n<ul class='eme_events_list'><li><span class=\"bold border-bottom\">12. Juni 2026 <\/span><br \/> <a href='https:\/\/www.institut-systeme.de\/html\/events\/klihyp-und-kihyp-supervision-7\/'  title='KliHyp- und KiHyp-Supervision'>KliHyp- und KiHyp-Supervision<\/a><br \/><\/li><li><span class=\"bold border-bottom\">14. Juli 2026 <\/span><br \/> <a href='https:\/\/www.institut-systeme.de\/html\/events\/kostenfreier-infoabend-das-bonner-ressourcen-modell-konstruktivistische-veraenderungsarbeit-in-psychotherapie-und-coaching\/'  title='Kostenfreier Infoabend: Das Bonner Ressourcen Modell - Konstruktivistische Ver\u00e4nderungsarbeit in Psychotherapie und Coaching'>Kostenfreier Infoabend: Das Bonner Ressourcen Modell &#8211; Konstruktivistische Ver\u00e4nderungsarbeit in Psychotherapie und Coaching<\/a><br \/><\/li><li><span class=\"bold border-bottom\">25. September 2026 <\/span><br \/> <a href='https:\/\/www.institut-systeme.de\/html\/events\/klihyp-und-kihyp-supervision-8\/'  title='KliHyp- und KiHyp-Supervision'>KliHyp- und KiHyp-Supervision<\/a><br \/><\/li><\/ul>\n<ul class='eme_events_list'><li><span class=\"bold border-bottom\">12. Juni 2026 <\/span><br \/> <a href='https:\/\/www.institut-systeme.de\/html\/events\/medhyp-supervision-12\/'  title='MedHyp-Supervision'>MedHyp-Supervision<\/a><br \/><\/li><li><span class=\"bold border-bottom\">25. September 2026 <\/span><br \/> <a href='https:\/\/www.institut-systeme.de\/html\/events\/medhyp-supervision-14\/'  title='MedHyp-Supervision'>MedHyp-Supervision<\/a><br \/><\/li><li><span class=\"bold border-bottom\">4. Dezember 2026 <\/span><br \/> <a href='https:\/\/www.institut-systeme.de\/html\/events\/medhyp-supervision-15\/'  title='MedHyp-Supervision'>MedHyp-Supervision<\/a><br \/><\/li><\/ul>\n<p><a href=\"https:\/\/www.institut-systeme.de\/html\/termine\/\">zum Terminkalender<\/a><\/p>\n<h2>&#8220;KliHyp-Supervision&#8221; zur Fortbildung und Begleitung &#8220;Klinischer Hypnose und Hypnotherapie&#8221; f\u00fcr PsychotherapeutInnen<\/h2>\n<p>&#8220;KiHyp-Supervision&#8221; zur Fortbildung und Begleitung &#8220;Hypnotherapeutischer und systemischer Konzepte f\u00fcr die Arbeit mit Kindern und Jugendlichen&#8221; f\u00fcr KollegInnen im psychosozialen Feld, die im Rahmen einer abgeschlossenen Berufsausbildung mit Kindern und Jugendlichen therapeutisch arbeiten. Die Supervisionsinhalte werden bestimmt von den mitgebrachten Anliegen zu Ihren Behandlungsf\u00e4llen. Wenn Sie keinen Fall vorstellen, profitieren Sie von den vorgetragenen F\u00e4llen. Zur Erlangung des Zertifikats sind zwei Behandlungsf\u00e4lle mit Hypnoseintervention vorzustellen. Es gibt grunds\u00e4tzlich den Wunsch von FortbildungsteilnehmerInnen, das in der Fortbildung Gelernte unmittelbar supervidieren zu lassen. Manche m\u00f6chten auch kompakt die f\u00fcr das Zertifikat erforderlichen Supervisionsstunden absolvieren. Andererseits besteht von ZertifikatsinhaberInnen nach der Fortbildung der Wunsch nach begleitender Supervision zum Auffrischen und Vertiefen. Deshalb bieten wir 8 Ustd.-Termine an, die zusammen oder 4-st\u00fcndig gebucht werden k\u00f6nnen.<\/p>\n<p>Supervisionsinhalte nach Wunsch:<\/p>\n<ul>\n<li>Trainingssupervision: Hier wird unter direkter Supervision trainiert, z.B. spezielle Tranceinduktionen, therapeutische Interventionen in Trance, Passagen der Konversationstrance, Selbsthypnoseanleitung.<\/li>\n<li>Fallsupervision zu speziellen Indikationsgebieten, die sich abgestimmt nach Ihren Anliegen richten, wie z.B. zu den Themen \u00c4ngste, Behandlung von Jugendlichen und ihren Familien, Chronifizierungen psychischer Zust\u00e4nde, Depressionen, Missbrauch, Paarsitzungen, Psychosomatik, S\u00fcchte, Schmerzzust\u00e4nde, Trauma, Zw\u00e4nge usw..<\/li>\n<li>Die KliHyp-Supervision kann die ganze Fallpalette einer Psychotherapiepraxis oder der Arbeit in einer psychosomatischen oder therapeutischen Klinik, sowie entsprechenden Beratungsstellen widerspiegeln und den Einsatz von Hypnose und Hypnotherapie darin verdeutlichen.<\/li>\n<li>Bitte fragen Sie sich als TherapeutIn, was Ihr Supervisionsanliegen ist. Viele fragen ganz allgemein einen Austausch ab. Das spezielle Erfassen Ihres Auftrags zeigt Ihnen aber, worin Sie sich erweitern k\u00f6nnen.<\/li>\n<\/ul>\n<p>Unsere Supervisionsveranstaltungen sind mit Kammerfortbildungspunkten versehen. Anne M. Lang ist zertifizierte Supervisorin und von der Psychotherapeutenkamer NRW als solche akkreditiert:<\/p>\n<ul>\n<li>Bitte besorgen Sie sich in der Supervision ein Formblatt, auf dem Sie die Supervisionstermine f\u00fcr die PT-Kammer-Punkte festhallen.<\/li>\n<li>Bitte tragen Sie sich in die aush\u00e4ngende Liste ein.<\/li>\n<li>Eine Supervisionsbescheinigung f\u00fcr die M.E.G. oder DGSF erhalten Sie zudem.<\/li>\n<\/ul>\n<h2>&#8220;KomHyp-Supervision&#8221; zur Fortbildung der &#8220;KomHyp-Reihe M.E.G.&#8221; f\u00fcr Coaches und BeraterInnen, zur Fortbildung \u201eRessourcenerzeugende Beratung&#8221; f\u00fcr externe und interne BeraterInnen und Coaches<\/h2>\n<p>In dieser Supervision hat es sich bew\u00e4hrt, im Jahr vier bis f\u00fcnf Tage mit 10 Ustd. zu verteilen. Refresher aus fr\u00fcheren Gruppen sind immer willkommen. Es werden u.a. supervidiert: schwierige Themen in Coaching-, Beratungs-, Supervisions- und Trainingsprozessen, Coaching- Auftragssituationen z.B. schwierige Situationen von diffusen Auftr\u00e4gen und Mehrfachauftraggebern, Systemische Konstellationen, Konstellationen des eigenen Arbeitsfeldes als interne BeraterInnen oder der Selbstst\u00e4ndigkeit und immer wieder neu in ihrer Vielfalt auftretende Fragen, Konflikte, Verstrickungen des Beratungsberufslebens. Auch das Selbstmanagement oder das eigene Marketingkonzept kann supervidiert und optimiert werden. Sie lernen dabei sowohl wieder in ihren eigenen Situationen Optionen zu entwickeln als auch durch die Supervision der Kollegenbeispiele.<\/p>\n<p>Sehr gerne k\u00f6nnen Videos mitgebracht werden, nach Bedarf k\u00f6nnen auch live ausprobierte Beratungssequenzen supervidiert werden.<\/p>\n<p>Das Vorgehen ist ressourcenorientiert, systemisch und im ericksonschen Stil. Die Supervision ist offen f\u00fcr alle als Coach\/BeraterIn t\u00e4tigen KollegInnen.<\/p>\n<h2>&#8220;MedHyp Supervision&#8221; zur Fortbildung &#8220;Medizinische Hypnose M.E.G.&#8221; f\u00fcr \u00c4rztInnen und im Krankenhaus t\u00e4tige PsychologInnen<\/h2>\n<p>Zur Erlangung des Zertifikats &#8220;Medizinische Hypnose M.E.G.&#8221; sind 50 Ustd. Supervision obligatorisch. Supervision besteht aus den Worten \u201esuper\u201c im Sinne von \u201e\u00fcber\u201c und \u201eVision\u201c f\u00fcr \u201esehen\u201c. Das bedeutet, dass sich in der Draufsicht bzw. Metaperspektive auf eine Situation erweiternde Perspektiven auftun. Immer, wenn wir uns eine Begebenheit aus der Vogelperspektive ansehen, erkennen wir weitere Ansatzpunkte f\u00fcr Vorgehensweisen.<\/p>\n<p>So geht es in der Supervision darum, das komplexe Geschehen zwischen BehandlerIn und PatientIn zu betrachten hinsichtlich:<\/p>\n<ul>\n<li>des spezifischen Behandlungskontextes<\/li>\n<li>der Beziehungsebenen<\/li>\n<li>der Kommunikationsebenen<\/li>\n<li>des systemisch zirkul\u00e4r erzeugten Prozesses<\/li>\n<li>der hypnotherapeutischen Interventionen und Induktionen.<\/li>\n<\/ul>\n<p>Supervision bietet immer weitere M\u00f6glichkeiten, die eine Situation anreichern. Sie professionalisiert Sie, d.h. Ihr Erfahrungswissen und Ihre Reflexionskompetenz erh\u00f6ht sich.<\/p>\n<p><strong>Supervision in einer Gruppe erweitert um die Beobachterperspektiven der anderen.<\/strong> Dabei gilt immer, dass eine Fall-\u201cGeschichte\u201c nat\u00fcrlich nur eine erz\u00e4hlte Situation ist, die durch den Filter des Erz\u00e4hlers wiedergegeben wird. Auch der Patient hat ja wiederum meist noch eine andere Erz\u00e4hlung von der Situation. Dementsprechend reflektieren die SupervisionskollegInnen auch nur das, was sie wiederum von dem Erz\u00e4hlten verstanden haben. Dennoch gilt die Supervision als ideales Lernfeld, um sich diese Perspektiven von anderen selbst als Berater zu erweitern. Aber bitte rechnen Sie nicht damit, dass die anderen f\u00fcr Sie Ihre beraterische Situation l\u00f6sen werden. Sie werden es vor Ort mit dem Klienten in diesem gemeinsamen Setting tun.<\/p>\n<p>Nicht vergessen werden sollte, dass es nicht nur lohnt die F\u00e4lle vorzustellen, in denen wir glauben, nicht weiterzukommen &#8211; wir lernen auch (und gerade) von den F\u00e4llen, die gelungen sind.<\/p>\n<p><strong>In der Lehrsupervision als Lernmedium<\/strong><\/p>\n<ul>\n<li>betrachten und erweitern wir die medizinischen Kontexte zur Anwendung von hypnotischen Interventionen<\/li>\n<li>reflektieren wir die systemische Situation und den spezifischen Kontext unserer Arbeit<\/li>\n<li>integrieren wir gelernte Inhalte immer mehr in die Praxis<\/li>\n<li>lernen wir, hypnotische Interventionen, Induktionen, Angebote flexibler auf PatientInnen, Symptome, Situationen zuzuschneidern und dies in der Konversationstrance und in Tranceritualen.<\/li>\n<li>tragen wir so erweiternde und verschiedene Perspektiven zusammen<\/li>\n<li>nutzen wir die Ressourcen der Gruppe<\/li>\n<li>reflektieren wir uns und unsere Besonderheiten und Ressourcen<\/li>\n<li>festigen wir unsere Rollenkompetenz<\/li>\n<li>erweitern wir die vielf\u00e4ltigen M\u00f6glichkeiten hypnotischen Vorgehens<\/li>\n<\/ul>\n<p>&nbsp;<\/p>\n","protected":false},"excerpt":{"rendered":"<p><a class=\"ninja_pages_read_more\"  href=\"https:\/\/www.institut-systeme.de\/html\/weiterbildung-meg-dgfs\/supervision\/\"><\/a><\/p>\n","protected":false},"author":1,"featured_media":0,"parent":9,"menu_order":5,"comment_status":"closed","ping_status":"closed","template":"","meta":{"footnotes":""},"class_list":["post-119","page","type-page","status-publish","hentry"],"aioseo_notices":[],"_links":{"self":[{"href":"https:\/\/www.institut-systeme.de\/html\/wp-json\/wp\/v2\/pages\/119","targetHints":{"allow":["GET"]}}],"collection":[{"href":"https:\/\/www.institut-systeme.de\/html\/wp-json\/wp\/v2\/pages"}],"about":[{"href":"https:\/\/www.institut-systeme.de\/html\/wp-json\/wp\/v2\/types\/page"}],"author":[{"embeddable":true,"href":"https:\/\/www.institut-systeme.de\/html\/wp-json\/wp\/v2\/users\/1"}],"replies":[{"embeddable":true,"href":"https:\/\/www.institut-systeme.de\/html\/wp-json\/wp\/v2\/comments?post=119"}],"version-history":[{"count":19,"href":"https:\/\/www.institut-systeme.de\/html\/wp-json\/wp\/v2\/pages\/119\/revisions"}],"predecessor-version":[{"id":2310,"href":"https:\/\/www.institut-systeme.de\/html\/wp-json\/wp\/v2\/pages\/119\/revisions\/2310"}],"up":[{"embeddable":true,"href":"https:\/\/www.institut-systeme.de\/html\/wp-json\/wp\/v2\/pages\/9"}],"wp:attachment":[{"href":"https:\/\/www.institut-systeme.de\/html\/wp-json\/wp\/v2\/media?parent=119"}],"curies":[{"name":"wp","href":"https:\/\/api.w.org\/{rel}","templated":true}]}}