{"id":117,"date":"2017-07-25T15:04:33","date_gmt":"2017-07-25T13:04:33","guid":{"rendered":"https:\/\/www.institut-systeme.de\/html?page_id=117"},"modified":"2020-03-10T15:13:05","modified_gmt":"2020-03-10T14:13:05","slug":"kammerakkreditierte-seminare","status":"publish","type":"page","link":"https:\/\/www.institut-systeme.de\/html\/weiterbildung-meg-dgfs\/kammerakkreditierte-seminare\/","title":{"rendered":"Einzelseminare akkreditiert von den Psychotherapeutenkammern"},"content":{"rendered":"<p><strong>Offen zu buchende Einzelveranstaltungen <\/strong><strong>mit Fortbildungspunkten u<\/strong><strong>nd gleichzeitig Anwendungsseminare<\/strong><\/p>\n<p>f\u00fcr unsere Weiterbildungen in Psychotherapie, Coaching, Kinderpsychotherapie und Medizinische Behandlung.<br \/>\nVon den Kammern vorgegeben erhalten Sie f\u00fcr 8 Ustd. 10 <strong>Fortbildungspunkte<\/strong>, f\u00fcr 16 Ustd. 20 Punkte; f\u00fcr 3 t\u00e4gige Seminar mit\u00a0 24 Ustd. 30 Punkte.<br \/>\nF\u00fcr Supervisionen (8 Ustd) erhalten Sie 10 Punkte.<br \/>\n<strong>Zu Terminen siehe <a href=\"https:\/\/www.institut-systeme.de\/html\/wp-content\/uploads\/2020\/03\/terminkalender_jubilaeum_neu_2020.pdf\" target=\"_blank\" rel=\"noopener noreferrer\">PDF<\/a> <\/strong><\/p>\n<p><strong>Aktuelle Themen und Termine:<\/strong><\/p>\n<h3>Anwendungsseminare<\/h3>\n<ul class='eme_events_list'><li><span class=\"bold border-bottom\">4. Mai 2026 <\/span><br \/> <a href='https:\/\/www.institut-systeme.de\/html\/events\/modul-6-ressourcenerzeugung-in-unterschiedlichen-praxisfeldern-4\/'  title='Modul 6: Ressourcenerzeugung in unterschiedlichen Praxisfeldern'>Modul 6: Ressourcenerzeugung in unterschiedlichen Praxisfeldern<\/a><br \/><p>Anwendungsseminare Bonner Ressourcenmodell Systemisches Coaching &#8211; Ressourcenerzeugende Beratung \/ Ver\u00e4nderungsarbeit <\/p><\/li><li><span class=\"bold border-bottom\">8. Mai 2026 <\/span><br \/> <a href='https:\/\/www.institut-systeme.de\/html\/events\/hypnose-induktionen-in-vielfalt-und-einsatz\/'  title='Hypnose-Induktionen in Vielfalt und Einsatz'>Hypnose-Induktionen in Vielfalt und Einsatz<\/a><br \/><p>Anwendungsseminare <\/p><\/li><li><span class=\"bold border-bottom\">28. Mai 2026 <\/span><br \/> <a href='https:\/\/www.institut-systeme.de\/html\/events\/das-systemische-seminar-wirkungsverstaerkung-der-hypnosearbeit-durch-systemisches-denken-und-arbeit-in-schwierigen-faellen-4\/'  title='Das Systemische Seminar: Wirkungsverst\u00e4rkung der Hypnosearbeit durch Systemisches Denken und Arbeit in schwierigen F\u00e4llen'>Das Systemische Seminar: Wirkungsverst\u00e4rkung der Hypnosearbeit durch Systemisches Denken und Arbeit in schwierigen F\u00e4llen<\/a><br \/><p>Anwendungsseminare <\/p><\/li><\/ul>\n<p><a href=\"https:\/\/www.institut-systeme.de\/html\/termine\/\">zum Terminkalender<\/a><\/p>\n<p><strong>Auswahl<\/strong> <strong>an Seminaren,<\/strong> die im Institut in Abst\u00e4nden stattfinden.<\/p>\n<ul>\n<li>\u00a0Jetzt hilft nur noch Hypnose<\/li>\n<li>Hypnosystemische Paartherapie<\/li>\n<li>Vielfalt der Tranceinduktionen<\/li>\n<li>(Fatale) Suggestionen erkennen und aufl\u00f6sen und g\u00fcnstige entwickeln<\/li>\n<li>Schmerztherapie<\/li>\n<li>Indirekte und Direkte Hypnose<\/li>\n<li>Raucherentw\u00f6hnung<\/li>\n<li>Gewichtsregulation mit Hypnose und Selbsthypnose<\/li>\n<li>Systemische Toolbox<\/li>\n<li>Resilienz und Selbsthypnose<\/li>\n<li>Die Kunst der Ver\u00e4nderung<\/li>\n<li>Angst und Phobie<\/li>\n<li>Akute und chronische Schmerzen<\/li>\n<li>Hypnosystemische Konzepte in der Praxis<\/li>\n<li>Aufl\u00f6sung chronischer Problemsituationen mit dem Bonner Ressourcen Modell: Prozess-, Schleifen-, Metaarbeit<\/li>\n<\/ul>\n<p><strong>Auswahl an Seminaren f\u00fcr den Beratungs- und Coachingbereich:<\/strong><\/p>\n<ul>\n<li>Systemisches Denken und Arbeiten als F\u00fchrungskraft<\/li>\n<li>Optimierung Ihrer F\u00fchrungsqualit\u00e4t<\/li>\n<li>Coaching von F\u00fchrungskr\u00e4ften<\/li>\n<li>Konfliktberatung und Konfliktmoderation<\/li>\n<li>Verbesserung der Zusammenarbeit in Teams<\/li>\n<li>Teamcoaching<\/li>\n<li>Wirkungsvolle Kommunikation<\/li>\n<li>L\u00f6sungsorientierte Gespr\u00e4chsf\u00fchrung und Ericksonsche Kommunikation<\/li>\n<li>Stresscoaching, Stressmanagement und Anforderungsmanagement f\u00fcr F\u00fchrungskr\u00e4fte<\/li>\n<li>Seminare zu Gesundheitsmanagement, Bew\u00e4ltigung von Pr\u00fcfungs- und Auftritts\u00e4ngsten<\/li>\n<li>Demo-Coaching mit Ressourcen<\/li>\n<li>Die Kunst der Ver\u00e4nderung<\/li>\n<li>Mobbing als systemisches Ph\u00e4nomen<\/li>\n<li>Resilienz ist lernbar<\/li>\n<li>Mentales Training<\/li>\n<li>Hypno-Systemische Selbsterfahrung und Ericksonsche Selbsthypnose<\/li>\n<li>Selbstcoaching mit Resilienzf\u00f6rderung<\/li>\n<li>Fatale Suggestionen erkennen und aufl\u00f6sen- F\u00f6rdernde s\u00e4en und ausbauen<\/li>\n<\/ul>\n","protected":false},"excerpt":{"rendered":"<p><a class=\"ninja_pages_read_more\"  href=\"https:\/\/www.institut-systeme.de\/html\/weiterbildung-meg-dgfs\/kammerakkreditierte-seminare\/\"><\/a><\/p>\n","protected":false},"author":1,"featured_media":0,"parent":9,"menu_order":4,"comment_status":"closed","ping_status":"closed","template":"","meta":{"footnotes":""},"class_list":["post-117","page","type-page","status-publish","hentry"],"aioseo_notices":[],"_links":{"self":[{"href":"https:\/\/www.institut-systeme.de\/html\/wp-json\/wp\/v2\/pages\/117","targetHints":{"allow":["GET"]}}],"collection":[{"href":"https:\/\/www.institut-systeme.de\/html\/wp-json\/wp\/v2\/pages"}],"about":[{"href":"https:\/\/www.institut-systeme.de\/html\/wp-json\/wp\/v2\/types\/page"}],"author":[{"embeddable":true,"href":"https:\/\/www.institut-systeme.de\/html\/wp-json\/wp\/v2\/users\/1"}],"replies":[{"embeddable":true,"href":"https:\/\/www.institut-systeme.de\/html\/wp-json\/wp\/v2\/comments?post=117"}],"version-history":[{"count":9,"href":"https:\/\/www.institut-systeme.de\/html\/wp-json\/wp\/v2\/pages\/117\/revisions"}],"predecessor-version":[{"id":1881,"href":"https:\/\/www.institut-systeme.de\/html\/wp-json\/wp\/v2\/pages\/117\/revisions\/1881"}],"up":[{"embeddable":true,"href":"https:\/\/www.institut-systeme.de\/html\/wp-json\/wp\/v2\/pages\/9"}],"wp:attachment":[{"href":"https:\/\/www.institut-systeme.de\/html\/wp-json\/wp\/v2\/media?parent=117"}],"curies":[{"name":"wp","href":"https:\/\/api.w.org\/{rel}","templated":true}]}}