{"id":111,"date":"2017-07-25T15:03:45","date_gmt":"2017-07-25T13:03:45","guid":{"rendered":"https:\/\/www.institut-systeme.de\/html?page_id=111"},"modified":"2025-01-16T11:25:54","modified_gmt":"2025-01-16T10:25:54","slug":"ressourcenerzeugende-beratung-nach-dem-bonner-ressourcenmodell","status":"publish","type":"page","link":"https:\/\/www.institut-systeme.de\/html\/weiterbildung-meg-dgfs\/systemische-weiterbildung-dgfs\/ressourcenerzeugende-beratung-nach-dem-bonner-ressourcenmodell\/","title":{"rendered":"Reihe: &#8220;Ressourcenerzeugende Beratung &#8211; Bonner Ressourcen Modell&#8221;"},"content":{"rendered":"<p><strong>Ressourcenerzeugende Ver\u00e4nderungsarbeit\/<\/strong><strong>Beratung\/Therapie\u00a0 <\/strong><strong>&#8211; <\/strong><strong>Das Bonner Ressourcen Modell\u00a0 <\/strong><\/p>\n<p>Seit 2004 bietet das AML Institut Systeme j\u00e4hrlich diesen Weiterbildungsgang an<\/p>\n<p><a href=\"https:\/\/www.institut-systeme.de\/html\/wp-content\/uploads\/2024\/04\/wlressber2024.pdf\" target=\"_blank\" rel=\"noopener\">Inhalts\u00fcberblick der Weiterbildung als PDF-Datei<\/a><\/p>\n<p><a href=\"https:\/\/www.institut-systeme.de\/html\/wp-content\/uploads\/2025\/01\/intervisionsangebot.pdf\" target=\"_blank\" rel=\"noopener\">Online-Intervisionstreffen f\u00fcr hypnosystemisches und l\u00f6sungsorientiertes Arbeiten<\/a><\/p>\n<p><strong><u>\u00dcberblick Seminarthemen<br \/>\n<\/u><\/strong><\/p>\n<div class=\"otw-sc-toggle\"><h3 class=\"toggle-trigger widget-title closed\">Modul 1: Das Konzept der Ressourcen- Erzeugung: Problementstehung und Problembehebung anders sehen und angehen<span class=\"icon\"><\/span><\/h3><div class=\"toggle-content\"><p>Grundlagen einer professionellen Beratungshaltung, Beratungsrolle und abgeleiteter Interventionen:<\/p><br \/>\n<p>\u2022 Begriffe rund um Beratung, Ver\u00e4nderungsarbeit und ihre konstruktivistische Reflexion<br \/><br \/>\n\u2022 Beratung als Oberbegriff f\u00fcr Ver\u00e4nderungsarbeit auch im Coaching und in Klinik und Psychotherapie<br \/><br \/>\n\u2022 Konzepte zur Entstehung und Ver\u00e4nderung von St\u00f6rungen bzw. von als ver\u00e4nderungsbedeutsam eingestuften Situationen<br \/><br \/>\n\u2022 die einer Datensammlung zugrunde liegenden Hypothesen<br \/><br \/>\n\u2022 Konzepte der Salutogenese und Erzeugung von vorhandenen und sich in Beratung entwickelnden Ressourcen<br \/><br \/>\n\u2022 Koh\u00e4rente und iatrogene Effekte durch Beratung, Umsetzung von Beratungsmodellen und Kontexte<br \/><br \/>\n\u2022 Inhaltsbezogene Arbeit und prozessbezogenes inhaltsfreies Ansto\u00dfen<br \/><br \/>\n\u2022 Herstellen eines g\u00fcnstigen Ver\u00e4nderungsrahmens<br \/><br \/>\n\u2022 Hilfreiche Gespr\u00e4chsf\u00fchrungselemente und ihre Ausrichtungen<br \/><br \/>\n\u2022 Nutzen von sprachlicher, nichtsprachlicher, direkter, indirekter Kommunikation<br \/><br \/>\n\u2022 Praktische Umsetzung der bisherigen Wirkfaktorenforschung zur Ver\u00e4nderung<br \/><br \/>\n\u2022 Vom Fachexperten zum Prozessbegleiter <\/p><\/div><\/div>\n<div class=\"otw-sc-toggle\"><h3 class=\"toggle-trigger widget-title closed\">Modul 2: Das Bonner Ressourcenmodell: Was \u00e4ndert sich, wenn ich hypnosystemische Prinzipien zugrunde lege? Verfahren und ihre Ver\u00e4nderungshypothesen<span class=\"icon\"><\/span><\/h3><div class=\"toggle-content\"><p>Hypnosystemische Kommunikation ver\u00e4ndert die Beratungs- und Therapiewelt. Es geht um die Implikationen von Vorgehen. Die Theorie der Selbstorganisation f\u00fcr Ver\u00e4nderungsprozesse ist zu beachten.<br \/><br \/>\n\u2022 Prozesse, die durch Prozessarbeit, Schleifenarbeit, Metaarbeit im Bonner Ressourcen Modell erzeugt werden. Prozesse zwischen Komplexit\u00e4tserm\u00f6glichung und -reduktion (erweiternde Kreativit\u00e4t, zielvisionsorientierte Struktursetzung)<br \/><br \/>\n\u2022 Gestaltung des Sitzungsverlaufs und des Gesamtverlaufs. Wichtige Interventionen, um Menschen andere M\u00f6glichkeiten erfahrbar zu machen. Der Berater\/Therapeut mit starker Rolle auf der Rahmungsebene als Begleiter, Zeuge, Mitgestalter, Hervorbringer. Der Klient als erstarkter eigener Gestalter.<br \/><br \/>\n\u2022 Wie geht Ver\u00e4nderung in der psychologischen Beratung &#8211; Etappen des Prozesses in Sitzung und Verlauf.<br \/><br \/>\n\u2022 Kontaktaufbau, Kl\u00e4rungen von Ziel, Auftrag, Vorgehen z.B. in Tempo, Zuversicht, Motivation, Ambivalenzen, der relevanten Faktoren u. Mitmenschen, Umgehen mit auftretenden Ereignissen usw.<br \/><br \/>\n\u2022 Die starke Relevanz der wiederkehrenden Zielkl\u00e4rung\/Auftragskl\u00e4rung\/Kontextkl\u00e4rung\/Systemkl\u00e4rung zur Prozessgestaltung<br \/><br \/>\n\u2022 Prozessinstruktionen als Interventionen der Prozessarbeit und ihre st\u00e4ndige Evaluation<br \/><br \/>\n\u2022 Interventionen der Schleifenarbeit und das Ausl\u00f6sen innerer Suchprozesse<br \/><br \/>\n\u2022 Unterschied zu anderen Vorgehensweisen in Kontakt- und Beziehungsgestaltung <\/p><\/div><\/div>\n<div class=\"otw-sc-toggle\"><h3 class=\"toggle-trigger widget-title closed\">Modul 3 : Systemisch - Konstruktivistisches Denken: Abgeleitete Beratungshaltung und Beratungspraxis<span class=\"icon\"><\/span><\/h3><div class=\"toggle-content\"><p>Mit diesem Seminar beginnt die Einf\u00fchrung der drei Richtungen des Vorgehens: Systemische, Ericksonsche und L\u00f6sungsorientierte Richtungen. Alle drei teilen denselben Hintergrund der Selbstorganisationtheorie, w\u00e4hlen aber ein unterschiedliches Herangehen. Sie sind daher miteinander kombinierbar und erg\u00e4nzen sich gegenseitig optimal. Systemisches Denken erweitert den Fokus vom Intrapsychischen hin zu vernetzten kontextbezogenen Bez\u00fcgen. Die Komplexit\u00e4t einer Situation wird zur L\u00f6sung genutzt durch erweiternde Zugangsm\u00f6glichkeiten und Perspektiven. Folgende Themen sind Gegenst\u00e4nde des Seminars:<br \/><br \/>\n\u2022Kybernetik 1ter Ordnung kausale Zirkularit\u00e4t<br \/><br \/>\n\u2022Kybernetik 2ter Ordnung konstruktivistische Wirklichkeitserschaffung: vom Input zur Prozessinstruktion, vom Wissen um die Ursache zum Erzeugen von Gestaltungskraft<br \/><br \/>\n\u2022Meta-Intervention: Systemisches Fragen\/ Erkunden.<br \/><br \/>\n\u2022Meta-Intervention: Aufgaben als Impulsgeber f\u00fcr neue Selbstorganisation<br \/><br \/>\n\u2022Meta-Intervention: Systemische Zwischen- und Schlussinterventionen<br \/><br \/>\n\u2022 Meta-Intervention: Analoge Darstellungen und Skulpturen, Rituale<br \/><br \/>\n\u2022Arbeit mit inneren und \u00e4u\u00dferen Teilsystemen<br \/><br \/>\n\u2022Systemische Setting: Reflecting Teams, Paar-Familiengespr\u00e4che, Teams<br \/><br \/>\n\u2022Was macht Hypnosystemisches aus?<br \/><br \/>\n\u2022Spezielle besondere Situationen z. B.: bei &#8220;geschickten&#8221; Klienten, mehreren Auftraggebern, unterschiedlichen, vermischten Auftr\u00e4gen, \u201eschwierige\u201c Klienten <\/p><\/div><\/div>\n<div class=\"otw-sc-toggle\"><h3 class=\"toggle-trigger widget-title closed\">Modul 4: Ericksonsches Denken: Abgeleitete Beratungshaltung und Beratungspraxis<span class=\"icon\"><\/span><\/h3><div class=\"toggle-content\"><p>Milton Erickson gilt als Vater der Ressourcen-Einf\u00fchrung in die Psychotherapie und Ver\u00e4nderungsarbeit. Er arbeitete mit Bewusstseinszust\u00e4nden und Zukunft und bezog Sprache und Kommunikation auf mehreren Ebenen ein. Das Seminar zeigt seine unkonventionelle Herangehensweise, Probleme in F\u00e4higkeiten und Ressourcen zu verwandeln.<br \/><br \/>\nDie Interventionen sind besonders geeignet, innere fokussierte Suchprozesse auszul\u00f6sen und Erfahrungswissen zur L\u00f6sung kreativ einzubeziehen. Suggestionen in Alltags &#8211; u. Beratungskommunikation, Implikationen von Sprache und Fokussetzung \u00fcber Sprache und Kommunikation werden aufgezeigt. Ebenso wird eingef\u00fchrt in nichtsprachliche, analoge, indirekte und direkte Kommunikation und ihre Verwendung in der Konversationstrance. Es geht um Aufl\u00f6sung von Problemtrance und Einrichten von Ressourcentrance.<br \/><br \/>\nEs geht um die Organisation von erlebter Wirklichkeit durch ihre Distraktion, Fragmentierung und Reorientierung. Berater nutzen eine mehrebige Vorgehensweise. Sie erlernen das Utilisationsprinzip als konstruktivistische Kunst. Bei der \u00c4nderung unseres Wirklichkeitsbezugs hilft u.a. die ericksonsche Arbeit mit Vorstellungen, mit der Progression, in unterschiedlichen \u201eZeiten\u201c und Zust\u00e4nden, mit Metaphern. Interne Implikationen und die Glaubens\u00e4tze der Klienten sind zu erweitern. Besondere Bedeutung liegt auf der Erfahrung einer mentalen selbsthypnotischen Arbeit an eigenem Ziel. Die Veranstaltung vermittelt Ericksonsche Interventionen, Aufgabenstellung, viele Beispiele und Selbsterfahrung. Sie vermittelt die hypnosystemische Klammer. <\/p><\/div><\/div>\n<div class=\"otw-sc-toggle\"><h3 class=\"toggle-trigger widget-title closed\">Modul 5: De Shazersches Denken: Abgeleitete Beratungshaltung und Beratungspraxis<span class=\"icon\"><\/span><\/h3><div class=\"toggle-content\"><p>Die minimalste und konsequenteste Umsetzung einer Prozessf\u00fchrung mit Ressourcen- und Zukunftsausrichtung entwickelte De Shazer. Dieses Seminar zeigt anschaulich, wie diese Interventionen als starke Prozessinterventionen wirken. Inhalte des Seminars sind:<br \/><br \/>\n\u2022 Sprung vom mentalen Problemraum in den mentalen L\u00f6sungsraum: l\u00f6sungsorientierte Fokussetzung in Sprache und Kommunikation<br \/><br \/>\n\u2022 Meta-Interventionen der Zielvisions- und Auftragskl\u00e4rung<br \/><br \/>\n\u2022 Meta-Interventionen der l\u00f6sungsorientierte Prozessinstruktionen als Anregung zur Erweiterung im Ver\u00e4nderungsprozess<br \/><br \/>\n\u2022 Meta-Interventionen der Wunderfrage als Intervention, ihre vielf\u00e4ltigen Implikationen und Anwendungen<br \/><br \/>\n\u2022 Meta-Interventionen der Skalierung als Konkretisierung innerer Erfahrung und deren digitale Vermittlung und Verankerung<br \/><br \/>\n\u2022 Meta-Interventionen der Ausnahmen<br \/><br \/>\n\u2022 Strukturierte Prozessf\u00fchrung, Herstellen iterativer Feedbackschleifen der Prozessf\u00fchrung<br \/><br \/>\n\u2022 L\u00f6sungsorientiertes Erkunden und Frage-Interventionen<br \/><br \/>\n\u2022 Verbinden dieser Prozess-Kommunikation mit guter Beziehungsankopplung und Rapport<br \/><br \/>\n\u2022 Umgang mit speziellen Ver\u00e4nderungshindernissen<br \/><br \/>\n\u2022 De Shazer und systemische und erickonsche Verst\u00e4rkungen <\/p><\/div><\/div>\n<div class=\"otw-sc-toggle\"><h3 class=\"toggle-trigger widget-title closed\">Modul 6: Ressourcenerzeugung in unterschiedlichen Praxisfeldern<span class=\"icon\"><\/span><\/h3><div class=\"toggle-content\"><p>Dieses Seminar dient dazu, die Praxis und Kontexte der TeilnehmerInnen genauer im Hinblick auf das Gelernte zu beleuchten, erste Projekte vorzustellen sowie praktische Beispiele aus der Anwendung im eigenen Arbeitsfeld aufzuzeigen. Kontext-, Feld- und Prozesskompetenzen, \u00fcbergreifende Unterschiede und \u00c4hnlichkeiten der Kontexte werden thematisiert sowie schwierige Situationen im Beratungssetting, Kontextbedingungen, Dreiecksvertr\u00e4ge, Klienten-, Mitberater-Netze behandelt. Besondere Beachtung finden die hohen kommunikativen Anforderungen von Berufskontexten wie die von LehrerInnen, PfarrerInnen, BeraterInnen, TrainerInnen, F\u00fchrungskr\u00e4ften sowie von Arbeitskontexten wie u.a. der Beratung von Arbeitslosen, Existenzgr\u00fcndern, Krisenintervention, Lebensberatung, Rehabilitation, Psychotherapie, Coaching von Selbst\u00e4ndigen und Freiberuflern und interner Beratung in Organisationen. Spezielle Fragestellungen und deren Prozessbegleitung werden anhand von F\u00e4llen, Demos und Supervision vermittelt. Die Themen Selbstmanagement, Psychohygiene, Coaching von Start-ups oder Coach the Coach runden die Themenvielfalt des Seminars ab.<\/p><\/div><\/div>\n<p>Das Curriculum kann als Baustein zur Zertifizierung zum <a href=\"https:\/\/www.institut-systeme.de\/html\/weiterbildung-meg-dgfs\/systemische-weiterbildung-dgfs\/systemisches-coaching\/\" target=\"_blank\" rel=\"noopener noreferrer\"><strong>Systemischen Coach DGSF<\/strong><\/a> anerkannt werden. Anerkennung als M.E.G.-C-Seminar nach Absprache m\u00f6glich.<\/p>\n<h2>Aktuelle Termine<\/h2>\n<h3>Module<\/h3>\n<ul class='eme_events_list'><li><span class=\"bold border-bottom\">4. Mai 2026 <\/span><br \/> <a href='https:\/\/www.institut-systeme.de\/html\/events\/modul-6-ressourcenerzeugung-in-unterschiedlichen-praxisfeldern-4\/'  title='Modul 6: Ressourcenerzeugung in unterschiedlichen Praxisfeldern'>Modul 6: Ressourcenerzeugung in unterschiedlichen Praxisfeldern<\/a><br \/><p>Anwendungsseminare Bonner Ressourcenmodell Systemisches Coaching &#8211; Ressourcenerzeugende Beratung \/ Ver\u00e4nderungsarbeit <\/p><\/li><\/ul>\n<h3>Supervision<\/h3>\n<ul class='eme_events_list'><li><span class=\"bold border-bottom\">11. Juni 2026 <\/span><br \/> <a href='https:\/\/www.institut-systeme.de\/html\/events\/komhyp-supervision-coaches-und-beraterinnen-17\/'  title='KomHyp-Supervision - Coaches und BeraterInnen'>KomHyp-Supervision &#8211; Coaches und BeraterInnen<\/a><br \/><\/li><li><span class=\"bold border-bottom\">14. Juli 2026 <\/span><br \/> <a href='https:\/\/www.institut-systeme.de\/html\/events\/kostenfreier-infoabend-das-bonner-ressourcen-modell-konstruktivistische-veraenderungsarbeit-in-psychotherapie-und-coaching\/'  title='Kostenfreier Infoabend: Das Bonner Ressourcen Modell - Konstruktivistische Ver\u00e4nderungsarbeit in Psychotherapie und Coaching'>Kostenfreier Infoabend: Das Bonner Ressourcen Modell &#8211; Konstruktivistische Ver\u00e4nderungsarbeit in Psychotherapie und Coaching<\/a><br \/><\/li><li><span class=\"bold border-bottom\">24. September 2026 <\/span><br \/> <a href='https:\/\/www.institut-systeme.de\/html\/events\/komhyp-supervision-coaches-und-beraterinnen-18\/'  title='KomHyp-Supervision - Coaches und BeraterInnen'>KomHyp-Supervision &#8211; Coaches und BeraterInnen<\/a><br \/><\/li><\/ul>\n<h3>Anwendungsseminare<\/h3>\n<ul class='eme_events_list'><li><span class=\"bold border-bottom\">17. April 2026 <\/span><br \/> <a href='https:\/\/www.institut-systeme.de\/html\/events\/angst-und-phobie-chronische-und-akute-aengste\/'  title='Angst und Phobie - Chronische und akute \u00c4ngste'>Angst und Phobie &#8211; Chronische und akute \u00c4ngste<\/a><br \/><p>Anwendungsseminare <\/p><\/li><li><span class=\"bold border-bottom\">4. Mai 2026 <\/span><br \/> <a href='https:\/\/www.institut-systeme.de\/html\/events\/modul-6-ressourcenerzeugung-in-unterschiedlichen-praxisfeldern-4\/'  title='Modul 6: Ressourcenerzeugung in unterschiedlichen Praxisfeldern'>Modul 6: Ressourcenerzeugung in unterschiedlichen Praxisfeldern<\/a><br \/><p>Anwendungsseminare Bonner Ressourcenmodell Systemisches Coaching &#8211; Ressourcenerzeugende Beratung \/ Ver\u00e4nderungsarbeit <\/p><\/li><li><span class=\"bold border-bottom\">8. Mai 2026 <\/span><br \/> <a href='https:\/\/www.institut-systeme.de\/html\/events\/hypnose-induktionen-in-vielfalt-und-einsatz\/'  title='Hypnose-Induktionen in Vielfalt und Einsatz'>Hypnose-Induktionen in Vielfalt und Einsatz<\/a><br \/><p>Anwendungsseminare <\/p><\/li><\/ul>\n<p><a href=\"https:\/\/www.institut-systeme.de\/html\/termine\/\">zum Terminkalender<\/a><\/p>\n<p>Das Curriculum <strong>\u201eDas Bonner Ressourcen Modell &#8211; Ressourcenerzeugende Beratung und Ver\u00e4nderungsarbeit\u201c <\/strong>besteht aus sechs Seminarmodulen. Seit 2004 vermittelt es j\u00e4hrlich die Konzeption des Bonner Ressourcen Modells. Es fasst kompakt die Essentials f\u00fcr eine konstruktivistische, Ressourcenerzeugende Beratung und Ver\u00e4nderungsarbeit zusammen. Das Bonner Ressourcen Modell besteht aus 3 spezifischen Arbeitsebenen: Da ist einmal die Prozessarbeit, die gebildet wird aus einer ausrichtenden Prozessf\u00fchrung. Dann besteht eine, diese Prozessarbeit individuell anreichernde Schleifen-Arbeit. Eine dritte Arbeitsebene ist die eine Gesamtsituation und das Beratungssystem monitorierende systemische Meta-Arbeit.<\/p>\n<p><strong>Das Bonner Ressourcen Modell geht hypnosystemisch vor und speist sich aus den drei Quellen von Systemischem, L\u00f6sungsorientierten und Ericksonschen Verfahren. Es hat damit die gleiche konstruktivistische Ver\u00e4nderungsphilosophie und das davon abgeleitete Vorgehen zur gemeinsamen Grundlage.<\/strong> Gegenseitig und kombiniert verst\u00e4rken sich diese drei Richtungen hinsichtlich der Ressourcenhebung, der Aktivierung g\u00fcnstiger Selbstorganisation und der Erzeugung neuer Wirklichkeitsorganisation bei den KlientInnen und ihren BeraterInnen. Sie erzeugt\u00a0 Aufmerksamkeits- und Bewusstseinszust\u00e4nde, in denen vorhandene Ressourcen verf\u00fcgbar werden und Neue entstehen. Das ist f\u00fcr die KlientInnen direkt in der Beratung sp\u00fcrbar und wird dort aktiv in Erfahrung gebracht. Bewirkt wird das durch eine individuell bezogene als auch individuell \u00f6ffnende Kommunikation bei angemessen systemisch-kontextueller Betrachtung. Was bei psychologischer Ver\u00e4nderungsarbeit zentral wirkt, ist die Erweiterung der Beobachter-Wirklichkeit erster Ordnung (Fakten) hin zu einer Wirklichkeit zweiter Ordnung (Bedeutungsebene) mit vorhandener Perspektivenvielfalt und Wahloptionen. Dazu tragen konstruktivistische Haltung und Philosophie prinzipiell bei.<\/p>\n<p><strong>Modul 1<\/strong> und <strong>Modul 2<\/strong> sind die ersten Seminare der Reihe, bei denen die Begriffe rund um psychologische Ver\u00e4nderungsarbeit reflektiert werden: Wie entstehen Probleme? Wie werden sie gel\u00f6st? Ver\u00e4nderung bleibt bei all dem ein Geheimnis, da sie komplex geschieht. Wie helfen wir dabei professionell? Dazu gibt es viele Fachantworten mit ihren jeweiligen Implikationen. Professionelle Ver\u00e4nderung hat das zu reflektieren. Viele praktische Hinweise und \u00dcbungen f\u00fchren das vor.<\/p>\n<p>Im <strong>Modul 3, 4, 5<\/strong> werden dann die speziellen 3 konstruktivistischen Verfahren in ihren Essentials vorgestellt mit ihren abgeleiteten Interventionen.<\/p>\n<p><strong>Modul 6<\/strong> f\u00fchrt in berufliche Anwendungsbereiche, Kontexte, gezielte Situationen. Die Module k\u00f6nnen auch einzeln gebucht werden.<\/p>\n<p><strong>Literatur<\/strong><\/p>\n<p>Bamberger, G. G. (2001). L\u00f6sungsorientierte Beratung: Praxishandbuch (2., v\u00f6llig neu bearb. Aufl.). Weinheim: Beltz PVU<br \/>\nLang, A. M. (Hrsg.) (2013). Ressourcen erzeugen im Wirtschaftskontext. Berlin: Deutscher Psychologen Verlag GmbH<br \/>\nLieb, H. (2009) So hab ich das noch nie gesehen. Heidelberg: Carl Auer Verlag<br \/>\nWatzlawick, P., Nardone, G. (Hrsg.). (2001). Kurzzeittherapie und Wirklichkeit: Eine Einf\u00fchrung. M\u00fcnchen: Piper<br \/>\nZeitschrift: LO. Lernende Organisation. Zeitschrift f\u00fcr systemisches Management und Organisation. Verlag Systemisches Management<br \/>\nWeitere Literaturangaben in den jeweiligen Seminaren<\/p>\n","protected":false},"excerpt":{"rendered":"<p><a class=\"ninja_pages_read_more\"  href=\"https:\/\/www.institut-systeme.de\/html\/weiterbildung-meg-dgfs\/systemische-weiterbildung-dgfs\/ressourcenerzeugende-beratung-nach-dem-bonner-ressourcenmodell\/\"><\/a><\/p>\n","protected":false},"author":1,"featured_media":0,"parent":109,"menu_order":1,"comment_status":"closed","ping_status":"closed","template":"","meta":{"footnotes":""},"class_list":["post-111","page","type-page","status-publish","hentry"],"aioseo_notices":[],"_links":{"self":[{"href":"https:\/\/www.institut-systeme.de\/html\/wp-json\/wp\/v2\/pages\/111","targetHints":{"allow":["GET"]}}],"collection":[{"href":"https:\/\/www.institut-systeme.de\/html\/wp-json\/wp\/v2\/pages"}],"about":[{"href":"https:\/\/www.institut-systeme.de\/html\/wp-json\/wp\/v2\/types\/page"}],"author":[{"embeddable":true,"href":"https:\/\/www.institut-systeme.de\/html\/wp-json\/wp\/v2\/users\/1"}],"replies":[{"embeddable":true,"href":"https:\/\/www.institut-systeme.de\/html\/wp-json\/wp\/v2\/comments?post=111"}],"version-history":[{"count":28,"href":"https:\/\/www.institut-systeme.de\/html\/wp-json\/wp\/v2\/pages\/111\/revisions"}],"predecessor-version":[{"id":3773,"href":"https:\/\/www.institut-systeme.de\/html\/wp-json\/wp\/v2\/pages\/111\/revisions\/3773"}],"up":[{"embeddable":true,"href":"https:\/\/www.institut-systeme.de\/html\/wp-json\/wp\/v2\/pages\/109"}],"wp:attachment":[{"href":"https:\/\/www.institut-systeme.de\/html\/wp-json\/wp\/v2\/media?parent=111"}],"curies":[{"name":"wp","href":"https:\/\/api.w.org\/{rel}","templated":true}]}}