{"id":11,"date":"2017-07-25T14:46:38","date_gmt":"2017-07-25T12:46:38","guid":{"rendered":"https:\/\/www.institut-systeme.de\/html?page_id=11"},"modified":"2018-12-03T12:29:10","modified_gmt":"2018-12-03T11:29:10","slug":"aml-institute","status":"publish","type":"page","link":"https:\/\/www.institut-systeme.de\/html\/aml-institute\/","title":{"rendered":"AML Institute Bonn: AML Institut Systeme &#038; Milton Erickson Institut Bonn"},"content":{"rendered":"<ul>\n<li>Seit 1995 Systemische Kompetenz im AML Institut Systeme; zertifiziertes Mitgliedsinstitut der DGSF<\/li>\n<li>Seit 1999 Hypno-Kompetenz im Milton Erickson Institut M.E.G., Regionalstelle der M.E.G.<\/li>\n<li>Kammer Akkreditierung der PT-Kammer NRW<\/li>\n<\/ul>\n<p>Die beiden Institute verbinden fundiert realisiert die Hypnosystemische Klammer. Dies in der Psychotherapiepraxis, im Coaching und in den Weiterbildungen. Hier entstand das \u201eBonner Ressourcen Modell\u201c.<\/p>\n<p><strong>Weiterbildungss\u00e4ule<\/strong>: Mit hypnosystemischer Kompetenz werden sowohl<\/p>\n<ul>\n<li>Die DGSF zertifizierte Weiterbildung \u201eSystemisches Coaching\u201c<\/li>\n<li>Wie auch die Weiterbildung \u201eRessourcen fokussierte Ver\u00e4nderungsarbeit\u201c gestaltet.<\/li>\n<li>Unsere 4 Hypnose-\/Hypnotherapie-Weiterbildungen profitieren davon.<\/li>\n<\/ul>\n<p><strong>Konsultationsbereiche:<\/strong> Diese Kompetenz kommt Ihnen in allen Konsultationss\u00e4ulen zu Gute<\/p>\n<ul>\n<li>Hypnotherapie bzw. Hypno-Coaching wird von Systemischer Sichtweise nachhaltig verst\u00e4rkt<\/li>\n<li>Systemisches Vorgehen wird mit einer Hypnosuggestiven Fundierung verst\u00e4rkt<\/li>\n<li>Sie finden hier alle wichtigen psychologischen Verfahren<\/li>\n<\/ul>\n","protected":false},"excerpt":{"rendered":"<p>In unseren Instituten bereichern sich Theorie und Praxis gegenseitig. F\u00fcr Sie hei\u00dft das, dass Sie fachliche Unterst\u00fctzung auf neuestem Stand erhalten.<\/p>\n<p>Die beiden AML Institute, die Mitgliedsinstitute zweiter Fachgesellschaften sind, befruchten sich dabei mit systemischer und ericksonscher Ver\u00e4nderungsarbeit gegenseitig.<\/p>\n","protected":false},"author":1,"featured_media":242,"parent":0,"menu_order":5,"comment_status":"closed","ping_status":"closed","template":"","meta":{"footnotes":""},"class_list":["post-11","page","type-page","status-publish","has-post-thumbnail","hentry"],"aioseo_notices":[],"_links":{"self":[{"href":"https:\/\/www.institut-systeme.de\/html\/wp-json\/wp\/v2\/pages\/11","targetHints":{"allow":["GET"]}}],"collection":[{"href":"https:\/\/www.institut-systeme.de\/html\/wp-json\/wp\/v2\/pages"}],"about":[{"href":"https:\/\/www.institut-systeme.de\/html\/wp-json\/wp\/v2\/types\/page"}],"author":[{"embeddable":true,"href":"https:\/\/www.institut-systeme.de\/html\/wp-json\/wp\/v2\/users\/1"}],"replies":[{"embeddable":true,"href":"https:\/\/www.institut-systeme.de\/html\/wp-json\/wp\/v2\/comments?post=11"}],"version-history":[{"count":10,"href":"https:\/\/www.institut-systeme.de\/html\/wp-json\/wp\/v2\/pages\/11\/revisions"}],"predecessor-version":[{"id":1281,"href":"https:\/\/www.institut-systeme.de\/html\/wp-json\/wp\/v2\/pages\/11\/revisions\/1281"}],"wp:featuredmedia":[{"embeddable":true,"href":"https:\/\/www.institut-systeme.de\/html\/wp-json\/wp\/v2\/media\/242"}],"wp:attachment":[{"href":"https:\/\/www.institut-systeme.de\/html\/wp-json\/wp\/v2\/media?parent=11"}],"curies":[{"name":"wp","href":"https:\/\/api.w.org\/{rel}","templated":true}]}}